{"id":64,"date":"2012-09-21T10:33:35","date_gmt":"2012-09-21T09:33:35","guid":{"rendered":"http:\/\/www.crfj.org\/?page_id=64"},"modified":"2025-12-16T14:48:30","modified_gmt":"2025-12-16T13:48:30","slug":"israel-contemporain-societe-etat-normes-pratiques-fractures-et-frontieres","status":"publish","type":"page","link":"https:\/\/www.crfj.org\/en\/israel-contemporain-societe-etat-normes-pratiques-fractures-et-frontieres\/","title":{"rendered":"Isra\u00ebl contemporain\u00a0: soci\u00e9t\u00e9, \u00c9tat, normes, pratiques, fractures et fronti\u00e8res"},"content":{"rendered":"<p><span style=\"color: #993300;\"><strong>Axe 1 &#8211; ISRA\u00cbL CONTEMPORAIN : SOCI\u00c9T\u00c9, \u00c9TAT, NORMES, PRATIQUES, FRACTURES ET FRONTI\u00c8RES<\/strong><\/span><\/p>\n<p style=\"text-align: justify;\">Isra\u00ebl est une soci\u00e9t\u00e9 neuve, changeante, diverse, ouverte et d\u00e9velopp\u00e9e, multiethnique et multiconfessionnelle, perm\u00e9able aux ph\u00e9nom\u00e8nes transnationaux, bien que ces r\u00e9alit\u00e9s soient souvent inaper\u00e7ues en raison de l\u2019urgence que l\u2019actualit\u00e9 fait peser sur leur intelligibilit\u00e9. Cette actualit\u00e9, qu\u2019il s\u2019agisse des guerres avec les autres pays du Proche-Orient depuis 1948, des relations avec les Palestiniens de Cisjordanie et de Gaza, des conflits politiques internes \u00e0 la soci\u00e9t\u00e9 isra\u00e9lienne, notamment eu \u00e9gard \u00e0 la situation des Arabes et d\u2019autres minorit\u00e9s, ou encore du processus de colonisation dans les Territoires palestiniens, scl\u00e9rose souvent l\u2019analyse et brutalise les mots qui servent \u00e0 la compr\u00e9hension des situations. C\u2019est pourquoi le CRFJ encourage et soutient toutes les recherches en histoire et sciences sociales du contemporain, telles que la sociologie, l\u2019anthropologie, la g\u00e9ographie, l\u2019\u00e9conomie, la d\u00e9mographie, les sciences politiques et juridiques, les \u00e9tudes \u00e9lectorales, les \u00e9tudes de genre, les sciences de l\u2019\u00e9ducation et de la communication, les \u00e9tudes litt\u00e9raires, l\u2019histoire intellectuelle et l\u2019histoire de la recherche, les \u00e9tudes philosophiques et esth\u00e9tiques, d\u00e8s lors qu\u2019elles visent, par l\u2019observation et l\u2019enqu\u00eate, \u00e0 mettre en lumi\u00e8re la diversit\u00e9 et la complexit\u00e9 de cette soci\u00e9t\u00e9, et \u00e0 renouveler la documentation et la compr\u00e9hension du pr\u00e9sent. Eu \u00e9gard \u00e0 la diversit\u00e9 de la soci\u00e9t\u00e9 isra\u00e9lienne, les \u00e9tudes sur les minorit\u00e9s, en particulier arabe, les migrations juives et non juives, la dimension transnationale de la soci\u00e9t\u00e9 isra\u00e9lienne, les diff\u00e9rentes formes de juda\u00efsme, d\u2019islam et de christianisme, les nouvelles religiosit\u00e9 et identit\u00e9s, ainsi que les fronti\u00e8res, imbrications et conflictualit\u00e9s entre territoires isra\u00e9lien et palestinien et l\u2019impact des conflits sur la soci\u00e9t\u00e9 isra\u00e9lienne, sont particuli\u00e8rement encourag\u00e9es.<\/p>\n<p style=\"text-align: justify;\">","protected":false},"excerpt":{"rendered":"<p>Axe 1 &#8211; ISRA\u00cbL CONTEMPORAIN : SOCI\u00c9T\u00c9, \u00c9TAT, NORMES, PRATIQUES, FRACTURES ET FRONTI\u00c8RES Isra\u00ebl est une soci\u00e9t\u00e9 neuve, changeante, diverse, ouverte et d\u00e9velopp\u00e9e, multiethnique et multiconfessionnelle, perm\u00e9able aux ph\u00e9nom\u00e8nes transnationaux, bien que ces r\u00e9alit\u00e9s soient souvent inaper\u00e7ues en raison de l\u2019urgence que l\u2019actualit\u00e9 fait peser sur leur intelligibilit\u00e9. Cette actualit\u00e9, qu\u2019il s\u2019agisse des guerres avec les [&hellip;]<\/p>","protected":false},"author":2,"featured_media":0,"parent":0,"menu_order":0,"comment_status":"closed","ping_status":"closed","template":"","meta":[],"_links":{"self":[{"href":"https:\/\/www.crfj.org\/en\/wp-json\/wp\/v2\/pages\/64"}],"collection":[{"href":"https:\/\/www.crfj.org\/en\/wp-json\/wp\/v2\/pages"}],"about":[{"href":"https:\/\/www.crfj.org\/en\/wp-json\/wp\/v2\/types\/page"}],"author":[{"embeddable":true,"href":"https:\/\/www.crfj.org\/en\/wp-json\/wp\/v2\/users\/2"}],"replies":[{"embeddable":true,"href":"https:\/\/www.crfj.org\/en\/wp-json\/wp\/v2\/comments?post=64"}],"version-history":[{"count":23,"href":"https:\/\/www.crfj.org\/en\/wp-json\/wp\/v2\/pages\/64\/revisions"}],"predecessor-version":[{"id":17602,"href":"https:\/\/www.crfj.org\/en\/wp-json\/wp\/v2\/pages\/64\/revisions\/17602"}],"wp:attachment":[{"href":"https:\/\/www.crfj.org\/en\/wp-json\/wp\/v2\/media?parent=64"}],"curies":[{"name":"wp","href":"https:\/\/api.w.org\/{rel}","templated":true}]}}