{"id":58,"date":"2012-09-21T10:31:20","date_gmt":"2012-09-21T09:31:20","guid":{"rendered":"http:\/\/www.crfj.org\/?page_id=58"},"modified":"2025-12-16T14:50:21","modified_gmt":"2025-12-16T13:50:21","slug":"cultures-textuelles-iconographiques-materielles-et-immaterielles-de-lage-du-fer-a-l-epoque-mandataire","status":"publish","type":"page","link":"https:\/\/www.crfj.org\/en\/cultures-textuelles-iconographiques-materielles-et-immaterielles-de-lage-du-fer-a-l-epoque-mandataire\/","title":{"rendered":"Cultures textuelles, iconographiques, mat\u00e9rielles et immat\u00e9rielles\u00a0: de l\u2019\u00e2ge du Fer \u00e0 l\u2019\u00e9poque mandataire"},"content":{"rendered":"<p><span style=\"color: #993300;\"><strong>Axe 2 &#8211; CULTURES TEXTUELLES, ICONOGRAPHIQUES, MAT\u00c9RIELLES ET IMMAT\u00c9RIELLES&nbsp;: DE L\u2019\u00c2GE DU FER \u00c0 L\u2019\u00c9POQUE MANDATAIRE<\/strong><\/span><\/p>\n<p style=\"text-align : justify ;\">Le Levant Sud a \u00e9t\u00e9 le point de rencontre des grandes civilisations de l\u2019Antiquit\u00e9 (\u00e9gyptienne, hittite, m\u00e9sopotamienne), le berceau du d\u00e9veloppement des royaumes d\u2019Isra\u00ebl et de Judah, le point d\u2019origine de la diaspora juive, le foyer du christianisme et du juda\u00efsme rabbinique. Situ\u00e9 aux fronti\u00e8res des mondes grec et arabe durant le Moyen \u00c2ge, il fut un horizon et une projection du juda\u00efsme diasporique, de l\u2019Islam et de la Chr\u00e9tient\u00e9, \u00e0 la crois\u00e9e des h\u00e9g\u00e9monies islamique, latine et mongole. Devenu au XVIe si\u00e8cle province ottomane, il fut en m\u00eame temps un joyau de l\u2019Empire et une p\u00e9riph\u00e9rie, et devint \u00e0 partir du XIXe si\u00e8cle le sujet d\u2019une conscience mondialis\u00e9e et l\u2019objet du projet sioniste. Produit de multiples g\u00e9ographies r\u00eav\u00e9es et conflictuelles, d\u2019acteurs locaux et d\u2019enjeux globaux, l\u2019histoire du Levant Sud et de la Palestine a \u00e9t\u00e9, depuis les r\u00e9cits bibliques et jusqu\u2019\u00e0 nos jours, fruit de contradictions, de recouvrements, d\u2019appropriations, de r\u00e9\u00e9critures. Les textes de toutes natures, les sources iconographiques de toutes natures, les vestiges arch\u00e9ologiques, y compris l\u2019urbanisme et le b\u00e2ti, et les documents immat\u00e9riels de toutes natures, telles que les traditions culturelles et les m\u00e9moires, permettent d\u2019approcher, de fa\u00e7on forc\u00e9ment pluridisciplinaire, cette histoire longue et heurt\u00e9e. Le CRFJ accompagne et accueille les travaux individuels et collectifs issus d\u2019approches de recherche vari\u00e9es (macro- et micro-histoire, \u00e9tude textuelle, philologique et litt\u00e9raire, \u00e9tude archivistique et diplomatique, \u00e9tude \u00e9pigraphique, arch\u00e9ologie biblique, antique et m\u00e9di\u00e9vale, arch\u00e9ologie des techniques, anthropologie et sociologie historique, etc.). Sont encourag\u00e9es, par exemple, les \u00e9tudes sur l\u2019histoire des Juifs et du juda\u00efsme en diaspora et au Levant durant les p\u00e9riodes m\u00e9di\u00e9vale et moderne, l\u2019histoire de l\u2019Islam au Levant Sud, l\u2019histoire des \u00e9tablissements crois\u00e9s, les \u00e9tudes sur les circulations mat\u00e9rielles et techniques \u00e0 l\u2019\u00e9chelle du bassin m\u00e9diterran\u00e9en, les interactions entre la r\u00e9gion et les juda\u00efsmes et chr\u00e9tient\u00e9s d\u2019Afrique, ou encore l\u2019histoire de J\u00e9rusalem et des communaut\u00e9s de la ville depuis l\u2019Antiquit\u00e9 jusqu\u2019aux \u00e9poques ottomane et mandataire.<\/p>","protected":false},"excerpt":{"rendered":"<p>Axe 2 &#8211; CULTURES TEXTUELLES, ICONOGRAPHIQUES, MAT\u00c9RIELLES ET IMMAT\u00c9RIELLES&nbsp;: DE L\u2019\u00c2GE DU FER \u00c0 L\u2019\u00c9POQUE MANDATAIRE Le Levant Sud a \u00e9t\u00e9 le point de rencontre des grandes civilisations de l\u2019Antiquit\u00e9 (\u00e9gyptienne, hittite, m\u00e9sopotamienne), le berceau du d\u00e9veloppement des royaumes d\u2019Isra\u00ebl et de Judah, le point d\u2019origine de la diaspora juive, le foyer du christianisme et du [&hellip;]<\/p>","protected":false},"author":2,"featured_media":0,"parent":0,"menu_order":0,"comment_status":"closed","ping_status":"closed","template":"","meta":[],"_links":{"self":[{"href":"https:\/\/www.crfj.org\/en\/wp-json\/wp\/v2\/pages\/58"}],"collection":[{"href":"https:\/\/www.crfj.org\/en\/wp-json\/wp\/v2\/pages"}],"about":[{"href":"https:\/\/www.crfj.org\/en\/wp-json\/wp\/v2\/types\/page"}],"author":[{"embeddable":true,"href":"https:\/\/www.crfj.org\/en\/wp-json\/wp\/v2\/users\/2"}],"replies":[{"embeddable":true,"href":"https:\/\/www.crfj.org\/en\/wp-json\/wp\/v2\/comments?post=58"}],"version-history":[{"count":19,"href":"https:\/\/www.crfj.org\/en\/wp-json\/wp\/v2\/pages\/58\/revisions"}],"predecessor-version":[{"id":17583,"href":"https:\/\/www.crfj.org\/en\/wp-json\/wp\/v2\/pages\/58\/revisions\/17583"}],"wp:attachment":[{"href":"https:\/\/www.crfj.org\/en\/wp-json\/wp\/v2\/media?parent=58"}],"curies":[{"name":"wp","href":"https:\/\/api.w.org\/{rel}","templated":true}]}}