{"id":17672,"date":"2020-02-26T15:16:13","date_gmt":"2020-02-26T14:16:13","guid":{"rendered":"http:\/\/www.crfj.org\/?page_id=17672"},"modified":"2025-02-26T14:16:32","modified_gmt":"2025-02-26T13:16:32","slug":"baudouin-dupret","status":"publish","type":"page","link":"https:\/\/www.crfj.org\/en\/baudouin-dupret\/","title":{"rendered":"Baudouin Dupret"},"content":{"rendered":"<p><strong>Baudouin DUPRET<\/strong><\/p>\n<p style=\"text-align: justify;\"><strong>Politiste, prax\u00e9ologie du droit au Proche-Orient et dans les mondes musulmans<\/strong><\/p>\n<p style=\"text-align: justify;\">Dipl\u00f4m\u00e9 en droit, islamologie et science politique, Baudouin Dupret est directeur de recherche (DR1) au Centre national de la recherche scientifique (CNRS), en poste dans le laboratoire Les Afriques dans le Monde (LAM) de Science Po Bordeaux jusqu\u2019\u00e0 son affectation au CRFJ. Il est \u00e9galement professeur invit\u00e9 \u00e0 l\u2019Universit\u00e9 catholique de Louvain. Il a co\u00e9dit\u00e9 plusieurs ouvrages, dont <em>Law At Work<\/em> (Oxford University Press, 2015), <em>State Law and Legal Positivism<\/em> (Brill, 2021) et <em>Droits et soci\u00e9t\u00e9s du Maghreb et d\u2019ailleurs<\/em> (Karthala, 2023). Il est l\u2019auteur ou coauteur de plusieurs livres, dont<em> Le Jugement en action<\/em> (Droz, 2006&nbsp;; traduit en anglais),<em> Practices of Truth<\/em> (Benjamins, 2011), <em>La Charia<\/em> (La D\u00e9couverte, 2014&nbsp;; traduit en castillan, anglais et arabe) et <em>Positive Law from the Muslim World <\/em>(Cambridge U.P., 2021).<\/p>\n<p style=\"text-align: justify;\">Ses travaux s\u2019inscrivent dans une d\u00e9marche anthropologique sur le droit et les normes, et portent principalement sur les soci\u00e9t\u00e9s musulmanes d\u2019Afrique et d\u2019Asie. Au fil de son parcours, s\u2019est dessin\u00e9e une r\u00e9flexion dans laquelle le droit, dans sa complexit\u00e9 contextuelle, s\u2019impose comme un objet d\u2019\u00e9tude ins\u00e9parable des contextes institutionnels, professionnels et sociaux dans lequel il s\u2019inscrit, ainsi que des pratiques par lesquelles le travail juridique s\u2019accomplit (une approche d\u00e8s lors \u00ab&nbsp;prax\u00e9ologique&nbsp;\u00bb). Alors que les \u00e9tudes juridiques sont marqu\u00e9es par une tendance formaliste et dogmatique, son regard sur le droit s\u2019est efforc\u00e9 de plonger dans ce que Bruno Latour a appel\u00e9 \u00ab&nbsp;la fabrique du droit&nbsp;\u00bb, sur des terrains men\u00e9s, entre autres, en \u00c9gypte, en Syrie et au Maroc. Cette immersion dans le droit en action trouve un prolongement dans le projet JORDIN (Agence nationale de la recherche), qui s\u2019attelle \u00e0 la compr\u00e9hension de la justice ordinaire dans un contexte extraordinaire&nbsp;: J\u00e9rusalem. Ville o\u00f9 s\u2019entrecroisent histoires, droits et juridictions, J\u00e9rusalem incarne une mosa\u00efque juridique o\u00f9 coexistent et s\u2019affrontent diverses traditions normatives. L\u2019\u00e9tude vise ainsi \u00e0 cartographier cet enchev\u00eatrement juridique, \u00e0 en retracer les origines et \u00e0 en examiner les implications pratiques, notamment dans les domaines du droit du statut personnel et du droit foncier. Le projet porte sur une r\u00e9alit\u00e9 o\u00f9 la fragmentation juridique peut \u00eatre \u00e9rig\u00e9e en instrument de pouvoir. Loin d\u2019\u00eatre un simple h\u00e9ritage du pass\u00e9, elle est aliment\u00e9e par des politiques contemporaines d\u2019expropriation et d\u2019accaparement. La diversit\u00e9 des r\u00e9gimes fonciers devient le terrain d\u2019une reconfiguration d\u00e9mographique et territoriale, tandis que la pluralit\u00e9 des tribunaux religieux renforce une logique d\u2019appartenance communautaire relativement rigide.<\/p>\n<p style=\"text-align: justify;\">\u00c0 travers son approche prax\u00e9ologique, combinant ethnographie et analyse historique, Baudouin Dupret entend \u00e9clairer les tensions entre droit positif et pratiques locales, entre normes impos\u00e9es et arrangements quotidiens. Dans cet espace o\u00f9 le multiculturalisme juridique masque parfois des formes d\u2019in\u00e9galit\u00e9 structurelle, il s\u2019agit moins d\u2019\u00e9noncer des principes abstraits que de saisir, au plus pr\u00e8s des acteurs, comment le droit est v\u00e9cu et pratiqu\u00e9, et donc parfois contourn\u00e9 ou instrumentalis\u00e9.<\/p>","protected":false},"excerpt":{"rendered":"<p>Baudouin DUPRET Politiste, prax\u00e9ologie du droit au Proche-Orient et dans les mondes musulmans Dipl\u00f4m\u00e9 en droit, islamologie et science politique, Baudouin Dupret est directeur de recherche (DR1) au Centre national de la recherche scientifique (CNRS), en poste dans le laboratoire Les Afriques dans le Monde (LAM) de Science Po Bordeaux jusqu\u2019\u00e0 son affectation au CRFJ. Il [&hellip;]<\/p>","protected":false},"author":2,"featured_media":0,"parent":0,"menu_order":0,"comment_status":"closed","ping_status":"closed","template":"","meta":[],"_links":{"self":[{"href":"https:\/\/www.crfj.org\/en\/wp-json\/wp\/v2\/pages\/17672"}],"collection":[{"href":"https:\/\/www.crfj.org\/en\/wp-json\/wp\/v2\/pages"}],"about":[{"href":"https:\/\/www.crfj.org\/en\/wp-json\/wp\/v2\/types\/page"}],"author":[{"embeddable":true,"href":"https:\/\/www.crfj.org\/en\/wp-json\/wp\/v2\/users\/2"}],"replies":[{"embeddable":true,"href":"https:\/\/www.crfj.org\/en\/wp-json\/wp\/v2\/comments?post=17672"}],"version-history":[{"count":2,"href":"https:\/\/www.crfj.org\/en\/wp-json\/wp\/v2\/pages\/17672\/revisions"}],"predecessor-version":[{"id":17674,"href":"https:\/\/www.crfj.org\/en\/wp-json\/wp\/v2\/pages\/17672\/revisions\/17674"}],"wp:attachment":[{"href":"https:\/\/www.crfj.org\/en\/wp-json\/wp\/v2\/media?parent=17672"}],"curies":[{"name":"wp","href":"https:\/\/api.w.org\/{rel}","templated":true}]}}