{"id":16020,"date":"2020-09-07T15:30:00","date_gmt":"2020-09-07T13:30:00","guid":{"rendered":"http:\/\/www.crfj.org\/?page_id=16020"},"modified":"2025-01-20T09:10:36","modified_gmt":"2025-01-20T08:10:36","slug":"caroline-taieb","status":"publish","type":"page","link":"https:\/\/www.crfj.org\/en\/caroline-taieb\/","title":{"rendered":"Caroline Ta\u00efeb"},"content":{"rendered":"<p><strong>Caroline Ta\u00efeb<\/strong><\/p>\n<p style=\"text-align: justify;\">Dans le cadre de sa th\u00e8se, <strong>Caroline Ta\u00efeb<\/strong> a men\u00e9 une enqu\u00eate sociologique qualitative et quantitative au Japon, en japonais, aupr\u00e8s des burakumin (un groupe social discrimin\u00e9) et des non-burakumin. Elle a aussi r\u00e9alis\u00e9 des entretiens avec des militants de la Ligue de lib\u00e9ration des buraku, des universitaires et des travailleurs sociaux. Les mat\u00e9riaux recueillis ont \u00e9t\u00e9 analys\u00e9s en s\u2019appuyant sur une bibliographie en langue japonaise, fran\u00e7aise et anglaise relative aux questions de racisme et de discrimination. Malgr\u00e9 la mise en place de mesures de discrimination positive par le gouvernement japonais et les actions militantes de la Ligue de lib\u00e9ration des buraku, l\u2019objectif de cette recherche &#8211; de grande envergure &#8211; \u00e9tait de comprendre comment la discrimination et la stigmatisation se maintenaient au fil des si\u00e8cles. Tout au long de sa th\u00e8se, Caroline Ta\u00efeb met en lien la situation des burakumin au Japon avec d\u2019autres groupes minoritaires discrimin\u00e9s dans le<br \/>\nmonde. Son travail montre les fortes similitudes du m\u00e9canisme discriminatoire dans des soci\u00e9t\u00e9s \u00e9loign\u00e9es g\u00e9ographiquement. En prenant comme exemple le cas du Japon, elle d\u00e9montre le m\u00e9canisme universel de ce processus, qui op\u00e8re selon les m\u00eames logiques et produit les m\u00eames effets sur les personnes concern\u00e9es.<\/p>\n<p style=\"text-align: justify;\">\nRattach\u00e9e au CERI (Paris) et au CRFJ pour l\u2019ann\u00e9e acad\u00e9mique 2024-2025, Caroline Ta\u00efeb poursuit et d\u00e9place ses r\u00e9flexions sur les modalit\u00e9s de l\u2019engagement. Dans le cadre d\u2019une ann\u00e9e de post-doctorat, elle m\u00e8ne, en France et en Isra\u00ebl, une enqu\u00eate sociologique qualitative<br \/>\naupr\u00e8s des membres de la communaut\u00e9 juive, en abordant plusieurs th\u00e9matiques visant \u00e0 mieux appr\u00e9hender la condition juive dans le contexte post-7 octobre 2023. Partant d\u2019une r\u00e9flexion sur la jud\u00e9it\u00e9, elle cherche \u00e0 comprendre la force de la foi spirituelle des Juifs qui mod\u00e8le leur vision du monde, leur attachement \u00e0 Isra\u00ebl et les ressorts de leur engagement. Elle<br \/>\ns\u2019int\u00e9resse aussi \u00e0 leur int\u00e9gration au sein des soci\u00e9t\u00e9s dans lesquelles ils vivent, en interrogeant ceux qui sont partis (vers Isra\u00ebl) et ceux qui sont rest\u00e9s. Enfin, le regard qu\u2019ils portent sur le conflit isra\u00e9lo-palestinien sera un aspect \u00e9tudi\u00e9. Il s\u2019agira de donner la parole \u00e0 plusieurs profils d\u2019enqu\u00eat\u00e9s sans consid\u00e9ration d\u2019\u00e2ge ou de genre.<\/p>\n<p style=\"text-align: justify;\"><strong>Caroline TA\u00cfEB<\/strong><br \/>\nSociologie de l\u2019engagement des Juifs apr\u00e8s le 7 octobre, entre la France et Isra\u00ebl.<\/p>","protected":false},"excerpt":{"rendered":"<p>Caroline Ta\u00efeb Dans le cadre de sa th\u00e8se, Caroline Ta\u00efeb a men\u00e9 une enqu\u00eate sociologique qualitative et quantitative au Japon, en japonais, aupr\u00e8s des burakumin (un groupe social discrimin\u00e9) et des non-burakumin. Elle a aussi r\u00e9alis\u00e9 des entretiens avec des militants de la Ligue de lib\u00e9ration des buraku, des universitaires et des travailleurs sociaux. Les mat\u00e9riaux [&hellip;]<\/p>","protected":false},"author":2,"featured_media":0,"parent":0,"menu_order":0,"comment_status":"closed","ping_status":"closed","template":"","meta":[],"_links":{"self":[{"href":"https:\/\/www.crfj.org\/en\/wp-json\/wp\/v2\/pages\/16020"}],"collection":[{"href":"https:\/\/www.crfj.org\/en\/wp-json\/wp\/v2\/pages"}],"about":[{"href":"https:\/\/www.crfj.org\/en\/wp-json\/wp\/v2\/types\/page"}],"author":[{"embeddable":true,"href":"https:\/\/www.crfj.org\/en\/wp-json\/wp\/v2\/users\/2"}],"replies":[{"embeddable":true,"href":"https:\/\/www.crfj.org\/en\/wp-json\/wp\/v2\/comments?post=16020"}],"version-history":[{"count":10,"href":"https:\/\/www.crfj.org\/en\/wp-json\/wp\/v2\/pages\/16020\/revisions"}],"predecessor-version":[{"id":17561,"href":"https:\/\/www.crfj.org\/en\/wp-json\/wp\/v2\/pages\/16020\/revisions\/17561"}],"wp:attachment":[{"href":"https:\/\/www.crfj.org\/en\/wp-json\/wp\/v2\/media?parent=16020"}],"curies":[{"name":"wp","href":"https:\/\/api.w.org\/{rel}","templated":true}]}}