{"id":13553,"date":"2019-11-19T09:26:32","date_gmt":"2019-11-19T08:26:32","guid":{"rendered":"http:\/\/www.crfj.org\/?page_id=13553"},"modified":"2019-11-19T09:26:32","modified_gmt":"2019-11-19T08:26:32","slug":"appel-a-candidatures","status":"publish","type":"page","link":"https:\/\/www.crfj.org\/en\/appel-a-candidatures\/","title":{"rendered":"Appel \u00e0 candidatures"},"content":{"rendered":"<p style=\"text-align: justify;\"><strong><em>AIDES \u00c0 LA MOBILIT\u00c9 internationale<\/em><\/strong><\/p>\n<p style=\"text-align: justify;\"><strong><em>POUR DOCTORANTS ET POST-DOCTORANTS <\/em><\/strong><\/p>\n<p style=\"text-align: justify;\"><strong>APPEL \u00c0 CANDIDATURES <\/strong><strong><em>2020-2021<\/em><\/strong><\/p>\n<p style=\"text-align: justify;\"><strong>A partir du 1<sup>er<\/sup> octobre 2020<\/strong><\/p>\n<p style=\"text-align: justify;\">Le Centre de Recherche Fran\u00e7ais \u00e0 J\u00e9rusalem lance un appel \u00e0 candidatures pour des aides \u00e0 la mobilit\u00e9 internationale pour doctorants et post-doctorants (AMI) dans les disciplines suivantes\u00a0:<\/p>\n<ul style=\"text-align: justify;\">\n<li>arch\u00e9ologie, pr\u00e9histoire<\/li>\n<li>histoire, sciences des religions, philosophie, linguistique<\/li>\n<li>anthropologie, sociologie, sciences politiques<\/li>\n<li>g\u00e9ographie, architecture, urbanisme<\/li>\n<\/ul>\n<p style=\"text-align: justify;\">Les projets de recherche devront porter sur le pass\u00e9 ou le pr\u00e9sent de l&rsquo;espace isra\u00e9lo-palestinien et faire appara\u00eetre la n\u00e9cessit\u00e9 d&rsquo;un s\u00e9jour sur place : travail de terrain, enqu\u00eates, ressources documentaires. L\u2019ad\u00e9quation des projets avec les axes de recherche du CRFJ, dont la pr\u00e9sentation est disponible sur son site internet, est un crit\u00e8re d\u00e9terminant.<\/p>\n<p style=\"text-align: justify;\">Les candidatures seront examin\u00e9es par le conseil scientifique du CRFJ au printemps 2020.<\/p>\n<p style=\"text-align: justify;\">Les AMI seront attribu\u00e9es pour une dur\u00e9e de 2 \u00e0 6 mois \u00e9ventuellement renouvelable l&rsquo;ann\u00e9e suivante. Il convient de pr\u00e9ciser la dur\u00e9e du s\u00e9jour souhait\u00e9e et s\u2019il est d\u2019ores et d\u00e9j\u00e0 envisag\u00e9 de planifier un second s\u00e9jour (l\u2019aide \u00e9tant en effet, sous r\u00e9serve de l\u2019examen d\u2019une nouvelle demande, \u00e9ventuellement renouvelable plusieurs fois).<\/p>\n<p style=\"text-align: justify;\">Les candidats doivent \u00eatre inscrits en doctorat ou \u00eatre titulaire d&rsquo;un doctorat men\u00e9 aupr\u00e8s d\u2019une universit\u00e9 fran\u00e7aise ou de l\u2019Union Europ\u00e9enne (sans crit\u00e8re de nationalit\u00e9).<\/p>\n<p style=\"text-align: justify;\">L\u2019aide consiste en une allocation mensuelle de 1220 euros net et le remboursement d\u2019un billet d\u2019avion entre la r\u00e9sidence administrative du candidat et Isra\u00ebl (sur la base du tarif classe \u00e9conomique le plus avantageux). Le boursier devra assurer par lui-m\u00eame la recherche et le co\u00fbt de son logement \u00e0 J\u00e9rusalem. Il est rappel\u00e9 que l\u2019AMI n\u2019\u00e9tant pas consid\u00e9r\u00e9e comme un salaire, elle n\u2019ouvre droit ni aux prestations sociales, ni aux allocations ch\u00f4mage et ne peut \u00eatre prise en compte dans le calcul des droits \u00e0 la retraite. Les boursiers doivent souscrire eux-m\u00eames les assurances n\u00e9cessaires pour r\u00e9sider \u00e0 l\u2019\u00e9tranger, ceci incluant la couverture des d\u00e9penses de sant\u00e9, accidents du travail, rapatriement, etc.<\/p>\n<p style=\"text-align: justify;\">Les candidats seront rattach\u00e9s au CRFJ le temps de leur s\u00e9jour. Ils devront r\u00e9sider \u00e0 J\u00e9rusalem et participer r\u00e9guli\u00e8rement aux activit\u00e9s du Centre (conf\u00e9rences, s\u00e9minaires, colloques, publications, etc.).<\/p>\n<p style=\"text-align: justify;\">Le formulaire du dossier de candidature doit \u00eatre rempli et compl\u00e9t\u00e9 avec toutes les pi\u00e8ces n\u00e9cessaires (lettre de motivation, CV, publications, copie des titres et dipl\u00f4mes, lettres de recommandation, expos\u00e9 d\u00e9taill\u00e9 du projet de recherche) et envoy\u00e9 <strong><u>uniquement<\/u> par voie \u00e9lectronique<\/strong> <strong>avant le 31 janvier 2020 <\/strong>\u00e0 l\u2019adresse suivante\u00a0: <a href=\"mailto:crfj@cnrs.fr\">crfj@cnrs.fr<\/a><\/p>\n<p style=\"text-align: justify;\"><strong><em>Date limite du d\u00e9p\u00f4t des candidatures : 31 janvier 2020<\/em><\/strong><\/p>\n<p>&nbsp;<\/p>\n<p>&nbsp;<\/p>","protected":false},"excerpt":{"rendered":"<p>AIDES \u00c0 LA MOBILIT\u00c9 internationale POUR DOCTORANTS ET POST-DOCTORANTS APPEL \u00c0 CANDIDATURES 2020-2021 A partir du 1er octobre 2020 Le Centre de Recherche Fran\u00e7ais \u00e0 J\u00e9rusalem lance un appel \u00e0 candidatures pour des aides \u00e0 la mobilit\u00e9 internationale pour doctorants et post-doctorants (AMI) dans les disciplines suivantes\u00a0: arch\u00e9ologie, pr\u00e9histoire histoire, sciences des religions, philosophie, linguistique anthropologie, [&hellip;]<\/p>","protected":false},"author":2,"featured_media":13556,"parent":0,"menu_order":0,"comment_status":"closed","ping_status":"closed","template":"","meta":[],"_links":{"self":[{"href":"https:\/\/www.crfj.org\/en\/wp-json\/wp\/v2\/pages\/13553"}],"collection":[{"href":"https:\/\/www.crfj.org\/en\/wp-json\/wp\/v2\/pages"}],"about":[{"href":"https:\/\/www.crfj.org\/en\/wp-json\/wp\/v2\/types\/page"}],"author":[{"embeddable":true,"href":"https:\/\/www.crfj.org\/en\/wp-json\/wp\/v2\/users\/2"}],"replies":[{"embeddable":true,"href":"https:\/\/www.crfj.org\/en\/wp-json\/wp\/v2\/comments?post=13553"}],"version-history":[{"count":3,"href":"https:\/\/www.crfj.org\/en\/wp-json\/wp\/v2\/pages\/13553\/revisions"}],"predecessor-version":[{"id":17395,"href":"https:\/\/www.crfj.org\/en\/wp-json\/wp\/v2\/pages\/13553\/revisions\/17395"}],"wp:featuredmedia":[{"embeddable":true,"href":"https:\/\/www.crfj.org\/en\/wp-json\/wp\/v2\/media\/13556"}],"wp:attachment":[{"href":"https:\/\/www.crfj.org\/en\/wp-json\/wp\/v2\/media?parent=13553"}],"curies":[{"name":"wp","href":"https:\/\/api.w.org\/{rel}","templated":true}]}}