{"id":12046,"date":"2012-09-21T10:10:31","date_gmt":"2012-09-21T09:10:31","guid":{"rendered":"http:\/\/www.crfj.org\/?page_id=35"},"modified":"2025-09-16T15:29:50","modified_gmt":"2025-09-16T13:29:50","slug":"rapports-dactivites","status":"publish","type":"page","link":"https:\/\/www.crfj.org\/en\/rapports-dactivites\/","title":{"rendered":"Rapports d&rsquo;activit\u00e9s"},"content":{"rendered":"<p> <\/p>\n\n\n\n<figure class=\"wp-block-image size-large is-resized\"><a href=\"http:\/\/www.crfj.org\/wp-content\/uploads\/2025\/09\/CRFJ_Rapport-dactivite\u0301-2024_fichier-final.pdf\"><img loading=\"lazy\" src=\"https:\/\/www.crfj.org\/wp-content\/uploads\/2025\/09\/Capture-de\u0301cran-2025-09-16-a\u0300-16.27.43.png\" alt=\"\" class=\"wp-image-17856\" width=\"90\" height=\"121\" srcset=\"https:\/\/www.crfj.org\/wp-content\/uploads\/2025\/09\/Capture-de\u0301cran-2025-09-16-a\u0300-16.27.43-9x12.png 9w, https:\/\/www.crfj.org\/wp-content\/uploads\/2025\/09\/Capture-de\u0301cran-2025-09-16-a\u0300-16.27.43-200x269.png 200w, https:\/\/www.crfj.org\/wp-content\/uploads\/2025\/09\/Capture-de\u0301cran-2025-09-16-a\u0300-16.27.43-223x300.png 223w, https:\/\/www.crfj.org\/wp-content\/uploads\/2025\/09\/Capture-de\u0301cran-2025-09-16-a\u0300-16.27.43.png 358w\" sizes=\"(max-width: 90px) 100vw, 90px\" \/><\/a><\/figure>\n\n\n\n<p class=\"has-text-align-left\">          <\/p>\n\n\n\n<p><a href=\"https:\/\/www.crfj.org\/wp-content\/uploads\/2024\/03\/Rapport-dactivite%CC%81-2023-du-CRFJ_1er-fe%CC%81vrier-2024.pdf\"><img loading=\"lazy\" width=\"125\" height=\"134\" class=\"wp-image-17363\" style=\"width: 150px;\" src=\"http:\/\/www.crfj.org\/wp-content\/uploads\/2024\/03\/Capture-de\u0301cran-2024-03-20-a\u0300-12.04.35-e1710931431164.png\" alt=\"\"><\/a>          <\/p>\n\n\n\n<p class=\"has-text-align-left\"><\/p>\n\n\n\n<p><\/p>\n\n\n\n<div class=\"wp-block-media-text alignwide is-stacked-on-mobile\" style=\"grid-template-columns:21% auto\"><figure class=\"wp-block-media-text__media\"><a href=\"https:\/\/www.crfj.org\/wp-content\/uploads\/2023\/07\/1_Rapport-CRFJ-2022-OK-OK_a%CC%80-mettre-en-ligne.pdf\"><img loading=\"lazy\" width=\"698\" height=\"892\" src=\"http:\/\/www.crfj.org\/wp-content\/uploads\/2023\/07\/Capture-de\u0301cran-2023-07-12-a\u0300-12.08.55-3.png\" alt=\"\" class=\"wp-image-16829 size-full\" srcset=\"https:\/\/www.crfj.org\/wp-content\/uploads\/2023\/07\/Capture-de\u0301cran-2023-07-12-a\u0300-12.08.55-3-9x12.png 9w, https:\/\/www.crfj.org\/wp-content\/uploads\/2023\/07\/Capture-de\u0301cran-2023-07-12-a\u0300-12.08.55-3-200x256.png 200w, https:\/\/www.crfj.org\/wp-content\/uploads\/2023\/07\/Capture-de\u0301cran-2023-07-12-a\u0300-12.08.55-3-235x300.png 235w, https:\/\/www.crfj.org\/wp-content\/uploads\/2023\/07\/Capture-de\u0301cran-2023-07-12-a\u0300-12.08.55-3-400x511.png 400w, https:\/\/www.crfj.org\/wp-content\/uploads\/2023\/07\/Capture-de\u0301cran-2023-07-12-a\u0300-12.08.55-3-600x767.png 600w, https:\/\/www.crfj.org\/wp-content\/uploads\/2023\/07\/Capture-de\u0301cran-2023-07-12-a\u0300-12.08.55-3.png 698w\" sizes=\"(max-width: 698px) 100vw, 698px\" \/><\/a><\/figure><div class=\"wp-block-media-text__content\">\n<p><\/p>\n\n\n\n<p><\/p>\n\n\n\n<p><\/p>\n\n\n\n<p><\/p>\n<\/div><\/div>\n\n\n<p><a href=\"http:\/\/www.crfj.org\/wp-content\/uploads\/2022\/04\/CRFJ-Rapport-Activite\u0301s-2021-FINAL.pdf\"><img loading=\"lazy\" class=\"alignnone size-thumbnail wp-image-15850\" src=\"http:\/\/www.crfj.org\/wp-content\/uploads\/2022\/04\/RA-2021-COUV-OK--150x150.jpg\" alt=\"\" width=\"150\" height=\"150\" srcset=\"https:\/\/www.crfj.org\/wp-content\/uploads\/2022\/04\/RA-2021-COUV-OK--66x66.jpg 66w, https:\/\/www.crfj.org\/wp-content\/uploads\/2022\/04\/RA-2021-COUV-OK--150x150.jpg 150w, https:\/\/www.crfj.org\/wp-content\/uploads\/2022\/04\/RA-2021-COUV-OK--scaled.jpg 1809w\" sizes=\"(max-width: 150px) 100vw, 150px\" \/><\/a><\/p>\n<p><a href=\"http:\/\/www.crfj.org\/wp-content\/uploads\/2021\/03\/Rapport-CRFJ-2020.pdf\"><strong><img loading=\"lazy\" class=\"alignnone size-thumbnail wp-image-14796\" src=\"http:\/\/www.crfj.org\/wp-content\/uploads\/2021\/03\/Capture-de\u0301cran-2021-03-24-a\u0300-16.28.56-150x150.png\" alt=\"\" width=\"150\" height=\"150\" srcset=\"https:\/\/www.crfj.org\/wp-content\/uploads\/2021\/03\/Capture-de\u0301cran-2021-03-24-a\u0300-16.28.56-66x66.png 66w, https:\/\/www.crfj.org\/wp-content\/uploads\/2021\/03\/Capture-de\u0301cran-2021-03-24-a\u0300-16.28.56-150x150.png 150w, https:\/\/www.crfj.org\/wp-content\/uploads\/2021\/03\/Capture-de\u0301cran-2021-03-24-a\u0300-16.28.56.png 533w\" sizes=\"(max-width: 150px) 100vw, 150px\" \/><\/strong><\/a><span style=\"color: #000000;\"> &nbsp;<\/span><\/p>\n<p><img loading=\"lazy\" class=\"alignnone size-thumbnail wp-image-14064\" src=\"http:\/\/www.crfj.org\/wp-content\/uploads\/2020\/07\/Capture-d\u2019e\u0301cran-2020-07-30-a\u0300-1.16.05-PM-150x150.png\" alt=\"\" width=\"150\" height=\"150\" srcset=\"https:\/\/www.crfj.org\/wp-content\/uploads\/2020\/07\/Capture-d\u2019e\u0301cran-2020-07-30-a\u0300-1.16.05-PM-66x66.png 66w, https:\/\/www.crfj.org\/wp-content\/uploads\/2020\/07\/Capture-d\u2019e\u0301cran-2020-07-30-a\u0300-1.16.05-PM-150x150.png 150w, https:\/\/www.crfj.org\/wp-content\/uploads\/2020\/07\/Capture-d\u2019e\u0301cran-2020-07-30-a\u0300-1.16.05-PM.png 542w\" sizes=\"(max-width: 150px) 100vw, 150px\" \/>&nbsp; &nbsp;&nbsp;<a href=\"http:\/\/www.crfj.org\/wp-content\/uploads\/2020\/07\/Rapport-CRFJ-2019.pdf\">Rapport-CRFJ-2019<\/a><\/p>\n<p><img loading=\"lazy\" class=\"alignnone wp-image-13388 size-thumbnail\" src=\"http:\/\/www.crfj.org\/wp-content\/uploads\/2019\/07\/Capture-d\u2019e\u0301cran-2019-07-03-a\u0300-10.49.54-150x150.png\" alt=\"\" width=\"150\" height=\"150\" srcset=\"https:\/\/www.crfj.org\/wp-content\/uploads\/2019\/07\/Capture-d\u2019e\u0301cran-2019-07-03-a\u0300-10.49.54-66x66.png 66w, https:\/\/www.crfj.org\/wp-content\/uploads\/2019\/07\/Capture-d\u2019e\u0301cran-2019-07-03-a\u0300-10.49.54-150x150.png 150w, https:\/\/www.crfj.org\/wp-content\/uploads\/2019\/07\/Capture-d\u2019e\u0301cran-2019-07-03-a\u0300-10.49.54.png 524w\" sizes=\"(max-width: 150px) 100vw, 150px\" \/>&nbsp; &nbsp;<a href=\"https:\/\/www.crfj.org\/en\/rapport-crfj-2018\/\">Rapport d&rsquo;activit\u00e9s 2018<\/a><\/p>\n<p><img loading=\"lazy\" class=\"alignnone wp-image-13284 size-thumbnail\" src=\"http:\/\/www.crfj.org\/wp-content\/uploads\/2019\/05\/Capture-d\u2019e\u0301cran-2019-05-06-a\u0300-15.28.44-150x150.png\" alt=\"\" width=\"150\" height=\"150\" srcset=\"https:\/\/www.crfj.org\/wp-content\/uploads\/2019\/05\/Capture-d\u2019e\u0301cran-2019-05-06-a\u0300-15.28.44-66x66.png 66w, https:\/\/www.crfj.org\/wp-content\/uploads\/2019\/05\/Capture-d\u2019e\u0301cran-2019-05-06-a\u0300-15.28.44-150x150.png 150w, https:\/\/www.crfj.org\/wp-content\/uploads\/2019\/05\/Capture-d\u2019e\u0301cran-2019-05-06-a\u0300-15.28.44.png 564w\" sizes=\"(max-width: 150px) 100vw, 150px\" \/>&nbsp; &nbsp;<a href=\"http:\/\/www.crfj.org\/wp-content\/uploads\/2019\/11\/Rapport-CRFJ-2017.pdf\">Rapport d&rsquo;activit\u00e9s 2017<\/a><\/p>\n<p><img loading=\"lazy\" class=\"alignnone wp-image-13158 size-thumbnail\" src=\"http:\/\/www.crfj.org\/wp-content\/uploads\/2019\/01\/Capture-d\u2019e\u0301cran-2019-01-21-a\u0300-15.53.21-150x150.png\" alt=\"\" width=\"150\" height=\"150\" srcset=\"https:\/\/www.crfj.org\/wp-content\/uploads\/2019\/01\/Capture-d\u2019e\u0301cran-2019-01-21-a\u0300-15.53.21-66x66.png 66w, https:\/\/www.crfj.org\/wp-content\/uploads\/2019\/01\/Capture-d\u2019e\u0301cran-2019-01-21-a\u0300-15.53.21-150x150.png 150w, https:\/\/www.crfj.org\/wp-content\/uploads\/2019\/01\/Capture-d\u2019e\u0301cran-2019-01-21-a\u0300-15.53.21.png 606w\" sizes=\"(max-width: 150px) 100vw, 150px\" \/>&nbsp; &nbsp;<a href=\"http:\/\/www.crfj.org\/wp-content\/uploads\/2019\/01\/Rapport-HCERES-du-CRFJ-2017-2018-version-courte-puble\u0301e.pdf\">Rapport HCERES<\/a> (pdf)<\/p>\n<p><img loading=\"lazy\" class=\"wp-image-5306 alignnone\" src=\"http:\/\/www.crfj.org\/wp-content\/uploads\/2012\/09\/Capture-d\u2019e\u0301cran-2017-06-26-a\u0300-12.42.43-234x300.png\" width=\"150\" height=\"192\">&nbsp; &nbsp;<a href=\"http:\/\/www.crfj.org\/wp-content\/uploads\/2017\/06\/CRFJ_RA_2016.pdf\" target=\"_blank\" rel=\"noopener noreferrer\">Rapport d&rsquo;activit\u00e9s 2016<\/a> (pdf)<\/p>\n<p><img loading=\"lazy\" class=\"wp-image-4560 alignnone\" src=\"http:\/\/www.crfj.org\/wp-content\/uploads\/2012\/09\/Page1.jpg\" alt=\"Page1\" width=\"150\" height=\"150\"> &nbsp;&nbsp;<a href=\"http:\/\/www.crfj.org\/wp-content\/uploads\/2019\/11\/2015-RA-CRFJ.pdf\" target=\"_blank\" rel=\"noopener noreferrer\">Rapport d&rsquo;activit\u00e9s 2015<\/a>&nbsp;(pdf)<\/p>\n<p><img loading=\"lazy\" class=\"wp-image-3870 alignnone\" src=\"http:\/\/www.crfj.org\/wp-content\/uploads\/2015\/07\/Diapositive1.jpg\" alt=\"couv_RA2014\" width=\"150\" height=\"150\"> &nbsp;&nbsp;<a href=\"http:\/\/www.crfj.org\/\/wp-content\/uploads\/2015\/07\/RA_12_-maifinal.pdf\" target=\"_blank\" rel=\"noopener noreferrer\">Rapport d&rsquo;activit\u00e9s 2014&nbsp;<\/a>(pdf)<\/p>\n<p><img loading=\"lazy\" class=\"wp-image-3033 alignnone\" src=\"http:\/\/www.crfj.org\/wp-content\/uploads\/2012\/09\/Capture-d\u2019\u00e9cran-2014-06-10-\u00e0-14.44.02.png\" alt=\"couverture rapport d'activit\u00e9s 2013\" width=\"150\" height=\"150\" srcset=\"https:\/\/www.crfj.org\/wp-content\/uploads\/2012\/09\/Capture-d\u2019\u00e9cran-2014-06-10-\u00e0-14.44.02-66x66.png 66w, https:\/\/www.crfj.org\/wp-content\/uploads\/2012\/09\/Capture-d\u2019\u00e9cran-2014-06-10-\u00e0-14.44.02-150x150.png 150w, https:\/\/www.crfj.org\/wp-content\/uploads\/2012\/09\/Capture-d\u2019\u00e9cran-2014-06-10-\u00e0-14.44.02.png 444w\" sizes=\"(max-width: 150px) 100vw, 150px\" \/> &nbsp;&nbsp;<a href=\"http:\/\/www.crfj.org\/wp-content\/uploads\/2013\/11\/Rapport activite\u0301s CRFJ 2013.pdf\" target=\"_blank\" rel=\"noopener noreferrer\">Rapport d&rsquo;activit\u00e9s 2013 <\/a>(pdf)<\/p>\n<p><a href=\"http:\/\/www.crfj.org\/wp-content\/uploads\/2019\/11\/2012_RA_CRFJ1.pdf\" target=\"_blank\" rel=\"noopener noreferrer\">Rapport d&rsquo;activit\u00e9s 2012<\/a>&nbsp;(pdf)<\/p>\n<p><a href=\"http:\/\/www.crfj.org\/wp-content\/uploads\/2019\/11\/2011_RA_CRFJ1.pdf\">Rapport d&rsquo;activit\u00e9s 2011<\/a> (pdf)<\/p>\n<p><a title=\"CRFJ rapport d'activit\u00e9s 2011\" href=\"http:\/\/www.crfj.org\/wp-content\/uploads\/2019\/11\/2010_RA_CRFJ1.pdf\" target=\"_blank\" rel=\"noopener noreferrer\">Rapport d&rsquo;activit\u00e9s 2010<\/a>&nbsp;(pdf)<\/p>\n<p><a href=\"http:\/\/www.crfj.org\/wp-content\/uploads\/2019\/11\/2008-2009_RA_CRFJ1.pdf\" target=\"_blank\" rel=\"noopener noreferrer\">Rapport d&rsquo;activit\u00e9s 2008-2009<\/a>&nbsp;(pdf)<\/p>\n<p><a title=\"CRFJ rapport d'activit\u00e9s 2019\" href=\"http:\/\/www.crfj.org\/wp-content\/uploads\/2019\/11\/2008_RA_CRFJ1.pdf\" target=\"_blank\" rel=\"noopener noreferrer\">Rapport d&rsquo;activit\u00e9s 2008<\/a>&nbsp;(pdf)<\/p>\n\n\n<p>Rapport-CRFJ-2023<\/p>","protected":false},"excerpt":{"rendered":"<p>&nbsp; &nbsp; &nbsp;&nbsp;Rapport-CRFJ-2019 &nbsp; &nbsp;Rapport d&rsquo;activit\u00e9s 2018 &nbsp; &nbsp;Rapport d&rsquo;activit\u00e9s 2017 &nbsp; &nbsp;Rapport HCERES (pdf) &nbsp; &nbsp;Rapport d&rsquo;activit\u00e9s 2016 (pdf) &nbsp;&nbsp;Rapport d&rsquo;activit\u00e9s 2015&nbsp;(pdf) &nbsp;&nbsp;Rapport d&rsquo;activit\u00e9s 2014&nbsp;(pdf) &nbsp;&nbsp;Rapport d&rsquo;activit\u00e9s 2013 (pdf) Rapport d&rsquo;activit\u00e9s 2012&nbsp;(pdf) Rapport d&rsquo;activit\u00e9s 2011 (pdf) Rapport d&rsquo;activit\u00e9s 2010&nbsp;(pdf) Rapport d&rsquo;activit\u00e9s 2008-2009&nbsp;(pdf) Rapport d&rsquo;activit\u00e9s 2008&nbsp;(pdf) Rapport-CRFJ-2023<\/p>","protected":false},"author":2,"featured_media":0,"parent":0,"menu_order":0,"comment_status":"closed","ping_status":"closed","template":"","meta":[],"_links":{"self":[{"href":"https:\/\/www.crfj.org\/en\/wp-json\/wp\/v2\/pages\/12046"}],"collection":[{"href":"https:\/\/www.crfj.org\/en\/wp-json\/wp\/v2\/pages"}],"about":[{"href":"https:\/\/www.crfj.org\/en\/wp-json\/wp\/v2\/types\/page"}],"author":[{"embeddable":true,"href":"https:\/\/www.crfj.org\/en\/wp-json\/wp\/v2\/users\/2"}],"replies":[{"embeddable":true,"href":"https:\/\/www.crfj.org\/en\/wp-json\/wp\/v2\/comments?post=12046"}],"version-history":[{"count":63,"href":"https:\/\/www.crfj.org\/en\/wp-json\/wp\/v2\/pages\/12046\/revisions"}],"predecessor-version":[{"id":17857,"href":"https:\/\/www.crfj.org\/en\/wp-json\/wp\/v2\/pages\/12046\/revisions\/17857"}],"wp:attachment":[{"href":"https:\/\/www.crfj.org\/en\/wp-json\/wp\/v2\/media?parent=12046"}],"curies":[{"name":"wp","href":"https:\/\/api.w.org\/{rel}","templated":true}]}}