{"id":12045,"date":"2012-09-21T09:02:59","date_gmt":"2012-09-21T08:02:59","guid":{"rendered":"http:\/\/www.crfj.org\/?page_id=9"},"modified":"2012-09-21T09:02:59","modified_gmt":"2012-09-21T08:02:59","slug":"le-crfj","status":"publish","type":"page","link":"https:\/\/www.crfj.org\/en\/le-crfj\/","title":{"rendered":"The CRFJ"},"content":{"rendered":"<p>&nbsp;<\/p>\n<p style=\"text-align: justify;\">Fond\u00e9 en 1952 au titre de \u00ab\u00a0mission arch\u00e9ologique\u00a0\u00bb, <a href=\"http:\/\/www.crfj.org\/wp-content\/uploads\/2012\/09\/maison_Beersheva_721.jpg\"><img loading=\"lazy\" class=\"alignleft size-medium wp-image-955\" title=\"Maison Beersheva\" alt=\"\" src=\"http:\/\/www.crfj.org\/wp-content\/uploads\/2012\/09\/maison_Beersheva_721-300x185.jpg\" width=\"300\" height=\"185\" srcset=\"https:\/\/www.crfj.org\/wp-content\/uploads\/2012\/09\/maison_Beersheva_721-200x124.jpg 200w, https:\/\/www.crfj.org\/wp-content\/uploads\/2012\/09\/maison_Beersheva_721-300x185.jpg 300w, https:\/\/www.crfj.org\/wp-content\/uploads\/2012\/09\/maison_Beersheva_721-400x247.jpg 400w, https:\/\/www.crfj.org\/wp-content\/uploads\/2012\/09\/maison_Beersheva_721-600x371.jpg 600w, https:\/\/www.crfj.org\/wp-content\/uploads\/2012\/09\/maison_Beersheva_721.jpg 709w\" sizes=\"(max-width: 300px) 100vw, 300px\" \/><\/a>le Centre de recherche fran\u00e7ais \u00e0 J\u00e9rusalem (CRFJ) est un acteur majeur dans le rayonnement scientifique de la France en Isra\u00ebl dans le domaine des sciences humaines et sociales.<\/p>\n<p style=\"text-align: justify;\">\u00c0 la fois centre de recherche, lieu de coop\u00e9ration entre chercheurs des communaut\u00e9s scientifiques, fran\u00e7aise et isra\u00e9lienne, lieu d\u2019accueil et de formation pour jeunes chercheurs,\u00a0lieu de valorisation de la\u00a0recherche fran\u00e7aise,\u00a0le CRFJ a notamment pour missions\u00a0:<\/p>\n<p style=\"text-align: justify;\">&#8211; de<strong> conduire<\/strong>, \u00e0 travers des partenariats suivis, des programmes pluridisciplinaires de recherche associant des \u00e9tablissements d\u2019enseignement et de recherche fran\u00e7ais et europ\u00e9ens avec leurs homologues isra\u00e9liens et palestiniens. Ces recherches concernent tous les domaines des sciences humaines et sociales. Actuellement, elles s\u2019organisent autour de quatre axes :<\/p>\n<ul style=\"text-align: justify;\">\n<li>Arch\u00e9ologie, du Levant Sud<\/li>\n<li>History, Traditions, Memory<\/li>\n<li>Isra\u00e9liens et Palestiniens: soci\u00e9t\u00e9s et cultures contemporaines<\/li>\n<li>Nouvelles disciplines<\/li>\n<\/ul>\n<p style=\"text-align: justify;\">&#8211; d&rsquo;<strong>accueillir<\/strong> et d\u2019<strong>aider<\/strong> les chercheurs et universitaires fran\u00e7ais et europ\u00e9ens dans leur travail en Isra\u00ebl<\/p>\n<p style=\"text-align: justify;\">&#8211; de <strong>contribuer<\/strong> \u00e0 la formation de jeunes chercheurs (stagiaires, bourses doctorales et post-doctorales)<\/p>\n<p style=\"text-align: justify;\">&#8211; d\u2019<strong>initier<\/strong> et d&rsquo;<strong>animer<\/strong> des \u00e9changes scientifiques franco-isra\u00e9liens<\/p>\n<p style=\"text-align: justify;\">&#8211; d\u2019<strong>assurer la valorisation<\/strong> des travaux de ses chercheurs \u00e0 travers l\u2019organisation r\u00e9guli\u00e8re de s\u00e9minaires, colloques, ateliers, conf\u00e9rences et d\u2019entreprises \u00e9ditoriales communes.<\/p>\n<p style=\"text-align: justify;\">Le CRFJ accueille\u00a0des chercheurs r\u00e9sidents (chercheurs du CNRS affect\u00e9s pour une dur\u00e9e de deux ans, renouvelable) et enseignants-chercheurs (mis en d\u00e9l\u00e9gation pour une dur\u00e9e d\u2019un an renouvelable),\u00a0des chercheurs associ\u00e9s,\u00a0des boursiers,\u00a0des chercheurs invit\u00e9s.<\/p>\n<p style=\"text-align: justify;\">En qualit\u00e9 d\u2019\u00e9tablissement public, le CRFJ b\u00e9n\u00e9ficie de l\u2019aide financi\u00e8re de ses deux tutelles. \u00c9galement soutenu par des fonds priv\u00e9s, il est ouvert au m\u00e9c\u00e9nat.<\/p>\n<p style=\"text-align: justify;\"><a href=\"http:\/\/www.crfj.org\/wp-content\/uploads\/2012\/09\/Entree_Shimshon_721.jpg\"><img loading=\"lazy\" class=\"alignright size-medium wp-image-959\" title=\"Entr\u00e9e Shimshon\" alt=\"\" src=\"http:\/\/www.crfj.org\/wp-content\/uploads\/2012\/09\/Entree_Shimshon_721-300x184.jpg\" width=\"300\" height=\"184\" srcset=\"https:\/\/www.crfj.org\/wp-content\/uploads\/2012\/09\/Entree_Shimshon_721-200x123.jpg 200w, https:\/\/www.crfj.org\/wp-content\/uploads\/2012\/09\/Entree_Shimshon_721-300x184.jpg 300w, https:\/\/www.crfj.org\/wp-content\/uploads\/2012\/09\/Entree_Shimshon_721-400x246.jpg 400w, https:\/\/www.crfj.org\/wp-content\/uploads\/2012\/09\/Entree_Shimshon_721-600x369.jpg 600w, https:\/\/www.crfj.org\/wp-content\/uploads\/2012\/09\/Entree_Shimshon_721.jpg 709w\" sizes=\"(max-width: 300px) 100vw, 300px\" \/><\/a><\/p>\n<p style=\"text-align: justify;\"><strong><a href=\"http:\/\/www.crfj.org\/wp-content\/uploads\/2012\/09\/CRFJ.pdf\" target=\"_blank\">T\u00e9l\u00e9charger la plaquette de pr\u00e9sentation<\/a><\/strong><\/p>\n<p style=\"text-align: justify;\"><span style=\"text-decoration: underline;\"><strong>Directions successives<\/strong><\/span><\/p>\n<p style=\"text-align: justify;\"><strong>1952-1992\u00a0<\/strong><strong>Jean Perrot<\/strong> (CNRS), arch\u00e9ologue, pr\u00e9historien, fondateur du Centre<\/p>\n<p style=\"text-align: justify;\"><strong>1992-1993<\/strong><strong>\u00a0Jacques Caroux<\/strong> (CNRS), sociologue, int\u00e9rimat<\/p>\n<p style=\"text-align: justify;\"><strong>1993-1996\u00a0<\/strong><strong>Fran\u00e7ois Blancheti\u00e8re<\/strong> (Universit\u00e9 de Strasbourg), historien,<strong> <\/strong>professeur de religion compar\u00e9e, sp\u00e9cialiste des relations entre le juda\u00efsme et le christianisme dans les premiers si\u00e8cles de l&rsquo;\u00e8re chr\u00e9tienne<\/p>\n<p style=\"text-align: justify;\"><strong>1996-2004<\/strong>\u00a0<strong>Dominique Bourel <\/strong>(CNRS), historien, sp\u00e9cialiste du juda\u00efsme allemand \u00e0 la p\u00e9riode moderne<\/p>\n<p style=\"text-align: justify;\"><strong>2004-208<\/strong>\u00a0<strong>Pierre de Miroschedji<\/strong> (MAEE\/CNRS), arch\u00e9ologue, sp\u00e9cialiste du Bronze ancien au Levant sud<\/p>\n<p style=\"text-align: justify;\"><strong>2008-2010<\/strong> <strong>Sophie Kessler-Mesguich<\/strong> (MAEE\/Universit\u00e9 Paris 3-Sorbonne), professeur de linguistique et de litt\u00e9rature h\u00e9bra\u00efque<\/p>\n<p style=\"text-align: justify;\"><strong>2010 &#8211;<\/strong>\u00a0<strong>2014<\/strong>\u00a0<strong>Olivier Tourny<\/strong> (MAEE\/CNRS) musicologue et ethnomusicologue, sp\u00e9cialiste de musiques liturgiques.<\/p>\n<p style=\"text-align: justify;\"><strong>2014- \u00a0 \u00a0 Julien Loiseau <\/strong>(MAEDI\/Ma\u00eetre de conf\u00e9rences HDR, Universit\u00e9 Paul-Valery, Montpellier), sp\u00e9cialiste de l&rsquo;histoire de l&rsquo;Islam m\u00e9di\u00e9val.<\/p>\n<p style=\"text-align: justify;\">","protected":false},"excerpt":{"rendered":"<p>&nbsp; Fond\u00e9 en 1952 au titre de \u00ab\u00a0mission arch\u00e9ologique\u00a0\u00bb, le Centre de recherche fran\u00e7ais \u00e0 J\u00e9rusalem (CRFJ) est un acteur majeur dans le rayonnement scientifique de la France en Isra\u00ebl dans le domaine des sciences humaines et sociales. \u00c0 la fois centre de recherche, lieu de coop\u00e9ration entre chercheurs des communaut\u00e9s scientifiques, fran\u00e7aise et isra\u00e9lienne, lieu [&hellip;]<\/p>","protected":false},"author":2,"featured_media":0,"parent":0,"menu_order":0,"comment_status":"closed","ping_status":"closed","template":"","meta":[],"_links":{"self":[{"href":"https:\/\/www.crfj.org\/en\/wp-json\/wp\/v2\/pages\/12045"}],"collection":[{"href":"https:\/\/www.crfj.org\/en\/wp-json\/wp\/v2\/pages"}],"about":[{"href":"https:\/\/www.crfj.org\/en\/wp-json\/wp\/v2\/types\/page"}],"author":[{"embeddable":true,"href":"https:\/\/www.crfj.org\/en\/wp-json\/wp\/v2\/users\/2"}],"replies":[{"embeddable":true,"href":"https:\/\/www.crfj.org\/en\/wp-json\/wp\/v2\/comments?post=12045"}],"version-history":[{"count":0,"href":"https:\/\/www.crfj.org\/en\/wp-json\/wp\/v2\/pages\/12045\/revisions"}],"wp:attachment":[{"href":"https:\/\/www.crfj.org\/en\/wp-json\/wp\/v2\/media?parent=12045"}],"curies":[{"name":"wp","href":"https:\/\/api.w.org\/{rel}","templated":true}]}}