{"id":838,"date":"2012-11-05T14:32:14","date_gmt":"2012-11-05T13:32:14","guid":{"rendered":"http:\/\/www.crfj.org\/?page_id=838"},"modified":"2023-02-23T15:45:28","modified_gmt":"2023-02-23T14:45:28","slug":"axes-de-recherche","status":"publish","type":"page","link":"http:\/\/www.crfj.org\/en\/axes-de-recherche\/","title":{"rendered":"The research orientations"},"content":{"rendered":"<h3><strong>Research orientation 1 \u2013 <a href=\"http:\/\/www.crfj.org\/en\/archeologies-sciences-de-lantiquite-et-du-moyen-age\/\">Archeologies of the Southern Levant\u00a0<\/a><\/strong><\/h3>\n<p><span style=\"color: #800000;\"><strong>Researchers<\/strong><\/span><\/p>\n<ul>\n<li><a href=\"\/\">Sylvain Bauvais<\/a>, CRCN, CEA CNRS, <em>archeologist, expert in archaeometallurgy<\/em><\/li>\n<\/ul>\n<p><strong>PhD candidates et post-doctoral fellows\u00a0<\/strong><\/p>\n<ul>\n<li><a href=\"https:\/\/creaah.cnrs.fr\/team\/berenguel-manuel\/\">Manuel Berenguel<\/a>, PhD candidate, <em>medieval archeology<\/em>.<\/li>\n<li><a href=\"http:\/\/www.arscan.fr\/archeologies-environnementales\/equipes\/aurelia-borvon\/\">Aur\u00e9lia Borvon<\/a>, post-doctoral fellow, a<em>rcheozoologist<\/em><\/li>\n<li><a href=\"http:\/\/www.arscan.fr\/ethnologie-prehistorique\/composition-de-lequipe\/laurent-davin\/\">Laurent Davin<\/a>, post-doctoral fellow, <em>archeologist<\/em><\/li>\n<li><a href=\"mailto:carine.harivel@gmail.com\">Carine Harivel<\/a>, PhD candidate, <em>archeologist\u00a0<\/em><\/li>\n<li><a href=\"https:\/\/iramis.cea.fr\/Phocea\/Vie_des_labos\/Ast\/ast.php?t=ongletsl&amp;id_ast=2384\">Jonas Horny<\/a>, PhD candidate, <em>archeologist<\/em><\/li>\n<li><a href=\"https:\/\/www.association-ecoledulouvre.fr\/alumni\/portraits\/benedicte-lhoyer\">B\u00e9n\u00e9dicte Lhoyer,<\/a> postdoctoral researcher, egyptian archeology<\/li>\n<li><a href=\"https:\/\/herma.labo.univ-poitiers.fr\/membres\/elise-mercier\/?_sf_s=Eretrie\">Elise Mercier<\/a>, PhD candidate, <em>archeologist<\/em><\/li>\n<li><a href=\"\/en\/solsdgalan@gmail.com\/\">Sol Sanchez-Dehesa<\/a>, post-doctoral fellow, <em>archeologist<\/em><\/li>\n<\/ul>\n<p><span style=\"color: #000000;\"><strong>Archeological missions supported by the CRFJ<\/strong><\/span><\/p>\n<ul>\n<li><a href=\"https:\/\/www.asd-csic.es\/staff\/ferran-borrell\/\">Ferran Borrel Tena<\/a> (CSIC) and <a href=\"http:\/\/www.antiquities.org.il\/personal_cv_eng.aspx?id=34\">Kobi Vardi<\/a> (IAA) : <em>Neolithic site of Nahal Efe <\/em><\/li>\n<li><a href=\"https:\/\/www.pacea.u-bordeaux.fr\/gleize-yves\/\">Yves Gleize<\/a> (INRAP) : Cimeti\u00e8re des crois\u00e9s d&rsquo;Atlit<\/li>\n<li><a href=\"http:\/\/www.crfj.org\/en\/julien-vieugue\/\">Julien Vieugu\u00e9<\/a> (UMR 7055, CNRS) : <em>Neolithic site of Nachal Zippori<\/em><\/li>\n<\/ul>\n<hr \/>\n<h3><strong>Research orientation 2 \u2013 <a href=\"http:\/\/www.crfj.org\/en\/les-traditions-histoire-religions-savoirs\/\">\u00a0History, Traditions, Memory<\/a><\/strong><\/h3>\n<ul>\n<li style=\"text-align: justify;\"><a href=\"http:\/\/www.crfj.org\/en\/stephane-ancel\/\">St\u00e9phane Ancel<\/a>, historien, charg\u00e9 de recherche au CNRS (C\u00e9Sor-Ehess) est sp\u00e9cialiste de l&rsquo;histoire contemporaine de l\u2019\u00c9glise orthodoxe d\u2019\u00c9thiopie (19<sup>.<\/sup>-20<sup>.<\/sup> centuries).<\/li>\n<\/ul>\n<ul>\n<li style=\"text-align: justify;\"><a href=\"http:\/\/www.crfj.org\/en\/vincent-lemire\/\">Vincent Lemire<\/a>, ma\u00eetre de conf\u00e9rences HDR \u00e0 l\u2019universit\u00e9 Paris-Est Marne-la-Vall\u00e9e, directeur du CRFJ (Centre de recherche fran\u00e7ais \u00e0 J\u00e9rusalem) et directeur du projet europ\u00e9en \u00ab\u00a0Open Jerusalem\u00a0\u00bb.<\/li>\n<\/ul>\n<p><strong>PhD and postdoctoral researchers AMI CRFJ\u00a0<\/strong><\/p>\n<ul>\n<li><a href=\"https:\/\/www.orient-mediterranee.com\/spip.php?article4316&amp;lang=fr\">Avital Cohen<\/a>, PhD candidate, <em>textual critique\u00a0<\/em><\/li>\n<li><a href=\"\/en\/clement.dussart@univ-poitiers.fr\/\">Cl\u00e9ment Dussart<\/a>, PhD candidate, <em>medieval epigraphy<\/em><\/li>\n<li><a href=\"http:\/\/cetobac.ehess.fr\/index.php?2475\">Andrea Umberto Gritti<\/a>, PhD candidate, <em>history and civilisations<\/em><\/li>\n<li><a href=\"https:\/\/www.iremam.cnrs.fr\/fr\/grossi-virginia\">Virginia Grossi<\/a>, PhD student, Archeology, <em>medieval history<\/em><\/li>\n<li><a href=\"\/en\/marie.levant@posteo.net\/\">Marie Levant<\/a>, post-doctoral fellow, <em>History<\/em><\/li>\n<li><a href=\"https:\/\/centrehistoire19esiecle.pantheonsorbonne.fr\/elisabeth-mortier\">Elisabeth Mortier<\/a>, PhD candidate, <em>History\u00a0<\/em><\/li>\n<li><a href=\"https:\/\/histoire-sociale.cnrs.fr\/defne-ozozer\/\">Defne Oz\u00f6zer<\/a>, PhD candidate, <em>Social history<\/em><\/li>\n<li><a href=\"\/en\/poiani.95@gmail.com\/\">Matteo Poiani,<\/a> PhD candidate, <em>Sciences of religions<\/em><\/li>\n<li><a href=\"mailto:rosner.chloe@gmail.com\">Chlo\u00e9 Rosner<\/a>, post-doctoral fellow, <em>History\u00a0<\/em><\/li>\n<li><a href=\"http:\/\/crh.ehess.fr\/index.php?7683\">Esther Saltiel-Ragot<\/a>, PhD candidate, <em>History<\/em><\/li>\n<\/ul>\n<hr \/>\n<h3><strong style=\"color: #333333;\">Research orientation 3 \u2013<a href=\"http:\/\/www.crfj.org\/en\/israeliens-et-palestiniens-societes-et-cultures-contemporaines\/\"> Israelis and Palestinians : spaces, societies, institutions and contemporary cultures<\/a><\/strong><\/h3>\n<ul>\n<li><a href=\"http:\/\/cems.ehess.fr\/index.php?2542\">Claude Rosental<\/a>, sociologist, CNRS research director, EHESS<\/li>\n<li><a href=\"http:\/\/www.crfj.org\/en\/16130-2\/\">Karen Akoka<\/a>, sociologist, associate professor at the University of Paris Nanterre<\/li>\n<\/ul>\n<p><strong>Doctorants et post-doctorants AMI CRFJ (Aide \u00e0 la mobilit\u00e9 internationale)\u00a0<\/strong><\/p>\n<ul>\n<li><a href=\"https:\/\/www.cmh.ens.fr\/author\/caterina-bandini\/\">Caterina Bandini<\/a>, post-doctoral fellow, <em>Sociology<\/em><\/li>\n<li><a href=\"https:\/\/www.centre-max-weber.fr\/Alicia-Magnolfi\">Alicia Magnolfi<\/a>, PhD candidate, <em>Sociology<\/em><\/li>\n<li><a href=\"http:\/\/www.crfj.org\/wp-admin\/post.php?post=16458&amp;action=edit\">Jo\u00ebl Sebban<\/a>, post-doctorant (AMI CRFJ) : Histoire et Sociologie<\/li>\n<\/ul>\n\n\n<p><\/p>","protected":false},"excerpt":{"rendered":"<p>Axe 1 &#8211; Arch\u00e9ologies du Levant sud\u00a0 Chercheurs Sylvain Bauvais, CRCN, CEA CNRS, arch\u00e9ologue, arch\u00e9om\u00e9tallurgiste Doctorants et post-doctorants\u00a0 Manuel Berenguel, doctorant, arch\u00e9ologie m\u00e9di\u00e9vale Aur\u00e9lia Borvon, chercheuse post-doctorante, arch\u00e9ozoologue Laurent Davin, chercheur post-doctorant, arch\u00e9ologue Carine Harivel, doctorante, arch\u00e9ologue\u00a0 Jonas Horny, doctorant, arch\u00e9ologue B\u00e9n\u00e9dicte Lhoyer, chercheuse post-doctorante, arch\u00e9ologie \u00e9gyptienne Elise Mercier, doctorante, arch\u00e9ologue Sol Sanchez-Dehesa, chercheuse post-doctorante, arch\u00e9ologue [&hellip;]<\/p>","protected":false},"author":2,"featured_media":0,"parent":0,"menu_order":0,"comment_status":"closed","ping_status":"closed","template":"","meta":[],"_links":{"self":[{"href":"http:\/\/www.crfj.org\/en\/wp-json\/wp\/v2\/pages\/838"}],"collection":[{"href":"http:\/\/www.crfj.org\/en\/wp-json\/wp\/v2\/pages"}],"about":[{"href":"http:\/\/www.crfj.org\/en\/wp-json\/wp\/v2\/types\/page"}],"author":[{"embeddable":true,"href":"http:\/\/www.crfj.org\/en\/wp-json\/wp\/v2\/users\/2"}],"replies":[{"embeddable":true,"href":"http:\/\/www.crfj.org\/en\/wp-json\/wp\/v2\/comments?post=838"}],"version-history":[{"count":100,"href":"http:\/\/www.crfj.org\/en\/wp-json\/wp\/v2\/pages\/838\/revisions"}],"predecessor-version":[{"id":16468,"href":"http:\/\/www.crfj.org\/en\/wp-json\/wp\/v2\/pages\/838\/revisions\/16468"}],"wp:attachment":[{"href":"http:\/\/www.crfj.org\/en\/wp-json\/wp\/v2\/media?parent=838"}],"curies":[{"name":"wp","href":"https:\/\/api.w.org\/{rel}","templated":true}]}}