{"id":49,"date":"2012-09-21T10:27:04","date_gmt":"2012-09-21T09:27:04","guid":{"rendered":"http:\/\/www.crfj.org\/?page_id=49"},"modified":"2025-12-16T15:22:38","modified_gmt":"2025-12-16T14:22:38","slug":"archeologies-prehistorique-du-levant-sud","status":"publish","type":"page","link":"http:\/\/www.crfj.org\/en\/archeologies-prehistorique-du-levant-sud\/","title":{"rendered":"Arch\u00e9ologies pr\u00e9historique du Levant Sud"},"content":{"rendered":"<p><a href=\"http:\/\/www.crfj.org\/en\/?page_id=51\/\"><strong><span style=\"color: #993300;\">Axe 3 &#8211; ARCHEOLOGIES PREHISTORIQUE DU LEVANT&nbsp; SUD<\/span><\/strong><\/a><\/p>\n<p style=\"text-align: justify;\">L\u2019arch\u00e9ologie des soci\u00e9t\u00e9s sans \u00e9criture ou pr\u00e9historiques constitue une part pr\u00e9pond\u00e9rante de l&rsquo;activit\u00e9 et de l\u2019identit\u00e9 du CRFJ depuis sa fondation, en relation institutionnelle \u00e9troite avec les arch\u00e9ologues isra\u00e9liens et isra\u00e9liennes de l\u2019Israel Antiquities Authority et des universit\u00e9s du pays. Reflet des migrations et innovations qui ont emprunt\u00e9 cette r\u00e9gion de passage entre deux masses continentales, africaine d\u2019une part et eurasiatique d\u2019autre part, l\u2019arch\u00e9ologie pr\u00e9historique au Levant Sud couvre toutes les phases chrono-culturelles du Pal\u00e9olithique inf\u00e9rieur \u00e0 l\u2019\u00e2ge du Bronze. Particuli\u00e8rement saillantes dans ce domaine sont les recherches fran\u00e7aises portant sur les soci\u00e9t\u00e9s s\u00e9dentaires des derniers chasseurs-cueilleurs natoufiens (14.500 \u00e0 11.500 avant le pr\u00e9sent), sur les modalit\u00e9s arythmiques de la transition \u00e9conomique vers l\u2019\u00e9conomie de production au N\u00e9olithique (du XIe au d\u00e9but du VIe mill\u00e9naire avant notre \u00e8re), et sur l\u2019apparition des premi\u00e8res agglom\u00e9rations et le d\u00e9veloppement des cit\u00e9s-\u00c9tats de l\u2019\u00e2ge du Bronze. Le CRFJ soutient les \u00e9quipes de prospection et de fouille, accompagne le montage de programmes pluriannuels, accueille les collaborateurs et collaboratrices ainsi que les \u00e9tudiants en formation charg\u00e9s des phases d\u2019\u00e9tude. Il organise des ateliers de formation en Isra\u00ebl dans des domaines d\u2019expertise tels que la technologie lithique et c\u00e9ramique, et il accompagne la formation en France d\u2019\u00e9tudiants et \u00e9tudiantes isra\u00e9liennes dans le cadre de chantiers-\u00e9coles.<\/p>","protected":false},"excerpt":{"rendered":"<p>Axe 3 &#8211; ARCHEOLOGIES PREHISTORIQUE DU LEVANT&nbsp; SUD L\u2019arch\u00e9ologie des soci\u00e9t\u00e9s sans \u00e9criture ou pr\u00e9historiques constitue une part pr\u00e9pond\u00e9rante de l&rsquo;activit\u00e9 et de l\u2019identit\u00e9 du CRFJ depuis sa fondation, en relation institutionnelle \u00e9troite avec les arch\u00e9ologues isra\u00e9liens et isra\u00e9liennes de l\u2019Israel Antiquities Authority et des universit\u00e9s du pays. Reflet des migrations et innovations qui ont emprunt\u00e9 [&hellip;]<\/p>","protected":false},"author":2,"featured_media":0,"parent":0,"menu_order":0,"comment_status":"closed","ping_status":"closed","template":"","meta":[],"_links":{"self":[{"href":"http:\/\/www.crfj.org\/en\/wp-json\/wp\/v2\/pages\/49"}],"collection":[{"href":"http:\/\/www.crfj.org\/en\/wp-json\/wp\/v2\/pages"}],"about":[{"href":"http:\/\/www.crfj.org\/en\/wp-json\/wp\/v2\/types\/page"}],"author":[{"embeddable":true,"href":"http:\/\/www.crfj.org\/en\/wp-json\/wp\/v2\/users\/2"}],"replies":[{"embeddable":true,"href":"http:\/\/www.crfj.org\/en\/wp-json\/wp\/v2\/comments?post=49"}],"version-history":[{"count":25,"href":"http:\/\/www.crfj.org\/en\/wp-json\/wp\/v2\/pages\/49\/revisions"}],"predecessor-version":[{"id":17957,"href":"http:\/\/www.crfj.org\/en\/wp-json\/wp\/v2\/pages\/49\/revisions\/17957"}],"wp:attachment":[{"href":"http:\/\/www.crfj.org\/en\/wp-json\/wp\/v2\/media?parent=49"}],"curies":[{"name":"wp","href":"https:\/\/api.w.org\/{rel}","templated":true}]}}