{"id":32,"date":"2012-09-21T10:03:02","date_gmt":"2012-09-21T09:03:02","guid":{"rendered":"http:\/\/www.crfj.org\/?page_id=32"},"modified":"2025-12-02T12:49:00","modified_gmt":"2025-12-02T11:49:00","slug":"conseil-scientifique","status":"publish","type":"page","link":"http:\/\/www.crfj.org\/en\/conseil-scientifique\/","title":{"rendered":"Scientific Council"},"content":{"rendered":"<p style=\"text-align: justify;\" class=\" translation-block\">The Scientific Council of the CRFJ is composed of French and international researchers, of representatives from the MEAE (French Ministry of Europe and Foreign Affairs), of the MESR (Ministry of higher education and research) and the CNRS (France's National Scientific Research Centre). It gives its opinion on the scientific policy and orientations of the research unit. It reviews and auditions the candidates to the position of director of the CRFJ.<br> It meets once a year in an ordinary session. During this session, the director of the CRFJ presents the activity report of the research unit.<\/p>\n<div>Mme Anne Baud<br \/>Professeur \/ Arch\u00e9ologie m\u00e9di\u00e9vale<br \/>Universit\u00e9 Lyon 2 (laboratoire ArAr 5138)<\/div>\n<div>\u00a0<\/div>\n<div>Mme Laeticia Bucaille\n<div>Professeur \/ Sociologie politique<br \/>\u00e0 l\u2019Inalco, et vice-pr\u00e9sidente de l\u2019Inalco,<\/div>\n<div>\n<div>CESSMA (UMR 245) \/ Institut universitaire de France<\/div>\n<div>\u00a0<\/div>\n<div>M. Alain Dieckhoff\n<div>Directeur CERI, Sciences Po\u00a0\n<div>DR, CNRS\n<div>\u00a0<\/div>\n<div>Mme Sylvie-Anne Goldberg<\/div>\n<div>Directrice d&rsquo;\u00e9tudes \u00e0 l&rsquo;EHESS<\/div>\n<\/div>\n<\/div>\n<\/div>\n<\/div>\n<div>\u00a0<\/div>\n<div>\n<div>\n<div>\n<div>\n<div>M. Andreas Hartmann-<span class=\"SpellE\">Virnich<\/span><\/div>\n<div>Professeur-chercheur \/ Laboratoire d\u2019Arch\u00e9ologie M\u00e9di\u00e9vale et Moderne en M\u00e9diterran\u00e9enne<\/div>\n<div>(LA3M &#8211; UMR 7298, CNRS-AMU)<\/div>\n<div>\u00a0<\/div>\n<div>M. Chris Reintges<\/div>\n<div>CR, CNRS, Universit\u00e9 Paris-Diderot Paris VII<\/div>\n<div>\n<div>\u00a0<\/div>\n<div>M. Nicolas Samuelian<\/div>\n<\/div>\n<div>INRAP<\/div>\n<div>\u00a0<\/div>\n<div>\n<div class=\"\">\n<div class=\"\">M. Pierre Savy<\/div>\n<div class=\"\"><b class=\"\">Pr\u00e9sident du Conseil scientifique du CRFJ.<\/b><\/div>\n<div class=\"\">Ma\u00eetre de conf\u00e9rences en histoire du Moyen \u00c2ge,<\/div>\n<div class=\"\">Universit\u00e9 Paris-Est-Marne-la-Vall\u00e9e, habilit\u00e9 \u00e0 diriger des recherches.<\/div>\n<\/div>\n<\/div>\n<div>\u00a0<\/div>\n<div>M. Damien Simonneau<\/div>\n<div>Ma\u00eetre de conf\u00e9rences, Science po<\/div>\n<div>INALCO \/ l&rsquo;Institut Convergences Migrations du Coll\u00e8ge de France.<\/div>\n<div>\n<div>\u00a0<\/div>\n<div>M. S\u00e9bastien Tank<\/div>\n<div>Docteur en sociologie de l&rsquo;Ehess<\/div>\n<div>CEIFR<\/div>\n<div>\u00a0<\/div>\n<\/div>\n<\/div>\n<\/div>\n<\/div>\n<\/div>\n<\/div>\n\n\n<p><\/p>","protected":false},"excerpt":{"rendered":"<p>Le conseil scientifique du CRFJ est compos\u00e9 de personnalit\u00e9s scientifiques fran\u00e7aises et \u00e9trang\u00e8res, de repr\u00e9sentants du MEAE, du MESR et du CNRS. Il donne son avis sur la politique et sur les orientations scientifiques de l\u2019unit\u00e9. Il examine et auditionne les candidats au poste de directeur\/directrice du CRFJ.Il se r\u00e9unit une fois par an en session [&hellip;]<\/p>","protected":false},"author":2,"featured_media":0,"parent":0,"menu_order":0,"comment_status":"closed","ping_status":"closed","template":"","meta":[],"_links":{"self":[{"href":"http:\/\/www.crfj.org\/en\/wp-json\/wp\/v2\/pages\/32"}],"collection":[{"href":"http:\/\/www.crfj.org\/en\/wp-json\/wp\/v2\/pages"}],"about":[{"href":"http:\/\/www.crfj.org\/en\/wp-json\/wp\/v2\/types\/page"}],"author":[{"embeddable":true,"href":"http:\/\/www.crfj.org\/en\/wp-json\/wp\/v2\/users\/2"}],"replies":[{"embeddable":true,"href":"http:\/\/www.crfj.org\/en\/wp-json\/wp\/v2\/comments?post=32"}],"version-history":[{"count":37,"href":"http:\/\/www.crfj.org\/en\/wp-json\/wp\/v2\/pages\/32\/revisions"}],"predecessor-version":[{"id":17939,"href":"http:\/\/www.crfj.org\/en\/wp-json\/wp\/v2\/pages\/32\/revisions\/17939"}],"wp:attachment":[{"href":"http:\/\/www.crfj.org\/en\/wp-json\/wp\/v2\/media?parent=32"}],"curies":[{"name":"wp","href":"https:\/\/api.w.org\/{rel}","templated":true}]}}