{"id":282,"date":"2012-09-24T15:14:18","date_gmt":"2012-09-24T14:14:18","guid":{"rendered":"http:\/\/www.crfj.org\/?page_id=282"},"modified":"2026-01-26T08:33:03","modified_gmt":"2026-01-26T07:33:03","slug":"rejoindre-le-crfj","status":"publish","type":"page","link":"http:\/\/www.crfj.org\/en\/rejoindre-le-crfj\/","title":{"rendered":"Join the CRFJ"},"content":{"rendered":"<div class=\"wp-block-group\"><div class=\"wp-block-group__inner-container\">\n<p style=\"text-align: justify;\">REJOINDRE LE CRFJ<\/p>\n<p style=\"text-align: justify;\">L\u2018\u00e9quipe scientifique du CRFJ est constitu\u00e9e de chercheuses et chercheurs titulaires CNRS affect\u00e9s dans le laboratoire et d\u2019universitaires titulaires accueillis en d\u00e9l\u00e9gation CNRS. La dur\u00e9e des affectations est d\u2019un ou deux ans. Dans le cadre de s\u00e9jours de recherche pouvant aller de quelques semaines \u00e0 quelques mois, l\u2019\u00e9quipe accueille \u00e9galement des doctorants, des post-doctorants ou encore des stagiaires. Chacun de ces statuts fait l\u2019objet de proc\u00e9dures diff\u00e9rentes suivant un calendrier sp\u00e9cifique.<\/p>\n<p style=\"text-align: justify;\"><strong>Affectation de chercheurs CNRS. <\/strong>Les chercheurs et chercheuses CNRS sont affect\u00e9s dans le laboratoire sur la base d\u2019un programme de recherche. Les demandes d\u2019affectation sont soumises \u00e0 l\u2019accord du p\u00f4le international InSHS du CNRS. Dates des campagnes annuelles de candidatures\u00a0: d\u00e9cembre-janvier (pour une affectation d\u00e9butant en septembre suivant). Pour\u00a0<u><a href=\"https:\/\/www.inshs.cnrs.fr\/fr\/demande-daffectation-dans-une-unite-de-recherche-de-cnrs-sciences-humaines-sociales-letranger-pour\">here<\/a><\/u><\/p>\n<p style=\"text-align: justify;\"><strong>Accueil en d\u00e9l\u00e9gation CNRS pour enseignants-chercheurs. <\/strong>Le CNRS peut accueillir en d\u00e9l\u00e9gation dans ses laboratoires \u00e0 l\u2019\u00e9tranger des enseignantes-chercheuses et enseignants-chercheurs issus d\u2019universit\u00e9s fran\u00e7aises, sur la base d\u2019un programme de recherche. La demande d\u2019accueil en d\u00e9l\u00e9gation est soumise \u00e0 l\u2019accord de la direction de l\u2019\u00e9tablissement d\u2019origine ainsi qu\u2019\u00e0 l\u2019accord du CNRS. Dates des campagnes de candidatures\u00a0: septembre-octobre (pour un accueil d\u00e9butant en septembre suivant). Pour\u00a0<a href=\"https:\/\/carrieres.cnrs.fr\/accueil-en-delegation\/\">here<\/a><\/p>\n<p style=\"text-align: justify;\"><strong>Aides \u00e0 la mobilit\u00e9 internationale (AMI) pour doctorants et post-doctorants. <\/strong>Le Centre de Recherche Fran\u00e7ais \u00e0 J\u00e9rusalem propose des AMI pour des s\u00e9jours de recherche en Isra\u00ebl et \u00e0 J\u00e9rusalem. Les candidats et candidates doivent \u00eatre inscrits en master de recherche ou en doctorat aupr\u00e8s d\u2019une universit\u00e9 fran\u00e7aise ou de l\u2019Union europ\u00e9enne, ou bien \u00eatre chercheurs ou chercheuses post-doctorantes titulaires d\u2019un doctorat obtenu aupr\u00e8s d\u2019une universit\u00e9 fran\u00e7aise ou de l\u2019Union europ\u00e9enne. Les s\u00e9jours sont d\u2019un \u00e0 trois mois. Date des campagnes de candidatures\u00a0: janvier-f\u00e9vrier (pour un s\u00e9jour entre septembre suivant et juillet de l\u2019ann\u00e9e \u00e0 suivre). Pour <a href=\"http:\/\/www.crfj.org\/wp-content\/uploads\/2026\/01\/AMI-du-CRFJ_Appel-a\u0300-candidatures-2026.pdf\">here<\/a><\/p>\n<p style=\"text-align: justify;\"><strong>Internships<\/strong>. Les stages s\u2019adressent \u00e0 des \u00e9tudiants dans le cadre de leur cursus universitaire, aux niveaux M1 ou M2. D\u2019une dur\u00e9e de deux mois maximum, ils ne peuvent donner lieu \u00e0 gratification. Ils font l\u2019objet d\u2019une convention de stage entre l\u2019universit\u00e9 d\u2019appartenance de l\u2019\u00e9tudiant-stagiaire et le CNRS. Le dossier de candidature comprend une lettre de motivation, un CV et un r\u00e9sum\u00e9 du projet de stage. Il doit\u00a0\u00eatre adress\u00e9 au fil de l\u2019eau, 3 mois minimum avant le d\u00e9but du stage, au directeur du CRFJ.<\/p>\n<p style=\"text-align: justify;\"><strong>D\u00e9marches \u00e0 faire pour tous les s\u00e9jours de recherche en Isra\u00ebl<\/strong><\/p>\n<p style=\"text-align: justify;\">Tous les chercheurs et chercheuses effectuant un s\u00e9jour ou une mission en Isra\u00ebl doivent \u00eatre titulaires d\u2019un ordre de mission \u00e9mis par leur institution d\u2019appartenance et respecter les conditions d\u2019entr\u00e9e dans le pays. Il est recommand\u00e9 de prendre connaissance de ces conditions d\u2019entr\u00e9e en consultant le site du minist\u00e8re fran\u00e7ais des Affaires \u00e9trang\u00e8res : <a href=\"https:\/\/www.diplomatie.gouv.fr\/fr\/conseils-aux-voyageurs\/conseils-par-pays-destination\/israel-territoires-palestiniens\/#entree\">https:\/\/www.diplomatie.gouv.fr\/fr\/conseils-aux-voyageurs\/conseils-par-pays-destination\/israel-territoires-palestiniens\/#entree<\/a><\/p>\n<p style=\"text-align: justify;\">\u00c0 compter du 1er janvier 2025, les ressortissants fran\u00e7ais qui se rendent en Isra\u00ebl doivent obligatoirement solliciter aupr\u00e8s des autorit\u00e9s isra\u00e9liennes, via Internet, une autorisation \u00e9lectronique de voyage avant le d\u00e9part (Electronic Travel Authorization &#8211; ETA-IL). La demande d\u2019autorisation ainsi que toutes les informations sur ce dispositif se trouvent \u00e0 cette adresse : <a href=\"https:\/\/israel-entry.piba.gov.il\/\">https:\/\/israel-entry.piba.gov.il\/<\/a><\/p>\n<p>\u00a0<\/p>\n<\/div><\/div>","protected":false},"excerpt":{"rendered":"","protected":false},"author":2,"featured_media":0,"parent":0,"menu_order":0,"comment_status":"closed","ping_status":"closed","template":"","meta":[],"_links":{"self":[{"href":"http:\/\/www.crfj.org\/en\/wp-json\/wp\/v2\/pages\/282"}],"collection":[{"href":"http:\/\/www.crfj.org\/en\/wp-json\/wp\/v2\/pages"}],"about":[{"href":"http:\/\/www.crfj.org\/en\/wp-json\/wp\/v2\/types\/page"}],"author":[{"embeddable":true,"href":"http:\/\/www.crfj.org\/en\/wp-json\/wp\/v2\/users\/2"}],"replies":[{"embeddable":true,"href":"http:\/\/www.crfj.org\/en\/wp-json\/wp\/v2\/comments?post=282"}],"version-history":[{"count":45,"href":"http:\/\/www.crfj.org\/en\/wp-json\/wp\/v2\/pages\/282\/revisions"}],"predecessor-version":[{"id":18017,"href":"http:\/\/www.crfj.org\/en\/wp-json\/wp\/v2\/pages\/282\/revisions\/18017"}],"wp:attachment":[{"href":"http:\/\/www.crfj.org\/en\/wp-json\/wp\/v2\/media?parent=282"}],"curies":[{"name":"wp","href":"https:\/\/api.w.org\/{rel}","templated":true}]}}