{"id":2756,"date":"2014-02-18T12:37:57","date_gmt":"2014-02-18T10:37:57","guid":{"rendered":"http:\/\/www.crfj.org\/?page_id=2756"},"modified":"2024-03-13T06:45:19","modified_gmt":"2024-03-13T05:45:19","slug":"bibliotheque","status":"publish","type":"page","link":"http:\/\/www.crfj.org\/en\/bibliotheque\/","title":{"rendered":"Library"},"content":{"rendered":"<h2>Presentation and access to the library<\/h2>\n<h2><a href=\"http:\/\/www.crfj.org\/wp-content\/uploads\/2014\/02\/IMG_20140218_122131.jpg\"><img loading=\"lazy\" class=\"alignleft size-medium wp-image-2757\" src=\"http:\/\/www.crfj.org\/wp-content\/uploads\/2014\/02\/IMG_20140218_122131-300x225.jpg\" alt=\"IMG_20140218_122131\" width=\"300\" height=\"225\" srcset=\"http:\/\/www.crfj.org\/wp-content\/uploads\/2014\/02\/IMG_20140218_122131-200x150.jpg 200w, http:\/\/www.crfj.org\/wp-content\/uploads\/2014\/02\/IMG_20140218_122131-300x225.jpg 300w, http:\/\/www.crfj.org\/wp-content\/uploads\/2014\/02\/IMG_20140218_122131-400x300.jpg 400w, http:\/\/www.crfj.org\/wp-content\/uploads\/2014\/02\/IMG_20140218_122131-600x450.jpg 600w, http:\/\/www.crfj.org\/wp-content\/uploads\/2014\/02\/IMG_20140218_122131-768x576.jpg 768w, http:\/\/www.crfj.org\/wp-content\/uploads\/2014\/02\/IMG_20140218_122131-800x600.jpg 800w, http:\/\/www.crfj.org\/wp-content\/uploads\/2014\/02\/IMG_20140218_122131-1024x768.jpg 1024w, http:\/\/www.crfj.org\/wp-content\/uploads\/2014\/02\/IMG_20140218_122131-1200x900.jpg 1200w\" sizes=\"(max-width: 300px) 100vw, 300px\" \/><\/a><\/h2>\n<div class=\" translation-block\"><span style=\"text-align: justify\">The <strong>CRFJ library<\/strong> gives access to books and periodicals related to the research orientations of the CRFJ.<\/span><\/div>\n<p style=\"text-align: justify;\">The access to the library is free of charge.<\/p>\n<p style=\"text-align: justify;\">The <strong>materials<\/strong> may be viewed on-site only (no loans) and after having scheduled <strong>an appointment<\/strong> (02-56 58 111) ou par mail (crfj@cnrs.fr)<\/p>\n<p style=\"text-align: justify;\"><a href=\"http:\/\/mabib.fr\/crfj\/\">Access the online catalog<\/a><\/p>","protected":false},"excerpt":{"rendered":"<p>Pr\u00e9sentation &#8211; Acc\u00e8s La biblioth\u00e8que du CRFJ met \u00e0 disposition des ouvrages touchant les axes de recherches du CRFJ. L\u2019acc\u00e8s \u00e0 la biblioth\u00e8que est gratuit. La consultation des documents se fait uniquement sur place (pas de service de pr\u00eat) et sur rendez-vous (02-56 58 111) ou par mail (crfj@cnrs.fr) Consulter le catalogue en ligne<\/p>","protected":false},"author":2,"featured_media":0,"parent":0,"menu_order":0,"comment_status":"closed","ping_status":"closed","template":"","meta":[],"_links":{"self":[{"href":"http:\/\/www.crfj.org\/en\/wp-json\/wp\/v2\/pages\/2756"}],"collection":[{"href":"http:\/\/www.crfj.org\/en\/wp-json\/wp\/v2\/pages"}],"about":[{"href":"http:\/\/www.crfj.org\/en\/wp-json\/wp\/v2\/types\/page"}],"author":[{"embeddable":true,"href":"http:\/\/www.crfj.org\/en\/wp-json\/wp\/v2\/users\/2"}],"replies":[{"embeddable":true,"href":"http:\/\/www.crfj.org\/en\/wp-json\/wp\/v2\/comments?post=2756"}],"version-history":[{"count":6,"href":"http:\/\/www.crfj.org\/en\/wp-json\/wp\/v2\/pages\/2756\/revisions"}],"predecessor-version":[{"id":17354,"href":"http:\/\/www.crfj.org\/en\/wp-json\/wp\/v2\/pages\/2756\/revisions\/17354"}],"wp:attachment":[{"href":"http:\/\/www.crfj.org\/en\/wp-json\/wp\/v2\/media?parent=2756"}],"curies":[{"name":"wp","href":"https:\/\/api.w.org\/{rel}","templated":true}]}}