{"id":2239,"date":"2013-06-05T16:02:59","date_gmt":"2013-06-05T13:02:59","guid":{"rendered":"http:\/\/www.crfj.org\/?page_id=2239"},"modified":"2024-01-18T08:40:48","modified_gmt":"2024-01-18T07:40:48","slug":"nous-contacter","status":"publish","type":"page","link":"http:\/\/www.crfj.org\/en\/nous-contacter\/","title":{"rendered":"Contact us"},"content":{"rendered":"<p><strong>Director:\u00a0<\/strong><a href=\"mailto:francoisxavier.fauvelle@gmail.com\">Fran\u00e7ois-Xavier Fauvelle<\/a><\/p>\n<p><strong>Administrative manager:\u00a0\u00a0<\/strong><a href=\"mailto:lyse.baer@cnrs.fr\">Lyse Baer<\/a><\/p>\n<p><strong>Administration\/ Website management:\u00a0\u00a0<\/strong><a href=\"mailto:laurence.mouchnino@cnrs.fr\" target=\"_blank\" rel=\"noopener noreferrer\">Laurence Mouchnino<\/a><\/p>\n<p>Address:<br \/>French Research Center in Jerusalem<br \/>B.P. 547 &#8211;\u00a03, rue Shimshon, Baka, 9100401 J\u00e9rusalem<\/p>\n<p style=\"text-align: left;\">Phone number : +972 (0)2 565 81 11<\/p>\n<p style=\"text-align: left;\">E-mail : <a href=\"mailto:crfj@cnrs.fr\">crfj@cnrs.fr<\/a><\/p>\n<p style=\"text-align: left;\">Du lundi au jeudi 9h00 \u2013 17h00<br \/>Le vendredi 9h00 &#8211; 12h00<br \/>Closed on saturdays and sundays.<\/p>\n<p style=\"text-align: left;\"><a title=\"Map of our location\" href=\"https:\/\/goo.gl\/maps\/d2qY6mtuWcF2\" target=\"_blank\" rel=\"noopener noreferrer\">Plan d&rsquo;acc\u00e8s<\/a><\/p>\n<h2 style=\"text-align: justify;\"><span style=\"color: #000000;\"><strong>O\u00f9 loger lorsque je viens au CRFJ<\/strong> ?<\/span><\/h2>\n<p style=\"text-align: justify;\">Le CRFJ dispose de deux chambres \u00e9quip\u00e9es qu&rsquo;il est possible de louer. Ces chambres sont prioritairement r\u00e9serv\u00e9es aux \u00e9tudiants et \u00e9tudiantes. Se renseigner <a href=\"mailto:lyse.baer@cnrs.fr\">ici<\/a> au sujet de la disponibilit\u00e9.<\/p>\n<p style=\"text-align: justify;\">Pour trouver d&rsquo;autres logements dans le quartier, \u00e0 diff\u00e9rents tarifs, le fichier <a href=\"http:\/\/www.crfj.org\/wp-content\/uploads\/2024\/01\/20231200_he\u0301bergements.pdf\">ici<\/a> fournit une liste indicative (d\u00e9cembre 2023).<\/p>\n<p style=\"text-align: justify;\">\u00a0<\/p>","protected":false},"excerpt":{"rendered":"<p>Directeur :\u00a0Fran\u00e7ois-Xavier Fauvelle Secr\u00e9taire g\u00e9n\u00e9rale :\u00a0\u00a0Lyse Baer Administration \/ Gestion site Internet :\u00a0\u00a0Laurence Mouchnino Adresse :Centre de recherche fran\u00e7ais \u00e0 J\u00e9rusalemB.P. 547 &#8211;\u00a03, rue Shimshon, Baka, 9100401 J\u00e9rusalem T\u00e9l\u00e9phone : +972 (0)2 565 81 11 Mail : crfj@cnrs.fr Du lundi au jeudi 9h00 \u2013 17h00Le vendredi 9h00 &#8211; 12h00Ferm\u00e9 les samedis et dimanches. Plan d&rsquo;acc\u00e8s O\u00f9 [&hellip;]<\/p>","protected":false},"author":2,"featured_media":0,"parent":0,"menu_order":0,"comment_status":"closed","ping_status":"closed","template":"","meta":[],"_links":{"self":[{"href":"http:\/\/www.crfj.org\/en\/wp-json\/wp\/v2\/pages\/2239"}],"collection":[{"href":"http:\/\/www.crfj.org\/en\/wp-json\/wp\/v2\/pages"}],"about":[{"href":"http:\/\/www.crfj.org\/en\/wp-json\/wp\/v2\/types\/page"}],"author":[{"embeddable":true,"href":"http:\/\/www.crfj.org\/en\/wp-json\/wp\/v2\/users\/2"}],"replies":[{"embeddable":true,"href":"http:\/\/www.crfj.org\/en\/wp-json\/wp\/v2\/comments?post=2239"}],"version-history":[{"count":12,"href":"http:\/\/www.crfj.org\/en\/wp-json\/wp\/v2\/pages\/2239\/revisions"}],"predecessor-version":[{"id":17303,"href":"http:\/\/www.crfj.org\/en\/wp-json\/wp\/v2\/pages\/2239\/revisions\/17303"}],"wp:attachment":[{"href":"http:\/\/www.crfj.org\/en\/wp-json\/wp\/v2\/media?parent=2239"}],"curies":[{"name":"wp","href":"https:\/\/api.w.org\/{rel}","templated":true}]}}