{"id":20,"date":"2012-09-21T09:41:43","date_gmt":"2012-09-21T08:41:43","guid":{"rendered":"http:\/\/www.crfj.org\/?page_id=20"},"modified":"2022-11-14T10:43:11","modified_gmt":"2022-11-14T09:43:11","slug":"statut","status":"publish","type":"page","link":"http:\/\/www.crfj.org\/en\/statut\/","title":{"rendered":"Status"},"content":{"rendered":"<p style=\"text-align: justify;\"><a href=\"http:\/\/www.crfj.org\/wp-content\/uploads\/2022\/11\/Brochure-CRFJ-EN.pdf\" data-wplink-edit=\"true\"><span style=\"color: #333333;\"><img loading=\"lazy\" class=\"alignnone wp-image-16229 size-large\" src=\"http:\/\/www.crfj.org\/wp-content\/uploads\/2022\/10\/Brochure-CRFJ-benjamin-treves-v4_Page_1-724x1024.jpg\" alt=\"\" width=\"724\" height=\"1024\" srcset=\"http:\/\/www.crfj.org\/wp-content\/uploads\/2022\/10\/Brochure-CRFJ-benjamin-treves-v4_Page_1-8x12.jpg 8w, http:\/\/www.crfj.org\/wp-content\/uploads\/2022\/10\/Brochure-CRFJ-benjamin-treves-v4_Page_1-200x283.jpg 200w, http:\/\/www.crfj.org\/wp-content\/uploads\/2022\/10\/Brochure-CRFJ-benjamin-treves-v4_Page_1-212x300.jpg 212w, http:\/\/www.crfj.org\/wp-content\/uploads\/2022\/10\/Brochure-CRFJ-benjamin-treves-v4_Page_1-400x566.jpg 400w, http:\/\/www.crfj.org\/wp-content\/uploads\/2022\/10\/Brochure-CRFJ-benjamin-treves-v4_Page_1-600x849.jpg 600w, http:\/\/www.crfj.org\/wp-content\/uploads\/2022\/10\/Brochure-CRFJ-benjamin-treves-v4_Page_1-724x1024.jpg 724w, http:\/\/www.crfj.org\/wp-content\/uploads\/2022\/10\/Brochure-CRFJ-benjamin-treves-v4_Page_1-768x1086.jpg 768w, http:\/\/www.crfj.org\/wp-content\/uploads\/2022\/10\/Brochure-CRFJ-benjamin-treves-v4_Page_1-800x1132.jpg 800w, http:\/\/www.crfj.org\/wp-content\/uploads\/2022\/10\/Brochure-CRFJ-benjamin-treves-v4_Page_1-1086x1536.jpg 1086w, http:\/\/www.crfj.org\/wp-content\/uploads\/2022\/10\/Brochure-CRFJ-benjamin-treves-v4_Page_1-1200x1698.jpg 1200w, http:\/\/www.crfj.org\/wp-content\/uploads\/2022\/10\/Brochure-CRFJ-benjamin-treves-v4_Page_1-1320x1867.jpg 1320w, http:\/\/www.crfj.org\/wp-content\/uploads\/2022\/10\/Brochure-CRFJ-benjamin-treves-v4_Page_1-1448x2048.jpg 1448w, http:\/\/www.crfj.org\/wp-content\/uploads\/2022\/10\/Brochure-CRFJ-benjamin-treves-v4_Page_1-scaled.jpg 1810w\" sizes=\"(max-width: 724px) 100vw, 724px\" \/><\/span><\/a><\/p>\n<p style=\"text-align: justify;\"><span style=\"color: #333333;\">Le Centre de recherche fran\u00e7ais \u00e0 J\u00e9rusalem est un \u00e9tablissement de recherche sous tutelle du Minist\u00e8re de l&rsquo;Europe et des Affaires \u00e9trang\u00e8res &#8211; MEAE, du <a style=\"color: #333333;\" href=\"http:\/\/www.cnrs.fr\/inshs\/\" target=\"_blank\" rel=\"noopener noreferrer\">the National Centre for Scientific Research<\/a> (CNRS), et de l&rsquo;Universit\u00e9 Aix-Marseille (AMU) depuis 2019. Il a le statut d\u2019\u00ab Unit\u00e9 mixte des Instituts fran\u00e7ais de recherche \u00e0 l\u2019\u00e9tranger \u00bb (<strong>(UMIFRE n\u00b0 7 CNRS \u2013 MEAE),<\/strong>). C\u2019est aussi une Unit\u00e9 d&rsquo;appui \u00e0 la recherche du CNRS (<strong>(UAR 3132<\/strong>).<\/span><\/p>\n<p style=\"text-align: justify;\" class=\" translation-block\">The functioning of the CRFJ is defined in an inter-ministerial agreement signed on 5 December 2000 and regularly updated. This agreement provides that all scientific activities of the CRFJ follows the missions of the research units associated to CNRS.<\/p>\n<p style=\"text-align: justify;\"><span style=\"color: #333333;\">In application of the above, the CRFJ Director is appointed by the MEAE. He is also the Director of the CNRS Research Unit, UAR 3132..<\/span><\/p>\n<div style=\"text-align: justify;\">\n<p class=\" translation-block\">In the CNRS, the CRFJ is headed by the French National Institute of Social Sciences and Humanities (INSHS)<\/p>\n<p class=\" translation-block\">The institutes IFRE and UMIFRE are organised in regional centres. Each regional centre has a scientific and strategic council (C2S) with a minimum of ten French and\/or foreign scientists designed as \u201cscientifically qualified members\u201d appointed by mutual agreement by the MEAE and the CNRS for four years, renewable once for two years.<\/p>\n<p><span style=\"color: #333333;\">On July 1st, 2022, the members of the C2S are as follows:<\/span><\/p>\n<ul>\n<li><span class=\"\" style=\"color: #333333;\">Lisa Anteby Yemini<\/span><\/li>\n<li><span class=\"\" style=\"color: #333333;\">Claire Balandier<\/span><\/li>\n<li><span class=\"\" style=\"color: #333333;\">Katell Berthelot<\/span><\/li>\n<li><span class=\"\" style=\"color: #333333;\">Fanny Bocquentin<\/span><\/li>\n<li><span class=\"\" style=\"color: #333333;\">Sarah Gensburger<\/span><\/li>\n<li><span class=\"\" style=\"color: #333333;\">Alexandre Jaunait<\/span><\/li>\n<li><span class=\"\" style=\"color: #333333;\">Hamoudi Khalaily<\/span><\/li>\n<li><span class=\"\" style=\"color: #333333;\">St\u00e9phanie Latte-Abdallah<\/span><\/li>\n<li><span class=\"\" style=\"color: #333333;\">C\u00e9dric Parizot<\/span><\/li>\n<li><span class=\"\" style=\"color: #333333;\">Caroline Rozenholc<\/span><\/li>\n<\/ul>\n<p><span style=\"color: #333333;\">Pour plus d&rsquo;informations sur le statut des UMIFRE :<\/span><\/p>\n<ul>\n<li><span style=\"color: #0000ff;\"><a style=\"color: #0000ff;\" href=\"http:\/\/www.crfj.org\/en\/accord-2021-meae-mesri-relatif-aux-umifre\/\">L&rsquo;accord 2021 MEAE-MESRI relatif aux UMIFRE<\/a><\/span><\/li>\n<li><span style=\"color: #0000ff;\"><a style=\"color: #0000ff;\" href=\"http:\/\/www.crfj.org\/en\/reglement-des-conseils-scientifiques-et-strategiques-des-umifre\/\">Rules of procedure of the UMIFRE scientific and strategic councils<\/a><\/span><\/li>\n<\/ul>\n<\/div>","protected":false},"excerpt":{"rendered":"<p>Le Centre de recherche fran\u00e7ais \u00e0 J\u00e9rusalem est un \u00e9tablissement de recherche sous tutelle du Minist\u00e8re de l&rsquo;Europe et des Affaires \u00e9trang\u00e8res &#8211; MEAE, du Centre National de la Recherche Scientifique (CNRS), et de l&rsquo;Universit\u00e9 Aix-Marseille (AMU) depuis 2019. Il a le statut d\u2019\u00ab Unit\u00e9 mixte des Instituts fran\u00e7ais de recherche \u00e0 l\u2019\u00e9tranger \u00bb (UMIFRE n\u00b0 [&hellip;]<\/p>","protected":false},"author":2,"featured_media":0,"parent":0,"menu_order":0,"comment_status":"closed","ping_status":"closed","template":"","meta":[],"_links":{"self":[{"href":"http:\/\/www.crfj.org\/en\/wp-json\/wp\/v2\/pages\/20"}],"collection":[{"href":"http:\/\/www.crfj.org\/en\/wp-json\/wp\/v2\/pages"}],"about":[{"href":"http:\/\/www.crfj.org\/en\/wp-json\/wp\/v2\/types\/page"}],"author":[{"embeddable":true,"href":"http:\/\/www.crfj.org\/en\/wp-json\/wp\/v2\/users\/2"}],"replies":[{"embeddable":true,"href":"http:\/\/www.crfj.org\/en\/wp-json\/wp\/v2\/comments?post=20"}],"version-history":[{"count":23,"href":"http:\/\/www.crfj.org\/en\/wp-json\/wp\/v2\/pages\/20\/revisions"}],"predecessor-version":[{"id":16277,"href":"http:\/\/www.crfj.org\/en\/wp-json\/wp\/v2\/pages\/20\/revisions\/16277"}],"wp:attachment":[{"href":"http:\/\/www.crfj.org\/en\/wp-json\/wp\/v2\/media?parent=20"}],"curies":[{"name":"wp","href":"https:\/\/api.w.org\/{rel}","templated":true}]}}