{"id":17805,"date":"2021-04-24T13:33:00","date_gmt":"2021-04-24T11:33:00","guid":{"rendered":"http:\/\/www.crfj.org\/?page_id=17805"},"modified":"2025-04-24T13:36:11","modified_gmt":"2025-04-24T11:36:11","slug":"la-mer-rouge-axe-de-recherche-crfj-cfee","status":"publish","type":"page","link":"http:\/\/www.crfj.org\/en\/la-mer-rouge-axe-de-recherche-crfj-cfee\/","title":{"rendered":"La mer Rouge\u00a0: axe de recherche (CRFJ-CFEE)"},"content":{"rendered":"<p style=\"text-align: justify;\">Pareillement structur\u00e9s par l\u2019armature tectonique du Rift, l\u2019\u00c9thiopie et Isra\u00ebl sont deux r\u00e9gions du monde t\u00e9moins du processus d\u2019hominisation comme de celui des circulations entre l\u2019Afrique et le reste du Vieux monde. Ph\u00e9nom\u00e8nes de peuplement au Pal\u00e9olithique, innovations techniques, diffusion des langues, notamment s\u00e9mitiques dont l\u2019\u00c9thiopie est le berceau, s\u2019observent de part et d\u2019autre au prisme des \u00e9tudes sur la tr\u00e8s longue dur\u00e9e telles que l\u2019arch\u00e9ologie ou la linguistique. Dans les p\u00e9riodes historiques, dont la rencontre entre Salomon et la reine de Saba fournit, dans le juda\u00efsme comme dans l\u2019id\u00e9ologie politique \u00e9thiopienne, l\u2019horizon mythologique, Isra\u00ebl et \u00c9thiopie permettent \u00e9galement de penser les circulations de personnes et d\u2019id\u00e9es li\u00e9es au juda\u00efsme, au christianisme et \u00e0 l\u2019islam. A la p\u00e9riode contemporaine et m\u00eame dans le pr\u00e9sent le plus actuel, les deux pays balisent, aux extr\u00e9mit\u00e9s de la mer Rouge, un axe de circulation \u00e9conomique majeur en m\u00eame temps qu\u2019ils cristallisent de multiples foyers d\u2019opposition g\u00e9opolitiques et de conflits.<\/p>\n<p style=\"text-align: justify;\">Le Centre de Recherche Fran\u00e7ais \u00e0 J\u00e9rusalem (CRFJ) et le <a href=\"https:\/\/cfee.cnrs.fr\/?lang=en\">Centre Fran\u00e7ais des \u00c9tudes Ethiopiennes<\/a> (CFEE), tous deux centres de recherche fran\u00e7ais l\u2019\u00e9tranger, encouragent et soutiennent les recherches innovantes et les collaborations scientifiques dans tous les domaines de l\u2019arch\u00e9ologie, des humanit\u00e9s et des sciences sociales pouvant int\u00e9resser \u00e0 la fois Isra\u00ebl et l\u2019\u00c9thiopie.<\/p>","protected":false},"excerpt":{"rendered":"<p>Pareillement structur\u00e9s par l\u2019armature tectonique du Rift, l\u2019\u00c9thiopie et Isra\u00ebl sont deux r\u00e9gions du monde t\u00e9moins du processus d\u2019hominisation comme de celui des circulations entre l\u2019Afrique et le reste du Vieux monde. Ph\u00e9nom\u00e8nes de peuplement au Pal\u00e9olithique, innovations techniques, diffusion des langues, notamment s\u00e9mitiques dont l\u2019\u00c9thiopie est le berceau, s\u2019observent de part et d\u2019autre au prisme [&hellip;]<\/p>","protected":false},"author":2,"featured_media":0,"parent":0,"menu_order":0,"comment_status":"closed","ping_status":"closed","template":"","meta":[],"_links":{"self":[{"href":"http:\/\/www.crfj.org\/en\/wp-json\/wp\/v2\/pages\/17805"}],"collection":[{"href":"http:\/\/www.crfj.org\/en\/wp-json\/wp\/v2\/pages"}],"about":[{"href":"http:\/\/www.crfj.org\/en\/wp-json\/wp\/v2\/types\/page"}],"author":[{"embeddable":true,"href":"http:\/\/www.crfj.org\/en\/wp-json\/wp\/v2\/users\/2"}],"replies":[{"embeddable":true,"href":"http:\/\/www.crfj.org\/en\/wp-json\/wp\/v2\/comments?post=17805"}],"version-history":[{"count":1,"href":"http:\/\/www.crfj.org\/en\/wp-json\/wp\/v2\/pages\/17805\/revisions"}],"predecessor-version":[{"id":17806,"href":"http:\/\/www.crfj.org\/en\/wp-json\/wp\/v2\/pages\/17805\/revisions\/17806"}],"wp:attachment":[{"href":"http:\/\/www.crfj.org\/en\/wp-json\/wp\/v2\/media?parent=17805"}],"curies":[{"name":"wp","href":"https:\/\/api.w.org\/{rel}","templated":true}]}}