{"id":17698,"date":"2020-02-27T14:06:00","date_gmt":"2020-02-27T13:06:00","guid":{"rendered":"http:\/\/www.crfj.org\/?page_id=17698"},"modified":"2025-02-27T14:07:44","modified_gmt":"2025-02-27T13:07:44","slug":"sylvain-bauvais","status":"publish","type":"page","link":"http:\/\/www.crfj.org\/en\/sylvain-bauvais\/","title":{"rendered":"Sylvain Bauvais"},"content":{"rendered":"<p data-fontsize=\"18\" data-lineheight=\"27\"><strong>Sylvain BAUVAIS<\/strong><\/p>\n<p style=\"text-align: justify;\"><strong>Pal\u00e9om\u00e9tallurgie du fer au Levant Sud et ailleurs<\/strong><\/p>\n<p style=\"text-align: justify;\">Sylvain Bauvais, charg\u00e9 de recherche au CNRS, est en mobilit\u00e9 internationale au CRFJ depuis le 1<sup>er<\/sup>\u00a0septembre 2021. Arch\u00e9ologue pal\u00e9om\u00e9tallurgiste et sp\u00e9cialiste de la m\u00e9tallurgie du fer, il d\u00e9veloppe un programme de recherche innovant sur le Levant Sud, traitant de l\u2019\u00e9volution des productions et du commerce du fer sur le long terme, de l\u2019\u00e2ge du Fer \u00e0 l\u2019\u00e9poque Ottomane. Il s\u2019int\u00e9resse plus particuli\u00e8rement \u00e0 l\u2019\u00e9volution des techniques (innovations, emprunts, transferts) et des r\u00e9seaux d\u2019\u00e9changes en fonction des fluctuations dans les influences g\u00e9opolitiques et g\u00e9o\u00e9conomiques qui impactent l\u2019histoire du territoire de l\u2019actuelle Isra\u00ebl et de J\u00e9rusalem. Dans la continuit\u00e9 des recherches entam\u00e9es en 2021-2022, Sylvain Bauvais a consolid\u00e9, en 2023, son r\u00e9seau de recherche et poursuivi l\u2019acquisition de donn\u00e9es. Il a prolong\u00e9 ses partenariats de recherche avec les universit\u00e9s isra\u00e9liennes (Hebrew University of Jerusalem Israel, Tel Aviv University, University of Haifa et Ben Gurion University), a renforc\u00e9 ses relations avec les services des Antiquit\u00e9s isra\u00e9liennes (IAA) et a ainsi pu poursuivre l\u2019\u00e9tude des sites pr\u00e9alablement inventori\u00e9s. Pour l\u2019\u00e2ge du Fer (1000-539 BC), p\u00e9riode qui marque l\u2019arriv\u00e9e des premi\u00e8res traces de m\u00e9tallurgie du fer dans la r\u00e9gion, douze sites ont \u00e9t\u00e9 inventori\u00e9s Parmi eux, deux sites font actuellement l\u2019objet d\u2019\u00e9tudes arch\u00e9om\u00e9triques compl\u00e8tes (Tell el-F\u00e2r\u2019ah Nord et J\u00e9rusalem Kotel). L\u2019\u00e9tude du site du Kotel est particuli\u00e8rement avanc\u00e9e et fera l\u2019objet d\u2019une publication dans les prochains mois. L\u2019\u00e9poque Perse-Hell\u00e9nistique (539-63 BC) se caract\u00e9rise quant \u00e0 elle par un remarquable d\u00e9veloppement des activit\u00e9s de forge. Il s\u2019agit de six sites d\u2019habitat comportant des activit\u00e9s de manufacture d\u2019objets en fer dont un est en cours d\u2019\u00e9tude (Tell Yafo). Le site de Tell Yafo est \u00e9galement tr\u00e8s avanc\u00e9 et l\u2019\u00e9tude physico-chimique en laboratoire va pouvoir d\u00e9buter en 2024. Pour la p\u00e9riode romaine (63 BC-330 AD), pendant laquelle le fer impacte tous les champs de la soci\u00e9t\u00e9, dix sites sont inventori\u00e9s, dont trois sont en cours d\u2019\u00e9tude (Yodfat, Sepphoris et J\u00e9rusalem). Pour le site de la bataille de Yodfat (r\u00e9volte juive de 67), les analyses physico-chimique (MEB et LA-ICP-MS) sont partiellement achev\u00e9es et la publication peut \u00eatre attendue en 2024. Pour l\u2019\u00e9poque Byzantine (330-661 BD), il s\u2019agit de 21 sites, dont six \u00e9paves ont \u00e9t\u00e9 \u00e9tudi\u00e9es et deux sites d\u2019habitat sont en cours d\u2019\u00e9tude (Yavne et J\u00e9rusalem). Les p\u00e9riodes suivantes, des guerres arabo-byzantines \u00e0 la fin des croisades, entrent dans l\u2019\u00e8re chronologique de la th\u00e8se de doctorat de Jonas Horny que Sylvain Bauvais codirige avec Philippe Dillmann \u00e0 l\u2019universit\u00e9 Paris-Saclay. Ainsi, pour la p\u00e9riode des premiers temps de l\u2019Islam (661-1099 AD), qui voit la diffusion de nouvelles techniques de production du fer (acier au creuset), ce sont 21 sites qui entrent dans son inventaire, parmi lesquels quatre font l\u2019objet d\u2019\u00e9tudes (Jaffa, J\u00e9rusalem, Tib\u00e9rias et Rahat). La poursuite de cet \u00e9chantillonnage aura lieu au cours d\u2019une mission de pr\u00e9l\u00e8vement r\u00e9alis\u00e9e par Jonas Horny en 2024. Pour la p\u00e9riode des croisades (1099-1291 AD), au cours de laquelle la production et le commerce du fer rev\u00eat une importance strat\u00e9gique et militaire, ce sont 24 sites qui ont \u00e9t\u00e9 inventori\u00e9s\u00a0: sept d\u2019entre eux ont \u00e9t\u00e9 \u00e9tudi\u00e9s en 2021-2023 lors des deux premi\u00e8res missions de Jonas Horny au CRFJ (Montfort, Chastelet, Belvoir, Jaffa, Khirbat al-Minya, Moza et J\u00e9rusalem). Cinq de ces sites ont subi une analyse arch\u00e9om\u00e9tallurgique compl\u00e8te. Sylvain Bauvais s\u2019occupe personnellement de l\u2019\u00e9tude de l\u2019atelier de forge de Moza, qui repr\u00e9sente un corpus \u00e9norme de plusieurs centaines de kilogrammes de scories de forge et de chutes m\u00e9talliques. Pour l\u2019\u00e9poque Mamelouk (1261-1517 AD), maqu\u00e9e par l\u2019apog\u00e9e des compagnies commerciales italiennes, ce sont douze sites qui ont \u00e9t\u00e9 inventori\u00e9s, mais aucun n\u2019est aujourd\u2019hui \u00e9tudi\u00e9. Pour la p\u00e9riode Ottomane (1517-1917 AD), pour laquelle la principale caract\u00e9ristique est une \u00e9conomie du fer en constant d\u00e9ficit, sur les sept sites inventori\u00e9s, deux sites de la ville de Jaffa ont d\u00e9j\u00e0 fait l\u2019objet d\u2019\u00e9tudes et de publications (Bauvais 2013 ; 2021). Outre l\u2019encadrement de la th\u00e8se de Jonas Horny, Sylvain Bauvais a particip\u00e9 \u00e0 deux comit\u00e9s de suivi de th\u00e8se, et il a poursuivi son enseignement \u00e0 l\u2019universit\u00e9 Bordeaux Montaigne dans le Master Arch\u00e9om\u00e9trie.<\/p>\n<p style=\"text-align: justify;\">Concernant le traitement et l\u2019analyse des donn\u00e9es arch\u00e9ologiques et arch\u00e9om\u00e9triques, Sylvain Bauvais a d\u00e9fini un protocole \u00e0 la fois pr\u00e9cis, multi-\u00e9quipement et multipartenaire. Une base de donn\u00e9es SQL (IPIS\u00a0: Iron Paleometallurgy in ISrael) a d\u2019abord \u00e9t\u00e9 mise en place, dans laquelle l\u2019ensemble des donn\u00e9es arch\u00e9ologiques et arch\u00e9om\u00e9triques sont r\u00e9pertori\u00e9es et inventori\u00e9es. Le mobilier scoriac\u00e9 est trait\u00e9 dans la nouvelle station de lavage install\u00e9e en 2022 par Sylvain Bauvais sur le toit du CRFJ. Le mobilier en fer, quant \u00e0 lui, est sabl\u00e9 au laboratoire de restauration de l\u2019Institut of Maritime Civilization de l\u2019universit\u00e9 de Ha\u00effa. Tout le mobilier est ensuite photographi\u00e9 gr\u00e2ce \u00e0 la nouvelle station photographique install\u00e9e au CRFJ par Sylvain Bauvais en 2022, puis il est dessin\u00e9. Le mobilier est ensuite d\u00e9coup\u00e9 en vue des analyses m\u00e9tallographiques par une tron\u00e7onneuse de laboratoire acquise par le CRFJ gr\u00e2ce \u00e0 un financement exceptionnel du CNRS obtenu en 2022. La pr\u00e9paration des \u00e9chantillons (enrobage et polissage) et leur \u00e9tude m\u00e9tallographique (microscope m\u00e9tallographique) sont ensuite permises gr\u00e2ce \u00e0 un \u00e9quipement que Sylvain Bauvais a apport\u00e9 avec lui lors de sa mobilit\u00e9 sous la forme d\u2019un pr\u00eat de son laboratoire d\u2019origine (LAPA-IRAMAT, CEA Saclay). Les \u00e9tudes physico-chimiques (microscope \u00e9lectronique \u00e0 balayage et ICP-MS \u00e0 ablation laser) sont, quant \u00e0 elles, r\u00e9alis\u00e9es en France, au CEA Saclay (LAPA-IRAMAT UMR7065) et \u00e0 Orl\u00e9ans (CEB-IRAMAT UMR7065).<\/p>\n<p style=\"text-align: justify;\">Tous les deux ans, Sylvain Bauvais organise et dirige une formation ANF (Action Nationale de Formation) financ\u00e9 par la Mission pour les Initiatives Transverses et Interdisciplinaires (MITI) du CNRS. En 2023, la 5<sup>th<\/sup>\u00a0\u00e9dition devait avoir lieu en novembre au CEA de Saclay mais les circonstances internationales ont oblig\u00e9 au dernier moment \u00e0 reporter l\u2019\u00e9v\u00e8nement \u00e0 2024. Pareillement, gr\u00e2ce \u00e0 un co-financement de l\u2019universit\u00e9 Paris-Saclay (graduate school Humanit\u00e9 et Sciences du Patrimoine), du CRFJ et de l\u2019Israel Antiquities Authority, Sylvain Bauvais avait coorganis\u00e9 avec Robert Kool (IAA) un workshop intitul\u00e9 \u00ab\u00a0Paleometallurgy\/Conservation: Complementarity or Antagonism? Towards Conservation 2.0 for Metallic Objects\u00a0\u00bb qui devait se tenir en octobre 2023. La trag\u00e9die du 7 octobre en Isra\u00ebl et la terrible guerre qui a suivi \u00e0 Gaza ont \u00e9galement oblig\u00e9 \u00e0 reporter l\u2019\u00e9v\u00e8nement \u00e0 l\u2019ann\u00e9e 2024.<\/p>\n<p style=\"text-align: justify;\">Sylvain Bauvais poursuit ses activit\u00e9s \u00e9ditoriales comme membre du comit\u00e9 scientifique de la collection \u00ab\u00a0Sciences Arch\u00e9ologiques\u00a0\u00bb des \u00c9ditions des archives contemporaines. Il est \u00e9galement membre des comit\u00e9s de lecture de la\u00a0<em>Revue Arch\u00e9ologique d\u2019Ile-de-France<\/em>\u00a0(RAIF) et de la\u00a0<em>Revue Arch\u00e9osciences \/ Revue d\u2019Arch\u00e9om\u00e9trie<\/em>, et membre du bureau du GMPCA qui a organis\u00e9 en 2023 (17-21 avril) son 24<sup>th<\/sup>\u00a0colloque biannuel avec le CEPAM (UMR7264 CNRS, universit\u00e9 C\u00f4te d\u2019Azur) \u00e0 Nice. Il poursuit \u00e9galement ses recherches de terrain sur le site pal\u00e9osid\u00e9rurgique de la fin de l\u2019\u00e2ge du Fer de Vert-Toulon \u00ab\u00a0Les Mache Fer\u00a0\u00bb dans la Marne (Champagne, France), o\u00f9 il conduit une campagne de fouille de deux semaines en juin-juillet chaque ann\u00e9e. Cette fouille entre dans le cadre du programme de recherche Sid\u00e9rOM (Caract\u00e9risation des activit\u00e9s sid\u00e9rurgiques de l\u2019Ouest de la Marne) qu\u2019il dirige en partenariat avec Maxime L\u2019H\u00e9ritier (MC Paris 8), le SRA Champagne et le LAPA-IRAMAT CEA Saclay. Dans le cadre du dispositif des bourses Jacqueline de Romilly, le chantier de fouille de Vert-Toulon a assur\u00e9 et financ\u00e9 en 2023 l\u2019accueil et l\u2019h\u00e9bergement de deux doctorants isra\u00e9liens en arch\u00e9ologie de la Hebrew University of Jerusalem. Cette ann\u00e9e, Sylvain Bauvais a \u00e9galement r\u00e9alis\u00e9 l\u2019\u00e9tude du mobilier en fer de deux sites arch\u00e9ologiques de l\u2019\u00e2ge du Fer en Champagne dans le cadre du Programme Collectif de Recherche (PCR) \u00ab\u00a0Les complexes miniers n\u00e9olithiques de la r\u00e9gion des Marais de Saint-Gond (Marne)\u00a0\u00bb, dirig\u00e9 par R\u00e9mi Martineau (CNRS, UMR 6298 ARTEHIS), et il a publi\u00e9 plusieurs articles.<\/p>","protected":false},"excerpt":{"rendered":"<p>Sylvain BAUVAIS Pal\u00e9om\u00e9tallurgie du fer au Levant Sud et ailleurs Sylvain Bauvais, charg\u00e9 de recherche au CNRS, est en mobilit\u00e9 internationale au CRFJ depuis le 1er\u00a0septembre 2021. Arch\u00e9ologue pal\u00e9om\u00e9tallurgiste et sp\u00e9cialiste de la m\u00e9tallurgie du fer, il d\u00e9veloppe un programme de recherche innovant sur le Levant Sud, traitant de l\u2019\u00e9volution des productions et du commerce du [&hellip;]<\/p>","protected":false},"author":2,"featured_media":0,"parent":0,"menu_order":0,"comment_status":"closed","ping_status":"closed","template":"","meta":[],"_links":{"self":[{"href":"http:\/\/www.crfj.org\/en\/wp-json\/wp\/v2\/pages\/17698"}],"collection":[{"href":"http:\/\/www.crfj.org\/en\/wp-json\/wp\/v2\/pages"}],"about":[{"href":"http:\/\/www.crfj.org\/en\/wp-json\/wp\/v2\/types\/page"}],"author":[{"embeddable":true,"href":"http:\/\/www.crfj.org\/en\/wp-json\/wp\/v2\/users\/2"}],"replies":[{"embeddable":true,"href":"http:\/\/www.crfj.org\/en\/wp-json\/wp\/v2\/comments?post=17698"}],"version-history":[{"count":1,"href":"http:\/\/www.crfj.org\/en\/wp-json\/wp\/v2\/pages\/17698\/revisions"}],"predecessor-version":[{"id":17699,"href":"http:\/\/www.crfj.org\/en\/wp-json\/wp\/v2\/pages\/17698\/revisions\/17699"}],"wp:attachment":[{"href":"http:\/\/www.crfj.org\/en\/wp-json\/wp\/v2\/media?parent=17698"}],"curies":[{"name":"wp","href":"https:\/\/api.w.org\/{rel}","templated":true}]}}