{"id":17189,"date":"2024-01-09T13:14:47","date_gmt":"2024-01-09T12:14:47","guid":{"rendered":"http:\/\/www.crfj.org\/?page_id=17189"},"modified":"2024-01-16T14:43:34","modified_gmt":"2024-01-16T13:43:34","slug":"la-lettre-dinformation","status":"publish","type":"page","link":"http:\/\/www.crfj.org\/en\/la-lettre-dinformation\/","title":{"rendered":"La lettre d&rsquo;information"},"content":{"rendered":"<p style=\"text-align: justify;\"><b class=\"\">The <i class=\"\">Lettre d\u2019information du Centre de Recherche Fran\u00e7ais \u00e0 J\u00e9rusalem<\/i> a \u00e9t\u00e9 publi\u00e9e quasi annuellement de 1982 (num\u00e9ro 1) \u00e0 1995 (n\u00b0 12). Elle pr\u00e9sente des travaux alors en cours, sous la forme d\u2019articles acad\u00e9miques, de synth\u00e8ses de r\u00e9unions scientifiques et de colloques, ou encore de notes sur des parutions r\u00e9centes. Miroir de la recherche conduite autour du CRFJ au cours de ces ann\u00e9es, la <i class=\"\">Lettre d\u2019information<\/i> peut \u00eatre utile tant pour les chercheurs et chercheuses d\u00e9sireux d\u2019y retrouver un article fondamental que pour les personnes int\u00e9ress\u00e9es par l\u2019histoire de la recherche franco-isra\u00e9lienne.<\/b><\/p>\n<h2><strong>EN COURS DE MODIFICATION<\/strong><\/h2>\n\n\n<figure class=\"wp-block-image size-large\"><a href=\"http:\/\/www.crfj.org\/wp-content\/uploads\/2024\/01\/\u05d7\u05d5\u05d1\u05e8\u05ea-1.pdf\"><img loading=\"lazy\" width=\"372\" height=\"539\" src=\"http:\/\/www.crfj.org\/wp-content\/uploads\/2024\/01\/1-1.png\" alt=\"\" class=\"wp-image-17210\" srcset=\"http:\/\/www.crfj.org\/wp-content\/uploads\/2024\/01\/1-1-8x12.png 8w, http:\/\/www.crfj.org\/wp-content\/uploads\/2024\/01\/1-1-200x290.png 200w, http:\/\/www.crfj.org\/wp-content\/uploads\/2024\/01\/1-1-207x300.png 207w, http:\/\/www.crfj.org\/wp-content\/uploads\/2024\/01\/1-1.png 372w\" sizes=\"(max-width: 372px) 100vw, 372px\" \/><\/a><\/figure>\n\n\n\n<figure class=\"wp-block-image size-large\"><a href=\"http:\/\/www.crfj.org\/wp-content\/uploads\/2024\/01\/\u05d7\u05d5\u05d1\u05e8\u05ea-2.pdf\"><img loading=\"lazy\" width=\"379\" height=\"538\" src=\"http:\/\/www.crfj.org\/wp-content\/uploads\/2024\/01\/2.png\" alt=\"\" class=\"wp-image-17195\" srcset=\"http:\/\/www.crfj.org\/wp-content\/uploads\/2024\/01\/2-8x12.png 8w, http:\/\/www.crfj.org\/wp-content\/uploads\/2024\/01\/2-200x284.png 200w, http:\/\/www.crfj.org\/wp-content\/uploads\/2024\/01\/2-211x300.png 211w, http:\/\/www.crfj.org\/wp-content\/uploads\/2024\/01\/2.png 379w\" sizes=\"(max-width: 379px) 100vw, 379px\" \/><\/a><\/figure>\n\n\n\n<figure class=\"wp-block-image size-large\"><a href=\"  http:\/\/www.crfj.org\/wp-content\/uploads\/2024\/01\/\u05d7\u05d5\u05d1\u05e8\u05ea-3.pdf\"><img loading=\"lazy\" width=\"379\" height=\"537\" src=\"http:\/\/www.crfj.org\/wp-content\/uploads\/2024\/01\/3-1.png\" alt=\"\" class=\"wp-image-17212\" srcset=\"http:\/\/www.crfj.org\/wp-content\/uploads\/2024\/01\/3-1-8x12.png 8w, http:\/\/www.crfj.org\/wp-content\/uploads\/2024\/01\/3-1-200x283.png 200w, http:\/\/www.crfj.org\/wp-content\/uploads\/2024\/01\/3-1-212x300.png 212w, http:\/\/www.crfj.org\/wp-content\/uploads\/2024\/01\/3-1.png 379w\" sizes=\"(max-width: 379px) 100vw, 379px\" \/><\/a><\/figure>\n\n\n\n<figure class=\"wp-block-image size-large\"><a href=\"http:\/\/www.crfj.org\/wp-content\/uploads\/2024\/01\/\u05d7\u05d5\u05d1\u05e8\u05ea-4-1.pdf\"><img loading=\"lazy\" width=\"380\" height=\"536\" src=\"http:\/\/www.crfj.org\/wp-content\/uploads\/2024\/01\/4-1.png\" alt=\"\" class=\"wp-image-17213\" srcset=\"http:\/\/www.crfj.org\/wp-content\/uploads\/2024\/01\/4-1-9x12.png 9w, http:\/\/www.crfj.org\/wp-content\/uploads\/2024\/01\/4-1-200x282.png 200w, http:\/\/www.crfj.org\/wp-content\/uploads\/2024\/01\/4-1-213x300.png 213w, http:\/\/www.crfj.org\/wp-content\/uploads\/2024\/01\/4-1.png 380w\" sizes=\"(max-width: 380px) 100vw, 380px\" \/><\/a><\/figure>\n\n\n\n<figure class=\"wp-block-image size-large\"><a href=\"http:\/\/www.crfj.org\/wp-content\/uploads\/2024\/01\/\u05d7\u05d5\u05d1\u05e8\u05ea-5-1.pdf\"><img loading=\"lazy\" width=\"382\" height=\"535\" src=\"http:\/\/www.crfj.org\/wp-content\/uploads\/2024\/01\/5-1.png\" alt=\"\" class=\"wp-image-17214\" srcset=\"http:\/\/www.crfj.org\/wp-content\/uploads\/2024\/01\/5-1-9x12.png 9w, http:\/\/www.crfj.org\/wp-content\/uploads\/2024\/01\/5-1-200x280.png 200w, http:\/\/www.crfj.org\/wp-content\/uploads\/2024\/01\/5-1-214x300.png 214w, http:\/\/www.crfj.org\/wp-content\/uploads\/2024\/01\/5-1.png 382w\" sizes=\"(max-width: 382px) 100vw, 382px\" \/><\/a><\/figure>\n\n\n\n<figure class=\"wp-block-image size-large\"><a href=\"http:\/\/www.crfj.org\/wp-content\/uploads\/2024\/01\/\u05d7\u05d5\u05d1\u05e8\u05ea-6-1.pdf\"><img loading=\"lazy\" width=\"384\" height=\"540\" src=\"http:\/\/www.crfj.org\/wp-content\/uploads\/2024\/01\/6-1.png\" alt=\"\" class=\"wp-image-17215\" srcset=\"http:\/\/www.crfj.org\/wp-content\/uploads\/2024\/01\/6-1-9x12.png 9w, http:\/\/www.crfj.org\/wp-content\/uploads\/2024\/01\/6-1-200x281.png 200w, http:\/\/www.crfj.org\/wp-content\/uploads\/2024\/01\/6-1-213x300.png 213w, http:\/\/www.crfj.org\/wp-content\/uploads\/2024\/01\/6-1.png 384w\" sizes=\"(max-width: 384px) 100vw, 384px\" \/><\/a><\/figure>\n\n\n\n<figure class=\"wp-block-image size-large\"><a href=\"http:\/\/www.crfj.org\/wp-content\/uploads\/2024\/01\/\u05d7\u05d5\u05d1\u05e8\u05ea-7-1.pdf\"><img loading=\"lazy\" width=\"385\" height=\"538\" src=\"http:\/\/www.crfj.org\/wp-content\/uploads\/2024\/01\/7-1.png\" alt=\"\" class=\"wp-image-17216\" srcset=\"http:\/\/www.crfj.org\/wp-content\/uploads\/2024\/01\/7-1-9x12.png 9w, http:\/\/www.crfj.org\/wp-content\/uploads\/2024\/01\/7-1-200x279.png 200w, http:\/\/www.crfj.org\/wp-content\/uploads\/2024\/01\/7-1-215x300.png 215w, http:\/\/www.crfj.org\/wp-content\/uploads\/2024\/01\/7-1.png 385w\" sizes=\"(max-width: 385px) 100vw, 385px\" \/><\/a><\/figure>\n\n\n\n<figure class=\"wp-block-image size-large\"><a href=\"http:\/\/www.crfj.org\/wp-content\/uploads\/2024\/01\/\u05d7\u05d5\u05d1\u05e8\u05ea-8.pdf\"><img loading=\"lazy\" width=\"378\" height=\"538\" src=\"http:\/\/www.crfj.org\/wp-content\/uploads\/2024\/01\/8-1.png\" alt=\"\" class=\"wp-image-17217\" srcset=\"http:\/\/www.crfj.org\/wp-content\/uploads\/2024\/01\/8-1-8x12.png 8w, http:\/\/www.crfj.org\/wp-content\/uploads\/2024\/01\/8-1-200x285.png 200w, http:\/\/www.crfj.org\/wp-content\/uploads\/2024\/01\/8-1-211x300.png 211w, http:\/\/www.crfj.org\/wp-content\/uploads\/2024\/01\/8-1.png 378w\" sizes=\"(max-width: 378px) 100vw, 378px\" \/><\/a><\/figure>\n\n\n\n<figure class=\"wp-block-image size-large\"><a href=\"http:\/\/www.crfj.org\/wp-content\/uploads\/2024\/01\/\u05d7\u05d5\u05d1\u05e8\u05ea-9.pdf\"><img loading=\"lazy\" width=\"436\" height=\"537\" src=\"http:\/\/www.crfj.org\/wp-content\/uploads\/2024\/01\/9-1.png\" alt=\"\" class=\"wp-image-17218\" srcset=\"http:\/\/www.crfj.org\/wp-content\/uploads\/2024\/01\/9-1-10x12.png 10w, http:\/\/www.crfj.org\/wp-content\/uploads\/2024\/01\/9-1-200x246.png 200w, http:\/\/www.crfj.org\/wp-content\/uploads\/2024\/01\/9-1-244x300.png 244w, http:\/\/www.crfj.org\/wp-content\/uploads\/2024\/01\/9-1-400x493.png 400w, http:\/\/www.crfj.org\/wp-content\/uploads\/2024\/01\/9-1.png 436w\" sizes=\"(max-width: 436px) 100vw, 436px\" \/><\/a><\/figure>\n\n\n\n<figure class=\"wp-block-image size-large\"><a href=\"http:\/\/www.crfj.org\/wp-content\/uploads\/2024\/01\/\u05d7\u05d5\u05d1\u05e8\u05ea-10.pdf\"><img loading=\"lazy\" width=\"434\" height=\"538\" src=\"http:\/\/www.crfj.org\/wp-content\/uploads\/2024\/01\/10-1.png\" alt=\"\" class=\"wp-image-17219\" srcset=\"http:\/\/www.crfj.org\/wp-content\/uploads\/2024\/01\/10-1-10x12.png 10w, http:\/\/www.crfj.org\/wp-content\/uploads\/2024\/01\/10-1-200x248.png 200w, http:\/\/www.crfj.org\/wp-content\/uploads\/2024\/01\/10-1-242x300.png 242w, http:\/\/www.crfj.org\/wp-content\/uploads\/2024\/01\/10-1-400x496.png 400w, http:\/\/www.crfj.org\/wp-content\/uploads\/2024\/01\/10-1.png 434w\" sizes=\"(max-width: 434px) 100vw, 434px\" \/><\/a><\/figure>\n\n\n\n<figure class=\"wp-block-image size-large\"><a href=\"http:\/\/www.crfj.org\/wp-content\/uploads\/2024\/01\/\u05d7\u05d5\u05d1\u05e8\u05ea-11.pdf\"><img loading=\"lazy\" width=\"419\" height=\"534\" src=\"http:\/\/www.crfj.org\/wp-content\/uploads\/2024\/01\/11-1.png\" alt=\"\" class=\"wp-image-17220\" srcset=\"http:\/\/www.crfj.org\/wp-content\/uploads\/2024\/01\/11-1-9x12.png 9w, http:\/\/www.crfj.org\/wp-content\/uploads\/2024\/01\/11-1-200x255.png 200w, http:\/\/www.crfj.org\/wp-content\/uploads\/2024\/01\/11-1-235x300.png 235w, http:\/\/www.crfj.org\/wp-content\/uploads\/2024\/01\/11-1-400x510.png 400w, http:\/\/www.crfj.org\/wp-content\/uploads\/2024\/01\/11-1.png 419w\" sizes=\"(max-width: 419px) 100vw, 419px\" \/><\/a><\/figure>\n\n\n\n<figure class=\"wp-block-image size-large\"><a href=\"http:\/\/www.crfj.org\/wp-content\/uploads\/2024\/01\/\u05d7\u05d5\u05d1\u05e8\u05ea-12.pdf\"><img loading=\"lazy\" width=\"437\" height=\"535\" src=\"http:\/\/www.crfj.org\/wp-content\/uploads\/2024\/01\/12-1.png\" alt=\"\" class=\"wp-image-17221\" srcset=\"http:\/\/www.crfj.org\/wp-content\/uploads\/2024\/01\/12-1-10x12.png 10w, http:\/\/www.crfj.org\/wp-content\/uploads\/2024\/01\/12-1-200x245.png 200w, http:\/\/www.crfj.org\/wp-content\/uploads\/2024\/01\/12-1-245x300.png 245w, http:\/\/www.crfj.org\/wp-content\/uploads\/2024\/01\/12-1-400x490.png 400w, http:\/\/www.crfj.org\/wp-content\/uploads\/2024\/01\/12-1.png 437w\" sizes=\"(max-width: 437px) 100vw, 437px\" \/><\/a><\/figure>\n\n\n\n<figure class=\"wp-block-image size-large\"><a href=\"http:\/\/www.crfj.org\/wp-content\/uploads\/2024\/01\/\u05d7\u05d5\u05d1\u05e8\u05ea-13-1.pdf\"><img loading=\"lazy\" width=\"437\" height=\"536\" src=\"http:\/\/www.crfj.org\/wp-content\/uploads\/2024\/01\/13-1.png\" alt=\"\" class=\"wp-image-17222\" srcset=\"http:\/\/www.crfj.org\/wp-content\/uploads\/2024\/01\/13-1-10x12.png 10w, http:\/\/www.crfj.org\/wp-content\/uploads\/2024\/01\/13-1-200x245.png 200w, http:\/\/www.crfj.org\/wp-content\/uploads\/2024\/01\/13-1-245x300.png 245w, http:\/\/www.crfj.org\/wp-content\/uploads\/2024\/01\/13-1-400x491.png 400w, http:\/\/www.crfj.org\/wp-content\/uploads\/2024\/01\/13-1.png 437w\" sizes=\"(max-width: 437px) 100vw, 437px\" \/><\/a><\/figure>\n\n\n\n<figure class=\"wp-block-image size-large is-resized\"><a href=\"http:\/\/www.crfj.org\/wp-content\/uploads\/2024\/01\/\u05d7\u05d5\u05d1\u05e8\u05ea-14.pdf\"><img loading=\"lazy\" src=\"http:\/\/www.crfj.org\/wp-content\/uploads\/2021\/01\/Capture-de\u0301cran-2024-01-09-a\u0300-11.16.08.png\" alt=\"\" class=\"wp-image-17187\" width=\"438\" height=\"466\" srcset=\"http:\/\/www.crfj.org\/wp-content\/uploads\/2021\/01\/Capture-de\u0301cran-2024-01-09-a\u0300-11.16.08-11x12.png 11w, http:\/\/www.crfj.org\/wp-content\/uploads\/2021\/01\/Capture-de\u0301cran-2024-01-09-a\u0300-11.16.08-200x213.png 200w, http:\/\/www.crfj.org\/wp-content\/uploads\/2021\/01\/Capture-de\u0301cran-2024-01-09-a\u0300-11.16.08-282x300.png 282w, http:\/\/www.crfj.org\/wp-content\/uploads\/2021\/01\/Capture-de\u0301cran-2024-01-09-a\u0300-11.16.08-400x426.png 400w, http:\/\/www.crfj.org\/wp-content\/uploads\/2021\/01\/Capture-de\u0301cran-2024-01-09-a\u0300-11.16.08-600x639.png 600w, http:\/\/www.crfj.org\/wp-content\/uploads\/2021\/01\/Capture-de\u0301cran-2024-01-09-a\u0300-11.16.08.png 633w\" sizes=\"(max-width: 438px) 100vw, 438px\" \/><\/a><\/figure>","protected":false},"excerpt":{"rendered":"<p>La Lettre d\u2019information du Centre de Recherche Fran\u00e7ais \u00e0 J\u00e9rusalem a \u00e9t\u00e9 publi\u00e9e quasi annuellement de 1982 (num\u00e9ro 1) \u00e0 1995 (n\u00b0 12). Elle pr\u00e9sente des travaux alors en cours, sous la forme d\u2019articles acad\u00e9miques, de synth\u00e8ses de r\u00e9unions scientifiques et de colloques, ou encore de notes sur des parutions r\u00e9centes. Miroir de la recherche conduite [&hellip;]<\/p>","protected":false},"author":2,"featured_media":0,"parent":0,"menu_order":0,"comment_status":"closed","ping_status":"closed","template":"","meta":[],"_links":{"self":[{"href":"http:\/\/www.crfj.org\/en\/wp-json\/wp\/v2\/pages\/17189"}],"collection":[{"href":"http:\/\/www.crfj.org\/en\/wp-json\/wp\/v2\/pages"}],"about":[{"href":"http:\/\/www.crfj.org\/en\/wp-json\/wp\/v2\/types\/page"}],"author":[{"embeddable":true,"href":"http:\/\/www.crfj.org\/en\/wp-json\/wp\/v2\/users\/2"}],"replies":[{"embeddable":true,"href":"http:\/\/www.crfj.org\/en\/wp-json\/wp\/v2\/comments?post=17189"}],"version-history":[{"count":26,"href":"http:\/\/www.crfj.org\/en\/wp-json\/wp\/v2\/pages\/17189\/revisions"}],"predecessor-version":[{"id":17276,"href":"http:\/\/www.crfj.org\/en\/wp-json\/wp\/v2\/pages\/17189\/revisions\/17276"}],"wp:attachment":[{"href":"http:\/\/www.crfj.org\/en\/wp-json\/wp\/v2\/media?parent=17189"}],"curies":[{"name":"wp","href":"https:\/\/api.w.org\/{rel}","templated":true}]}}