{"id":16130,"date":"2022-10-03T13:35:58","date_gmt":"2022-10-03T11:35:58","guid":{"rendered":"http:\/\/www.crfj.org\/?page_id=16130"},"modified":"2022-10-03T13:46:28","modified_gmt":"2022-10-03T11:46:28","slug":"16130-2","status":"publish","type":"page","link":"http:\/\/www.crfj.org\/en\/16130-2\/","title":{"rendered":"Karen Akoka"},"content":{"rendered":"<p><img loading=\"lazy\" class=\"alignnone size-large wp-image-16132\" src=\"http:\/\/www.crfj.org\/wp-content\/uploads\/2022\/10\/photo20karen20par20viola-683x1024.jpg\" alt=\"\" width=\"683\" height=\"1024\" srcset=\"http:\/\/www.crfj.org\/wp-content\/uploads\/2022\/10\/photo20karen20par20viola-8x12.jpg 8w, http:\/\/www.crfj.org\/wp-content\/uploads\/2022\/10\/photo20karen20par20viola-200x300.jpg 200w, http:\/\/www.crfj.org\/wp-content\/uploads\/2022\/10\/photo20karen20par20viola-400x600.jpg 400w, http:\/\/www.crfj.org\/wp-content\/uploads\/2022\/10\/photo20karen20par20viola-600x900.jpg 600w, http:\/\/www.crfj.org\/wp-content\/uploads\/2022\/10\/photo20karen20par20viola-683x1024.jpg 683w, http:\/\/www.crfj.org\/wp-content\/uploads\/2022\/10\/photo20karen20par20viola-768x1152.jpg 768w, http:\/\/www.crfj.org\/wp-content\/uploads\/2022\/10\/photo20karen20par20viola-800x1200.jpg 800w, http:\/\/www.crfj.org\/wp-content\/uploads\/2022\/10\/photo20karen20par20viola.jpg 1000w\" sizes=\"(max-width: 683px) 100vw, 683px\" \/><\/p>\n<p style=\"text-align: justify;\"><strong>AKOKA Karen<\/strong><\/p>\n<p style=\"text-align: justify;\"><strong>Sociologue, maitresse de conf\u00e9rences en science politique<\/strong><\/p>\n<ul style=\"text-align: justify;\">\n<li>En d\u00e9l\u00e9gation (2021-2023) au Centre de Recherche Fran\u00e7ais de J\u00e9rusalem (CRFJ)<\/li>\n<li>Maitresse de conf\u00e9rences au d\u00e9partement de science politique de l\u2019Universit\u00e9 Paris-Nanterre<\/li>\n<li>Chercheuse \u00e0 l\u2019Institut des sciences sociales du politique (ISP\/CNRS)<\/li>\n<li>Fellow de l\u2019Institut Convergence Migrations (ICM)<\/li>\n<li>Docteure en sociologie<\/li>\n<\/ul>\n<p style=\"text-align: justify;\"><strong>&nbsp;<\/strong><strong>Th\u00e8mes de recherche<\/strong><a name=\"_Toc122422433\"><\/a><\/p>\n<ul style=\"text-align: justify;\">\n<li>Sociohistoire des politiques de l\u2019asile<\/li>\n<li>Histoire et usages de la distinction r\u00e9fugi\u00e9\/migrant<\/li>\n<li>Construction des cat\u00e9gories et des hi\u00e9rarchies de l\u2019alt\u00e9rit\u00e9<\/li>\n<li>Ethnographie des politiques migratoires et des pratiques de traitement diff\u00e9renci\u00e9s<\/li>\n<li>Politiques migratoires et maintien de l\u2019ordre (post)colonial, n\u00e9olib\u00e9ral et ethno-racial<\/li>\n<li>Sociologie par le bas de l\u2019action publique, du droit et des institutions<\/li>\n<li>Villes et migration, ethnographies des espaces de centralit\u00e9s migratoires, articulation des \u00e9chelles locales et nationales<\/li>\n<li>\u00c9critures alternatives, exp\u00e9rimentations Arts-Science<\/li>\n<\/ul>\n<p style=\"text-align: justify;\"><strong>Terrains<\/strong><\/p>\n<ul style=\"text-align: justify;\">\n<li>Isra\u00ebl<\/li>\n<li>France<\/li>\n<li>Chypre<\/li>\n<\/ul>\n<p style=\"text-align: justify;\"><strong>Pr\u00e9sentation<\/strong><\/p>\n<p style=\"text-align: justify;\">Mes recherches portent le gouvernement des migrations internationales. Je m\u2019int\u00e9resse en particulier aux pratiques \u00e9tatiques de <strong>classification<\/strong>, de <strong>hi\u00e9rarchisation<\/strong> et de <strong>(il)l\u00e9gitimation<\/strong> <strong>des mobilit\u00e9s<\/strong> au croisement de la sociologie, de la science politique et de l\u2019histoire.<\/p>\n<p style=\"text-align: justify;\">Je privil\u00e9gie l\u2019approche ethnographique et l\u2019analyse des <strong>politiques par le bas<\/strong>, attentive aux <strong>pratiques quotidiennes des acteurs<\/strong>. J\u2019ai ainsi \u00e9tudi\u00e9 les reconfigurations des usages de l\u2019asile et de la cat\u00e9gorie de \u00ab&nbsp;r\u00e9fugi\u00e9&nbsp;\u00bb et son <em>d\u00e9crochage <\/em>d\u2019avec celle de \u00ab&nbsp;migrant&nbsp;\u00bb, \u00e0 partir d\u2019une enqu\u00eate historique et ethnographique sur l\u2019Office Fran\u00e7ais de Protection des R\u00e9fugi\u00e9s et des Apatrides (Ofpra) des ann\u00e9es 1950 \u00e0 nos jours, en pr\u00eatant une attention particuli\u00e8re aux articulations entre les pratiques\/profils\/trajectoires des agents et des requ\u00e9rants d\u2019un c\u00f4t\u00e9 et les priorit\u00e9s politiques de l\u2019\u00c9tat de l\u2019autre.<\/p>\n<p style=\"text-align: justify;\">Je favorise par ailleurs les <strong>approches compar\u00e9es<\/strong> en faisant varier mes terrains dans le temps (p\u00e9riodes historiques) et dans l\u2019espace (pays). Je suis attentive \u00e0 <strong>d\u00e9cloisonner<\/strong> l\u2019\u00e9tude des migrations internationales du seul champ de l\u2019immigration et \u00e0 les <strong>r\u00e9inscrire dans les logiques plus larges, n\u00e9olib\u00e9rales, (post)coloniales et ethno-raciales,<\/strong> qui les fa\u00e7onnent dans chaque contexte national sp\u00e9cifique. J\u2019ai en particulier \u00e9tudi\u00e9 ces configurations en France, \u00e0 Chypre et en Isra\u00ebl o\u00f9 je m\u00e8ne actuellement mes recherches. Je travaille \u00e9galement, avec mes coll\u00e8gues Marion Fresia et Giulia Scalettaris, \u00e0 l\u2019\u00e9criture d\u2019un livre proposant une analyse du r\u00e9gime global de l\u2019asile dans le monde, \u00e0 partir de (nos) terrains ethnographiques situ\u00e9s&nbsp;: en Asie, Afrique et Europe.<\/p>\n<p style=\"text-align: justify;\">Je porte enfin une attention particuli\u00e8re \u00e0 l\u2019articulation entre les <strong>\u00e9chelles nationales et locales<\/strong> dans le gouvernement des circulations migratoires \u00e0 partir <strong>d\u2019ethnographies<\/strong> d\u2019espaces tr\u00e8s localis\u00e9s, tel le <strong>quartier ou la rue<\/strong> (quartiers migrants de Nicosie, de Tel-Aviv, jungles de Calais).<\/p>\n<p style=\"text-align: justify;\">Je m\u00e8ne actuellement (dans le cadre d\u2019une d\u00e9l\u00e9gation au CRFJ) une recherche sur les politiques migratoires envers les migrants non-juifs en Isra\u00ebl et leurs articulations avec les politiques de maintien de l\u2019ordre colonial, n\u00e9olib\u00e9ral et ethno-racial de l\u2019\u00c9tat h\u00e9breu&nbsp;; ainsi que sur l\u2019articulation des \u00e9chelles locales et nationales dans la configuration du quartier migrant de Tel-Aviv.<\/p>\n<p style=\"text-align: justify;\"><strong>&nbsp;<\/strong><strong>Projets collectifs en cours<\/strong><\/p>\n<ul style=\"text-align: justify;\">\n<li><strong>DATASILE<\/strong> (coordnatrice avec Fred Salin) &#8211; Le<strong style=\"font-size: inherit;\"> projet Datasile<\/strong><span style=\"font-size: inherit;\"> vise \u00e0 recenser les donn\u00e9es quantitatives existantes sur l\u2019asile en France, puis \u00e0 animer des groupes de travail r\u00e9unissant chercheur\u00b7e\u00b7s et acteurs associatifs pour analyser ces donn\u00e9es et d\u00e9velopper des productions visuelles et cartographiques dans le cadre d\u2019ateliers collaboratifs de formation-cr\u00e9ation. <\/span><a style=\"font-size: inherit;\" href=\"https:\/\/datasile.org\/\">https:\/\/datasile.org\/<\/a><\/li>\n<li><strong>VILMOUV &#8211; <\/strong><em>Villes en mouvement. Mobilit\u00e9s et recompositions socio-spatiales dans les espaces urbains de M\u00e9diterran\u00e9e &#8211; <\/em>Ce projet propose une investigation du lien entre mobilit\u00e9s et transformations urbaines en M\u00e9diterran\u00e9e dans un contexte de changements politiques et socio-\u00e9conomiques majeurs. \u00c0 l\u2019intersection des \u00e9tudes urbaines et des \u00e9tudes sur les mobilit\u00e9s, il s\u2019appuie sur une \u00e9quipe pluridisciplinaire et internationale de sp\u00e9cialistes de la ville, des mobilit\u00e9s et des migrations. <a style=\"font-size: inherit;\" href=\"https:\/\/www.efrome.it\/la-recherche\/programmes\/detail-programme\/vilmouv\">https:\/\/www.efrome.it\/la-recherche\/programmes\/detail-programme\/vilmouv<\/a><\/li>\n<li><strong>ATLAS CINEMA &#8211; <\/strong>Atlas cin\u00e9ma est un spectacle qui met en sc\u00e8ne, dans l\u2019espace public, un atlas g\u00e9ant. Ses pages se d\u00e9ploient sur les murs de la ville et racontent des histoires de femmes qui ont travers\u00e9 des fronti\u00e8res : des odyss\u00e9es anonymes, des destins extraordinaires. Ces r\u00e9cits sont cont\u00e9s en live avec la technique du mapping vid\u00e9o et d\u2019une narration sonore immersive : cartographies, images d\u2019archives, dessins anim\u00e9s, voix et musique. Comme son sujet, ce projet est itin\u00e9rant, gr\u00e2ce \u00e0 un dispositif de camion studio, il a vocation \u00e0 voyager et raconter d\u2019autres histoires qui seront toutes partag\u00e9es in situ avec le grand public. Chaque \u00e9tape sera l\u2019occasion d\u2019une valorisation d\u2019un site via le vid\u00e9omapping (b\u00e2timent industriel, petit patrimoine b\u00e2ti discret ou site naturel). Et chaque implantation donnera lieu \u00e0 une rencontre avec les habitants autour d\u2019ateliers de cartographies sensibles. <a style=\"font-size: inherit;\" href=\"https:\/\/atlas-cinema.org\/\">https:\/\/atlas-cinema.org\/<\/a><\/li>\n<\/ul>\n<p style=\"text-align: justify;\"><strong>Books<\/strong><\/p>\n<ul style=\"text-align: justify;\">\n<li><em>L\u2019asile et l\u2019exil. Une histoire de la distinction r\u00e9fugi\u00e9s\/migrants, <\/em>La D\u00e9couverte, 2020, 350p. <a href=\"https:\/\/www.editionsladecouverte.fr\/l_asile_et_l_exil-9782707198792\">https:\/\/www.editionsladecouverte.fr\/l_asile_et_l_exil-9782707198792<\/a><\/li>\n<li><em>Boat People\u2019 Resettlement to Western Europe and Israel: From the South China Sea to European Shores <\/em>(avec B. Taylor, M. Berlinghoff, S. Havkin), Pelgrave, 2021. <a style=\"font-size: inherit;\" href=\"https:\/\/link.springer.com\/book\/10.1007\/978-3-030-64224-\">https:\/\/link.springer.com\/book\/10.1007\/978-3-030-64224-<\/a><span style=\"font-size: inherit;\">2<\/span><\/li>\n<\/ul>\n<p style=\"text-align: justify;\"><strong>Co-direction d\u2019ouvrages\/de num\u00e9ros de revues<\/strong><\/p>\n<ul style=\"text-align: justify;\">\n<li style=\"text-align: justify;\">e.s r\u00e9fugi\u00e9.e.s et apr\u00e8s, <em>Revue Europ\u00e9enne des Migrations Internationales<\/em> (REMI), vol 33, n\u00b04, 2018, (avec O. Clochard et A. Tcholakova).<\/li>\n<li><em>Atlas des migrants dans le Monde, Libert\u00e9s de circulation, fronti\u00e8res et in\u00e9galit\u00e9s<\/em><\/li>\n<li><span style=\"font-size: inherit; text-align: justify;\">Armand Colin 2022 et<\/span><em style=\"font-size: inherit; text-align: justify;\"> Atlas des migrants en Europe. Approche critique des politiques migratoires<\/em><span style=\"font-size: inherit; text-align: justify;\"> Armand Colin, 2017. Collectif Migreurop. <\/span><a style=\"font-size: inherit; text-align: justify;\" href=\"https:\/\/www.dunod.com\/histoire-geographie-et-sciences-politiques\/atlas-migrations-dans-monde-libertes-circulation\">https:\/\/www.dunod.com\/histoire-geographie-et-sciences-politiques\/atlas-migrations-dans-monde-libertes-circulation<\/a><\/li>\n<li><em>Migrants d\u2019ici et d\u2019ailleurs, du transnational au local<\/em> (dir), Poitiers, Atlantique, 2009, 194p (Avec D. Hamelin et P. Gonin).<\/li>\n<\/ul>\n<p style=\"text-align: justify;\"><strong>&nbsp;<\/strong><strong>Articles et chapitres d\u2019ouvrages&nbsp;(s\u00e9lection)<\/strong><\/p>\n<ul style=\"text-align: justify;\">\n<li>\u00ab&nbsp;Ce que la libre circulation des marchandises fait \u00e0 celle des individus&nbsp;: des flux tendus&nbsp;\u00bb (avec M. Hellio et L. Pillant) in <em>Atlas des migrants dans le Monde, Libert\u00e9s de circulation, fronti\u00e8res et in\u00e9galit\u00e9s, <\/em>Armand Colin, 2022.<\/li>\n<li>\u00ab&nbsp;What\u2019s in a Street? Exploring Suspended Cosmopolitanism in Trikoupi, Nicosia&nbsp;\u00bb (avec I. Polyzou, O. Clochard, C. Schmoll in C. Schmoll et H. Thiollet (dir.), <em>Migration, Urbanity and Cosmopolitanism in a globalized world<\/em>, Springer, 2021. <a style=\"font-size: inherit;\" href=\"https:\/\/link.springer.com\/chapter\/10.1007\/978-3-030-67365-9_8\"><em>https:\/\/link.springer.com\/chapter\/10.1007\/978-3-030-67365-9_8<\/em><\/a><\/li>\n<li style=\"text-align: justify;\"><em>&nbsp;<\/em>\u00ab&nbsp;Les transformations de l\u2019Ofpra (1952-2018)&nbsp;\u00bb et \u00ab&nbsp;L\u2019invention du demandeur d\u2019asile&nbsp;\u00bb in R. Bertrand et P. Boucheron (dir), <em>Faire mus\u00e9e d\u2019une histoire commune&nbsp;\u00bb<\/em>, Seuil 2019.<\/li>\n<li>Akoka Karen, \u00ab&nbsp;La fabrique des r\u00e9fugi\u00e9s dans la guerre froide&nbsp;: une ethnographie historique de l\u2019instruction en pratique&nbsp;\u00bb, <em>Politique et soci\u00e9t\u00e9s<\/em>, vol 38, n. 3, 2019. <a style=\"font-size: inherit;\" href=\"https:\/\/www.erudit.org\/fr\/revues\/ps\/2019-v38-n1-ps04467\/1058289ar\/\">https:\/\/www.erudit.org\/fr\/revues\/ps\/2019-v38-n1-ps04467\/1058289ar\/<\/a><\/li>\n<li>Akoka Karen, Clochard Olivier, Chappart Pascaline, \u00ab&nbsp;Les trois subordinations des politiques d\u2019asile&nbsp;\u00bb, in Scioldo-Zurcher, Hily, Ma Mung, (dir),<em> \u00c9tudier les migrations internationales, <\/em>Presses Universitaires Fran\u00e7ois Rabelais, 2019<\/li>\n<li>\u00ab&nbsp;Chypre et l\u2019utilitarisme migratoire : confins de l\u2019Europe ou future mod\u00e8le?, in Camille Schmoll et Nathalie Bernardie Tahir, <em>M\u00e9diterran\u00e9e&nbsp;: des fronti\u00e8res \u00e0 la d\u00e9rive, <\/em>Babels biblioth\u00e8que des fronti\u00e8res, Le passager clandestin, 2018<\/li>\n<li style=\"text-align: justify;\"><em>&nbsp;<\/em>\u00ab&nbsp;R\u00e9fugi\u00e9s ou migrants&nbsp;? Les enjeux politiques d\u2019une distinction juridique&nbsp;\u00bb, <em>Nouvelle revue de psychosociologie, n\u00b025,<\/em><\/li>\n<li>\u00ab&nbsp;La condition de r\u00e9fugi\u00e9.e&nbsp;: exp\u00e9riences subjectives et mobilisations collectives, in <em>Revue Europ\u00e9enne des Migrations Internationales<\/em> (REMI), vol 33, n\u00b04, 2018 <a style=\"font-size: inherit;\" href=\"https:\/\/journals.openedition.org\/remi\/8915\">https:\/\/journals.openedition.org\/remi\/8915<\/a><\/li>\n<li>\u00ab&nbsp;R\u00e9gime de confinement et gestion des migrations sur l\u2019\u00eele de Chypre&nbsp;\u00bb, (avec O. Clochard) <em>L\u2019espace politique, <\/em>n\u00b025, 2015 <a style=\"font-size: inherit;\" href=\"https:\/\/journals.openedition.org\/espacepolitique\/3381\">https:\/\/journals.openedition.org\/espacepolitique\/3381<\/a><\/li>\n<li>\u00ab Pour une histoire sociale de l\u2019asile politique en France \u00bb (p. 67-77), <em>Pouvoirs<\/em>, n\u00b0144, 2013 <a style=\"font-size: inherit;\" href=\"https:\/\/www.cairn.info\/revue-pouvoirs-2013-1-page-67.htm\">https:\/\/www.cairn.info\/revue-pouvoirs-2013-1-page-67.htm<\/a><\/li>\n<li>\u00ab&nbsp;La demande d&rsquo;asile en Isra\u00ebl&nbsp;\u00bb in Luc Cambr\u00e9zy, Sma\u00efn Laacher, V\u00e9ronique Lassailly-Jacob, Luc Legoux. <em>L&rsquo;asile au sud<\/em>, La Dispute 2008.<\/li>\n<\/ul>\n<p style=\"text-align: justify;\"><strong>M\u00e9dias\/vulgarisation de la recherche (s\u00e9lection)<\/strong><\/p>\n<ul style=\"text-align: justify;\">\n<li><em>Arte, Les id\u00e9es larges<\/em> (Vid\u00e9o) \u00ab Y a-t-il des vrais et des faux refugi\u00e9s ? \u00bb, fev 2022, <a style=\"font-size: inherit;\" href=\"https:\/\/www.arte.tv\/fr\/videos\/103447-006-A\/y-a-t-il-des-vrais-et-des-faux-refugies\/\">https:\/\/www.arte.tv\/fr\/videos\/103447-006-A\/y-a-t-il-des-vrais-et-des-faux-refugies\/<\/a><\/li>\n<\/ul>\n<ul style=\"text-align: justify;\">\n<li><em>AOC, \u00ab&nbsp;<\/em>De l\u2019usage des campements dans les politiques migratoires \u00bb, 6\/1\/2021 <a style=\"font-size: inherit;\" href=\"https:\/\/aoc.media\/analyse\/2021\/01\/05\/de-lusage-des-campements-dans-les-politiques-migratoires\/\">https:\/\/aoc.media\/analyse\/2021\/01\/05\/de-lusage-des-campements-dans-les-politiques-migratoires\/<\/a><\/li>\n<\/ul>\n<ul style=\"text-align: justify;\">\n<li><em>Hors-s\u00e9rie<\/em> (Vid\u00e9o), \u00ab La fabrique du demandeur d\u2019asile \u00bb, dec 2020, <a style=\"font-size: inherit;\" href=\"https:\/\/www.hors-serie.net\/Aux-Ressources\/2020-12-19\/La-fabrique-du-demandeur-d-asile-id426\">https:\/\/www.hors-serie.net\/Aux-Ressources\/2020-12-19\/La-fabrique-du-demandeur-d-asile-id426<\/a><\/li>\n<\/ul>\n<ul>\n<li><em>France culture, La suite dans les id\u00e9es, \u00ab&nbsp;Ce qui fait un r\u00e9fugi\u00e9&nbsp;\u00bb, sept 2020 <\/em><a href=\"https:\/\/www.radiofrance.fr\/franceculture\/podcasts\/la-suite-dans-les-idees\/ce-qui-fait-un-refugie-5080997\">https:\/\/www.radiofrance.fr\/franceculture\/podcasts\/la-suite-dans-les-idees\/ce-qui-fait-un-refugie-5080997<\/a><\/li>\n<li><em>Le Monde <\/em>(Itw), \u00ab&nbsp;Le statut de refugie en dit plus sur ceux qui l\u2019attribuent que sur ceux qu\u2019il d\u00e9signe&nbsp;\u00bb, <a href=\"https:\/\/www.lemonde.fr\/international\/article\/2021\/08\/30\/karen-akoka-le-statut-de-refugie-en-dit-plus-sur-ceux-qui-l-attribuent-que-sur-ceux-qu-il-designe_6092733_3210.html\"><em>https:\/\/www.lemonde.fr\/international\/article\/2021\/08\/30\/karen-akoka-le-statut-de-refugie-en-dit-plus-sur-ceux-qui-l-attribuent-que-sur-ceux-qu-il-designe_6092733_3210.html<\/em><\/a><\/li>\n<li><em>Lib\u00e9ration (<\/em>Tribune) \u00ab Politique migratoire : l\u2019irrationalit\u00e9 au pouvoir ? \u00bb 16\/1\/2018 <a style=\"font-size: inherit;\" href=\"https:\/\/www.liberation.fr\/debats\/2018\/01\/16\/politique-migratoire-l-irrationalite-au-pouvoir_1622761\/\">https:\/\/www.liberation.fr\/debats\/2018\/01\/16\/politique-migratoire-l-irrationalite-au-pouvoir_1622761\/<\/a><\/li>\n<li style=\"text-align: justify;\"><em>Le Monde (Le Monde des Id\u00e9es)<\/em> &#8211; Itw&nbsp;: \u00ab&nbsp;L\u2019autre calvaire de l\u2019exode&nbsp;\u00bb, 9\/7\/2016<\/li>\n<li><em>M\u00e9diapart<\/em> (Vid\u00e9o) \u00ab La construction du r\u00e9fugi\u00e9 \u00bb, Soir\u00e9e au Th\u00e9atre de la ville, 26\/5\/2016, <a style=\"font-size: inherit; text-align: justify;\" href=\"https:\/\/www.mediapart.fr\/journal\/international\/270516\/karen-akoka-la-construction-du-refugie\">https:\/\/www.mediapart.fr\/journal\/international\/270516\/karen-akoka-la-construction-du-refugie<\/a><\/li>\n<\/ul>\n<p style=\"text-align: justify;\"><strong>Autres<\/strong><\/p>\n<ul style=\"text-align: justify;\">\n<li>Membre du comit\u00e9 scientifique de l\u2019<strong>exposition \u00ab&nbsp;Migrations asiatiques en France <\/strong>\u00bb au Mus\u00e9e national de l\u2019histoire de l\u2019immigration (MNHI), ouverture pr\u00e9vue en novembre 2023<\/li>\n<li>Membre du comit\u00e9 scientifique de <strong>l\u2019Ethnopole<\/strong> \u00ab\u00a0Migrations, Fronti\u00e8res, M\u00e9moires\u00a0\u00bb. <a href=\"https:\/\/lecpa.hypotheses.org\/\">https:\/\/lecpa.hypotheses.org\/<\/a><\/li>\n<\/ul>\n<p style=\"text-align: justify;\">\n<p style=\"text-align: justify;\">\n<p style=\"text-align: justify;\">\n<p style=\"text-align: justify;\">\n<p style=\"text-align: justify;\">\n<p style=\"text-align: justify;\">","protected":false},"excerpt":{"rendered":"<p>AKOKA Karen Sociologue, maitresse de conf\u00e9rences en science politique En d\u00e9l\u00e9gation (2021-2023) au Centre de Recherche Fran\u00e7ais de J\u00e9rusalem (CRFJ) Maitresse de conf\u00e9rences au d\u00e9partement de science politique de l\u2019Universit\u00e9 Paris-Nanterre Chercheuse \u00e0 l\u2019Institut des sciences sociales du politique (ISP\/CNRS) Fellow de l\u2019Institut Convergence Migrations (ICM) Docteure en sociologie &nbsp;Th\u00e8mes de recherche Sociohistoire des politiques de [&hellip;]<\/p>","protected":false},"author":2,"featured_media":0,"parent":0,"menu_order":0,"comment_status":"closed","ping_status":"closed","template":"","meta":[],"_links":{"self":[{"href":"http:\/\/www.crfj.org\/en\/wp-json\/wp\/v2\/pages\/16130"}],"collection":[{"href":"http:\/\/www.crfj.org\/en\/wp-json\/wp\/v2\/pages"}],"about":[{"href":"http:\/\/www.crfj.org\/en\/wp-json\/wp\/v2\/types\/page"}],"author":[{"embeddable":true,"href":"http:\/\/www.crfj.org\/en\/wp-json\/wp\/v2\/users\/2"}],"replies":[{"embeddable":true,"href":"http:\/\/www.crfj.org\/en\/wp-json\/wp\/v2\/comments?post=16130"}],"version-history":[{"count":4,"href":"http:\/\/www.crfj.org\/en\/wp-json\/wp\/v2\/pages\/16130\/revisions"}],"predecessor-version":[{"id":16136,"href":"http:\/\/www.crfj.org\/en\/wp-json\/wp\/v2\/pages\/16130\/revisions\/16136"}],"wp:attachment":[{"href":"http:\/\/www.crfj.org\/en\/wp-json\/wp\/v2\/media?parent=16130"}],"curies":[{"name":"wp","href":"https:\/\/api.w.org\/{rel}","templated":true}]}}