{"id":13686,"date":"2020-01-07T11:04:02","date_gmt":"2020-01-07T10:04:02","guid":{"rendered":"http:\/\/www.crfj.org\/?page_id=13686"},"modified":"2021-12-30T11:09:49","modified_gmt":"2021-12-30T10:09:49","slug":"julien-vieugue","status":"publish","type":"page","link":"http:\/\/www.crfj.org\/en\/julien-vieugue\/","title":{"rendered":"Julien Vieugu\u00e9"},"content":{"rendered":"<p><img loading=\"lazy\" class=\"alignnone size-full wp-image-13689\" src=\"http:\/\/www.crfj.org\/wp-content\/uploads\/2020\/01\/Photo-JV-site-web.jpg\" alt=\"\" width=\"966\" height=\"543\" srcset=\"http:\/\/www.crfj.org\/wp-content\/uploads\/2020\/01\/Photo-JV-site-web-200x112.jpg 200w, http:\/\/www.crfj.org\/wp-content\/uploads\/2020\/01\/Photo-JV-site-web-300x169.jpg 300w, http:\/\/www.crfj.org\/wp-content\/uploads\/2020\/01\/Photo-JV-site-web-400x225.jpg 400w, http:\/\/www.crfj.org\/wp-content\/uploads\/2020\/01\/Photo-JV-site-web-600x337.jpg 600w, http:\/\/www.crfj.org\/wp-content\/uploads\/2020\/01\/Photo-JV-site-web-768x432.jpg 768w, http:\/\/www.crfj.org\/wp-content\/uploads\/2020\/01\/Photo-JV-site-web-800x450.jpg 800w, http:\/\/www.crfj.org\/wp-content\/uploads\/2020\/01\/Photo-JV-site-web.jpg 966w\" sizes=\"(max-width: 966px) 100vw, 966px\" \/><\/p>\n<p><a href=\"mailto:Julien.VIEUGUE@cnrs.fr\">Julien Vieugu\u00e9<\/a> &#8211; <a href=\"\/en\/_wp_link_placeholder\/\" data-wplink-edit=\"true\">Charg\u00e9 de recherche au CNRS<\/a>, affect\u00e9 au CRFJ depuis le 1er septembre 2019.<\/p>\n<p><strong>DOMAINE DE RECHERCHE<\/strong><\/p>\n<p>Julien Vieugu\u00e9 est arch\u00e9ologue sp\u00e9cialiste des premi\u00e8res soci\u00e9t\u00e9s n\u00e9olithiques de M\u00e9diterran\u00e9e. Ses recherches visent \u00e0 \u00e9clairer les moteurs de l\u2019\u00e9volution manifeste des habitudes alimentaires des populations aux 7<sup>th<\/sup>-6<sup>th<\/sup> mill\u00e9naires par le biais original de l\u2019\u00e9tude des usages de la poterie. Pour identifier la fonction des toutes premi\u00e8res c\u00e9ramiques, il applique une m\u00e9thode d\u2019\u00e9tude pluridisciplinaire qui combine de fa\u00e7on in\u00e9dite les aspects morpho-dimensionnels (forme, taille et volume) et les traces d\u2019utilisation (usures et r\u00e9sidus) des vases n\u00e9olithiques. A l\u2019heure actuelle, ses travaux se structurent en deux volets principaux :<\/p>\n<ol>\n<li>Volet ethnographique en Afrique de l\u2019Ouest (S\u00e9n\u00e9gal). Ce volet a pour principal objectif l\u2019\u00e9laboration de nouveaux protocoles d\u2019analyse et la construction de r\u00e9f\u00e9rentiels interpr\u00e9tatifs \u00e9largis sur l\u2019usage des poteries. Les recherches s\u2019effectuent dans le cadre du projet FNRS \u00ab\u00a0<em>Foodways in West Africa: an integrated approach of pots, animals and plants<\/em>\u00a0\u00bb (dir. Anne Mayor, Martine Regert et Tobias Haller)<\/li>\n<li>Volet arch\u00e9ologique sur les d\u00e9buts du N\u00e9olithique c\u00e9ramique au Levant Sud (Isra\u00ebl). Ce volet ambitionne d\u2019\u00e9clairer les rythmes, les causes et les modalit\u00e9s d\u2019adoption de la c\u00e9ramique dans cette partie du Croissant fertile. Les recherches s\u2019effectuent dans le cadre du projet ANR \u00ab\u00a0<em>From stone to ceramic vessels: paces, causes and processes for the late adoption of pottery in the Southern Levant\u00a0<\/em>\u00bb (dir. J. Vieugu\u00e9).<\/li>\n<\/ol>\n<p><strong>\u00a0<\/strong><\/p>\n<p><strong>BIBLIOGRAPHIE SELECTIVE<\/strong><\/p>\n<p>Vieugu\u00e9 J. 2013 \u2014 Use-wear analysis of prehistoric pottery: methodological contributions from the study of the earliest ceramic vessels in Bulgaria (6100-5500 cal. BC),\u00a0<em>Journal of Archaeological Science<\/em>\u00a041 (1), p. 622-630.<\/p>\n<p>Vieugu\u00e9 J. 2013 \u2014 Caract\u00e9risation des traces d\u2019utilisation sur poteries : l\u2019apport de la chimie et de la trac\u00e9ologie,\u00a0<em>In<\/em>\u00a0S. THI\u00c9BAULT &amp; P. DEPAEPE dir.,\u00a0<em>L\u2019arch\u00e9ologie au Laboratoire<\/em>, Actes du colloque international de l\u2019INRAP, Paris.<\/p>\n<p>Vieugu\u00e9 J. 2014 \u2014\u00a0<em>Fonctions des contenants et des outils en c\u00e9ramique : les premi\u00e8res\u00a0productions de Bulgarie (6\u00e8me\u00a0mill\u00e9naire av. <\/em><em>J.-C.)<\/em>. Paris, CNRS \u00c9ditions.<\/p>\n<p>Vieugu\u00e9 J.,\u00a0Salanova L., Regert M., Mirabaud S., Le H\u00f4 A.-S., Laval E. 2014 \u2014 The consumption of bone powder in the Early Neolithic societies of South-eastern Europe: evidence of a diet stress?\u00a0<em>Cambridge Archaeological Journal<\/em>\u00a025 (2), p. 495-511.<\/p>\n<p>Vieugu\u00e9 J. 2015 &#8211; What were the recycled potsherds used for? Use-wear analysis of\u00a0Early Neolithic industries from South-eastern Bulgaria (6100-5600 cal BC),\u00a0<em>Journal of Archaeological Science<\/em>\u00a058, p. 89-102.<\/p>\n<p>Vieugu\u00e9 J., Garfinkel Y., Barzilai O., Van Den Brink E. 2016 &#8211; Pottery function and culinary practices of Yarmukian societies in the late 7<sup>th<\/sup> millennium cal. BC: first results. Pal\u00e9orient, 42\/2 Paris. p. 103-122.<\/p>","protected":false},"excerpt":{"rendered":"<p>Julien Vieugu\u00e9 &#8211; Charg\u00e9 de recherche au CNRS, affect\u00e9 au CRFJ depuis le 1er septembre 2019. DOMAINE DE RECHERCHE Julien Vieugu\u00e9 est arch\u00e9ologue sp\u00e9cialiste des premi\u00e8res soci\u00e9t\u00e9s n\u00e9olithiques de M\u00e9diterran\u00e9e. Ses recherches visent \u00e0 \u00e9clairer les moteurs de l\u2019\u00e9volution manifeste des habitudes alimentaires des populations aux 7\u00e8me-6\u00e8me mill\u00e9naires par le biais original de l\u2019\u00e9tude des usages [&hellip;]<\/p>","protected":false},"author":2,"featured_media":0,"parent":0,"menu_order":0,"comment_status":"closed","ping_status":"closed","template":"","meta":[],"_links":{"self":[{"href":"http:\/\/www.crfj.org\/en\/wp-json\/wp\/v2\/pages\/13686"}],"collection":[{"href":"http:\/\/www.crfj.org\/en\/wp-json\/wp\/v2\/pages"}],"about":[{"href":"http:\/\/www.crfj.org\/en\/wp-json\/wp\/v2\/types\/page"}],"author":[{"embeddable":true,"href":"http:\/\/www.crfj.org\/en\/wp-json\/wp\/v2\/users\/2"}],"replies":[{"embeddable":true,"href":"http:\/\/www.crfj.org\/en\/wp-json\/wp\/v2\/comments?post=13686"}],"version-history":[{"count":4,"href":"http:\/\/www.crfj.org\/en\/wp-json\/wp\/v2\/pages\/13686\/revisions"}],"predecessor-version":[{"id":15520,"href":"http:\/\/www.crfj.org\/en\/wp-json\/wp\/v2\/pages\/13686\/revisions\/15520"}],"wp:attachment":[{"href":"http:\/\/www.crfj.org\/en\/wp-json\/wp\/v2\/media?parent=13686"}],"curies":[{"name":"wp","href":"https:\/\/api.w.org\/{rel}","templated":true}]}}