{"id":12579,"date":"2018-03-08T14:23:24","date_gmt":"2018-03-08T13:23:24","guid":{"rendered":"http:\/\/www.crfj.org\/?page_id=12579"},"modified":"2018-03-08T14:35:03","modified_gmt":"2018-03-08T13:35:03","slug":"michele-baussant-publications","status":"publish","type":"page","link":"http:\/\/www.crfj.org\/en\/michele-baussant-publications\/","title":{"rendered":"Mich\u00e8le Baussant &#8211; publications"},"content":{"rendered":"<h3 style=\"text-align: justify;\" data-fontsize=\"17\" data-lineheight=\"23\">Livres et direction d\u2019ouvrages<\/h3>\n<p style=\"text-align: justify;\">\n<ol style=\"text-align: justify;\">\n<li>Baussant, Mich\u00e8le, Chauliac, Marina, Gensburger Sarah et Venel Nancy (dir.), <em>Ethnographie de la m\u00e9moire. De Villeurbanne \u00e0 Valparaiso Territoires, terrains et \u00e9chelles d\u2019observation, <\/em>Nanterre, Presses de l\u2019Universit\u00e9 de Paris Ouest, 2017 (sous presse)<\/li>\n<li>Baussant, Mich\u00e8le, Dos Santos Ir\u00e8ne, Ribert Evelyne et Rivoal Isabelle (dir.), <em>Migrations humaines et mises en r\u00e9cit m\u00e9morielles. Approches crois\u00e9es en anthropologie et pr\u00e9histoire, <\/em>Nanterre, Presses Universitaires de Paris Ouest, 2015.<\/li>\n<\/ol>\n<p style=\"text-align: justify;\">\n<h3 style=\"text-align: justify;\" data-fontsize=\"17\" data-lineheight=\"23\">Directions de num\u00e9ros de revue<\/h3>\n<p style=\"text-align: justify;\">\n<ol style=\"text-align: justify;\">\n<li>Basset Karine, Baussant, Mich\u00e8le, <em>Utopies, nostalgies : approches crois\u00e9es, <\/em>Revue Conserveries m\u00e9morielles (Dossier en cours d\u2019\u00e9valuation).<\/li>\n<li>Baussant, Mich\u00e8le, Chauliac Marina, Dos Santos Ir\u00e8ne, Ribert Evelyne et Venel Nancy, M\u00e9moires des migrations, <em>Communications, <\/em>Editions du Seuil, 2017.<\/li>\n<\/ol>\n<p style=\"text-align: justify;\">\n<h3 style=\"text-align: justify;\" data-fontsize=\"17\" data-lineheight=\"23\">Articles dans RAC<\/h3>\n<p style=\"text-align: justify;\">\n<ol style=\"text-align: justify;\">\n<li>Baussant, Mich\u00e8le, Chauliac Marina, Dos Santos Ir\u00e8ne, Ribert Evelyne et Venel Nancy, 2017, \u00ab M\u00e9moires des migrations \u00bb, <em>Communications, <\/em>n\u00b0100, Editions du Seuil, 2017.<\/li>\n<li>Baussant, Mich\u00e8le, 2017, \u00ab Temporalit\u00e9s bris\u00e9es et \u00e2ges de la vie : les Juifs d\u2019Egypte en exil \u00bb, <em>Communications, <\/em>n\u00b0100, 2017.<\/li>\n<li>Baussant, Mich\u00e8le, 2017, Marges, fronti\u00e8res, br\u00e8ches : essai sur une condition cosmopolite. A propos de Michel Agier, La condition cosmopolite. L\u2019anthropologie \u00e0<\/li>\n<\/ol>\n<p style=\"text-align: justify;\">l\u2019\u00e9preuve\u00a0\u00a0\u00a0\u00a0\u00a0\u00a0\u00a0\u00a0\u00a0\u00a0\u00a0\u00a0\u00a0\u00a0\u00a0\u00a0\u00a0\u00a0\u00a0 du\u00a0\u00a0\u00a0\u00a0\u00a0\u00a0\u00a0 pi\u00e8ge\u00a0\u00a0\u00a0\u00a0\u00a0\u00a0\u00a0\u00a0\u00a0 identitaire,\u00a0\u00a0\u00a0\u00a0\u00a0\u00a0\u00a0 Lectures\u00a0\u00a0\u00a0\u00a0\u00a0\u00a0\u00a0 anthropologiques\u00a0\u00a0\u00a0\u00a0\u00a0\u00a0\u00a0\u00a0 3,<br \/>\n<a href=\"http:\/\/lecturesanthropologiques.fr\/lodel\/lecturesanthropologiques\/index.php?id=548\">http:\/\/lecturesanthropologiques.fr\/lodel\/lecturesanthropologiques\/index.php?id=548<\/a><\/p>\n<ol style=\"text-align: justify;\" start=\"4\">\n<li>Baussant, Mich\u00e8le, 2016, \u00ab Aslak eh : de Juif en Egypte \u00e0 Juif d\u2019Egypte \u00bb, <em>Diasporas, <\/em>27 p. 73-89.<\/li>\n<li>Baussant, Mich\u00e8le, 2015, \u00ab Un nom \u00e9ternel qui ne sera jamais effac\u00e9: nostalgie et langue chez les Juifs d\u2019Egypte en France \u00bb, <em>Terrain, <\/em>65 .<\/li>\n<\/ol>\n<p style=\"text-align: justify;\">\n<h3 style=\"text-align: justify;\" data-fontsize=\"17\" data-lineheight=\"23\">Chapitres d\u2019ouvrages<\/h3>\n<p style=\"text-align: justify;\">\n<ol>\n<li style=\"text-align: justify;\">Baussant Mich\u00e8le, 2018, \u00ab Ce que les sciences sociales nous disent de la m\u00e9moire \u00bb, in Anne de Mathan et Laurent Le Gall, <em>M\u00e9moires de la r\u00e9volution fran\u00e7aise, <\/em>Rennes, Presses universitaires de Rennes (accept\u00e9).<\/li>\n<li style=\"text-align: justify;\">Baussant, Mich\u00e8le, 2018, \u00ab Broken Histories, Silenced memories and reappropriations of the past: The Jews from Egypt and from islamic countries \u00bb, in A.BAZIN et C.PERRON (dir.), How to address the loss ? Forced migrations, lost territories and politics of history in Germany and in Europe in the XXth century, Oxford, Peter Lang, (sous presse).<\/li>\n<li style=\"text-align: justify;\">Baussant, Mich\u00e8le, 2018, \u00ab Un territoire disparu : quels acteurs en gardent la m\u00e9moire ? L\u2019exemple des Juifs d\u2019Egypte \u00bb, in Baussant, Mich\u00e8le, Chauliac, Marina, Gensburger Sarah et Venel Nancy (dir.), <em>Ethnographie de la m\u00e9moire. De Villeurbanne \u00e0 Valparaiso Territoires, terrains et \u00e9chelles d\u2019observation, <\/em>Nanterre, Presses de l\u2019Universit\u00e9 de Paris Ouest (sous presse).<\/li>\n<li style=\"text-align: justify;\">Baussant, Mich\u00e8le, Chauliac, Marina, Gensburger Sarah et Venel Nancy (dir.), 2018, \u00ab Les terrains de la m\u00e9moire. Approches crois\u00e9es \u00e0 l\u2019\u00e9chelle locale \u00bb, in Baussant, Mich\u00e8le, Chauliac, Marina, Gensburger Sarah et Venel Nancy (dir.), <em>Ethnographie de la m\u00e9moire. De Villeurbanne \u00e0 Valparaiso Territoires, terrains et \u00e9chelles d\u2019observation, <\/em>Nanterre, Presses de l\u2019Universit\u00e9 de Paris Ouest (sous presse).<\/li>\n<li style=\"text-align: justify;\">Baussant, Mich\u00e8le, 2015, \u00ab Juifs d\u2019Egypte en France : un patrimoine en survie? \u00bb, in Chantal Bordes-Benayoun (dir.), <em>Socio-anthropologie des juda\u00efsmes contemporains, <\/em>Paris, Editions Honor\u00e9 Champion, p.81-100.<\/li>\n<li style=\"text-align: justify;\">Baussant, Mich\u00e8le, 2015, \u00ab Pilgrimages, commemorative spaces and counter-memory among the Europeans of Algeria\u00a0\u00bb, in Manuel Borutta and Jan Jansen (\u00e9d.), <em>Vertriebene and Pieds-Noirs, <\/em>London and NY, Palgrave Macmillan<\/li>\n<li style=\"text-align: justify;\">Baussant, Mich\u00e8le, 2015, \u00ab Travail de la m\u00e9moire et usages publics du pass\u00e9 : l\u2019exemple des juifs d\u2019Egypte \u00bb, in Marianne Amar et H\u00e9l\u00e8ne Bertheleu (\u00e9d.), <em>M\u00e9moires des migrations et temps de l\u2019histoire, <\/em>Tours, Presses Fran\u00e7ois Rabelais Universit\u00e9 de Tours.<\/li>\n<li style=\"text-align: justify;\">Baussant, Mich\u00e8le, Dos Santos Ir\u00e8ne, Ribert Evelyne et Rivoal Isabelle, 2015, \u00ab\u00a0Logiques m\u00e9morielles et temporalit\u00e9s migratoires. Une introduction \u00bb, in Mich\u00e8le Baussant, Ir\u00e8ne Dos Santos, Evelyne Ribert et Isabelle Rivoal (dir.), <em>Migrations humaines et mises en r\u00e9cit m\u00e9morielles. Approches crois\u00e9es en anthropologie et pr\u00e9histoire, <\/em>Nanterre, Presses Universitaires de Paris Ouest.<\/li>\n<\/ol>","protected":false},"excerpt":{"rendered":"<p>Livres et direction d\u2019ouvrages Baussant, Mich\u00e8le, Chauliac, Marina, Gensburger Sarah et Venel Nancy (dir.), Ethnographie de la m\u00e9moire. De Villeurbanne \u00e0 Valparaiso Territoires, terrains et \u00e9chelles d\u2019observation, Nanterre, Presses de l\u2019Universit\u00e9 de Paris Ouest, 2017 (sous presse) Baussant, Mich\u00e8le, Dos Santos Ir\u00e8ne, Ribert Evelyne et Rivoal Isabelle (dir.), Migrations humaines et mises en r\u00e9cit m\u00e9morielles. Approches [&hellip;]<\/p>","protected":false},"author":1,"featured_media":0,"parent":0,"menu_order":0,"comment_status":"closed","ping_status":"closed","template":"","meta":[],"_links":{"self":[{"href":"http:\/\/www.crfj.org\/en\/wp-json\/wp\/v2\/pages\/12579"}],"collection":[{"href":"http:\/\/www.crfj.org\/en\/wp-json\/wp\/v2\/pages"}],"about":[{"href":"http:\/\/www.crfj.org\/en\/wp-json\/wp\/v2\/types\/page"}],"author":[{"embeddable":true,"href":"http:\/\/www.crfj.org\/en\/wp-json\/wp\/v2\/users\/1"}],"replies":[{"embeddable":true,"href":"http:\/\/www.crfj.org\/en\/wp-json\/wp\/v2\/comments?post=12579"}],"version-history":[{"count":1,"href":"http:\/\/www.crfj.org\/en\/wp-json\/wp\/v2\/pages\/12579\/revisions"}],"predecessor-version":[{"id":12580,"href":"http:\/\/www.crfj.org\/en\/wp-json\/wp\/v2\/pages\/12579\/revisions\/12580"}],"wp:attachment":[{"href":"http:\/\/www.crfj.org\/en\/wp-json\/wp\/v2\/media?parent=12579"}],"curies":[{"name":"wp","href":"https:\/\/api.w.org\/{rel}","templated":true}]}}