{"id":12569,"date":"2018-03-08T14:13:51","date_gmt":"2018-03-08T13:13:51","guid":{"rendered":"http:\/\/www.crfj.org\/?page_id=12569"},"modified":"2018-03-08T14:34:39","modified_gmt":"2018-03-08T13:34:39","slug":"francois-bon-publications","status":"publish","type":"page","link":"http:\/\/www.crfj.org\/en\/francois-bon-publications\/","title":{"rendered":"Fran\u00e7ois Bon &#8211; publications"},"content":{"rendered":"<p style=\"text-align: justify;\"><strong><em>Books<\/em><\/strong><\/p>\n<p style=\"text-align: justify;\">Bon F., 2009\u00a0:\u00a0<em>Pr\u00e9histoire. La fabrique de l\u2019homme<\/em>. Paris, Editions du Seuil, \u00ab\u00a0l\u2019Univers historique\u00a0\u00bb, 349\u00a0p.<\/p>\n<p style=\"text-align: justify;\">Bon F., 2002\u00a0:\u00a0<em>L\u2019Aurignacien entre Mer et Oc\u00e9an. R\u00e9flexion sur l\u2019unit\u00e9 des phases anciennes de l\u2019Aurignacien dans le sud de la France<\/em>. Paris, SPF, M\u00e9moire de la Soci\u00e9t\u00e9 Pr\u00e9historique Fran\u00e7aise, XXIX, 253 p.<\/p>\n<p style=\"text-align: justify;\">Le Quellec J.-L., Fauvelle-Aymar F.-X. et Bon F., 2009\u00a0:\u00a0<em>Vol de vaches \u00e0 Christol Cave. Histoire critique d\u2019une image rupestre d\u2019Afrique du Sud.<\/em>\u00a0Paris, Publications de la Sorbonne, \u00ab Locus solus \u00bb, 176\u00a0p.<\/p>\n<p style=\"text-align: justify;\"><strong><em>Edition d\u2019ouvrages collectifs<\/em><\/strong><\/p>\n<p style=\"text-align: justify;\">Astruc L., Bon F., L\u00e9a V., Milcent P.-Y. et Philibert S. dir., 2006\u00a0:\u00a0<em>Normes techniques et pratiques sociales. De la simplicit\u00e9 des outillages pr\u00e9- et protohistoriques<\/em>. Actes des XXVIe Rencontres Internationales d\u2019Arch\u00e9ologie et d\u2019Histoire d\u2019Antibes, 2005, Ed. APDCA, 431 p.<\/p>\n<p style=\"text-align: justify;\">Bon, S.\u00a0Costamagno et N. Valdeyron dir., 2011\u00a0: <em>Haltes de chasse en Pr\u00e9histoire. Quelles r\u00e9alit\u00e9s arch\u00e9ologiques\u00a0?<\/em> Actes du colloque organis\u00e9 \u00e0 l\u2019universit\u00e9 de Toulouse 2, mai 2009. Dossier th\u00e9matique de la revue <em>Palethnologie<\/em> , vol. 3, <a href=\"http:\/\/www.palethnologie.org\/fr\/revue-2011.html\">http:\/\/www.palethnologie.org\/fr\/revue-2011.html<\/a> (Version bilingue Fran\u00e7ais-Anglais).<\/p>\n<p style=\"text-align: justify;\">Bon F., Dubois S. et Labails D. dir., 2010\u00a0:\u00a0<em>Le mus\u00e9um de Toulouse et l\u2019invention de la pr\u00e9histoire<\/em>. Toulouse, Editions du Mus\u00e9um de Toulouse, 232 p.<\/p>\n<p style=\"text-align: justify;\">Bon F., Ma\u00edllo Fern\u00e1ndez J. M. et Ortega Cobos D. eds , 2006\u00a0:\u00a0<em>En torno a los conceptos de Protoauri\u0148aciense, Auri\u0148aciense arcaico, inicial <\/em>D. <em>y antiguo (unidad y variabilidad de los comportamientos tecnol\u00f3gicos de los primeros grupos de humanos modernos en el sur de Francia y norte de Espa\u0148a)<\/em>, Actes de la Table-ronde de Toulouse, 2003.\u00a0<em>Espacio, Tiempo y Forma,\u00a0<\/em>Serie I, Prehistoria y Arqueolog\u00eda, t. 15, 2002 (2006), 262 p.<\/p>\n<p style=\"text-align: justify;\">Le Brun-Ricalens F. \u00e9d., Bordes J.-G. et Bon F. coord., 2005\u00a0:\u00a0<em>Productions lamellaires attribu\u00e9es \u00e0 l\u2019Aurignacien : Cha\u00eenes op\u00e9ratoires et perspectives techno-culturelles<\/em>. Actes de la table-ronde organis\u00e9e dans le cadre du XIVe congr\u00e8s de l\u2019UISPP, Li\u00e8ge, 2001.<em>Arch\u00e9ologiques<\/em>, 1, Luxembourg, 568 p.<\/p>\n<p style=\"text-align: justify;\"><strong><em>Articles et chapitres d\u2019ouvrage (s\u00e9lection depuis 2010)<\/em><\/strong><\/p>\n<p style=\"text-align: justify;\"><strong><em>\u00a0<\/em><\/strong>Anderson L., Bon F., Bordes J.-G., Pasquini A., Slimak L. et Teyssandier N., 2015 \u2013 Relier des espaces, construire de nouveaux r\u00e9seaux\u00a0: aux origines du Protoaurignacien et des d\u00e9buts du Pal\u00e9olithique sup\u00e9rieur en Europe occidentale, <em>in<\/em>\u00a0: N. Naudinot, L. Meignen, D. Binder, G. Querr\u00e9 (dir.), <em>Les syst\u00e8mes de mobilit\u00e9 de la Pr\u00e9histoire au Moyen \u00c2ge, XXXVe rencontres internationales d\u2019arch\u00e9ologie et d\u2019histoire d\u2019Antibes, <\/em>\u00c9ditions APDCA, Antibes, 2015, p. 57-73.<\/p>\n<p style=\"text-align: justify;\">Bachellerie F., Bon F., Deschamps M., Eizenberg L., Henry-Gambier D., Mourre V., Normand N., Pelegrin P., Primault J., Scandiuzzi R. et Thi\u00e9bault c., 2011\u00a0\u2013 La signature arch\u00e9ologique de l\u2019activit\u00e9 de chasse appliqu\u00e9e \u00e0 la comparaison des industries moust\u00e9riennes, ch\u00e2telperroniennes et aurignaciennes des Pyr\u00e9n\u00e9es. Nature des \u00e9quipements et fonctions des sites. <em>In<\/em>\u00a0: F. Bon, S.\u00a0Costamagno et N. Valdeyron dir., <em>Haltes de chasse en Pr\u00e9histoire. Quelles r\u00e9alit\u00e9s arch\u00e9ologiques\u00a0?<\/em> Actes du colloque organis\u00e9 \u00e0 l\u2019universit\u00e9 de Toulouse 2, mai 2009. Dossier th\u00e9matique de la revue <em>Palethnologie<\/em>, vol. 3, p. 133-168<em>.<\/em><\/p>\n<p style=\"text-align: justify;\">Barbaza M., Fauvelle-Aymar F.-X., Valdeyron N., Fosse Ph., Fabre J.-M., Bon F., Ruf T.., Abb\u00e9 J.-L., Moret P., Teyssandier N., Mourre V., Rendu C., Calastrenc C. et Baron S., 2010\u00a0\u2013 Diversit\u00e9 des milieux de vie et variabilit\u00e9 de la morphologie sociale en Afrique. Etude de cas pour un programme de recherche, de la Pr\u00e9histoire \u00e0 l\u2019actuel. <em>In<\/em>\u00a0: F. Paris coord., La coop\u00e9ration arch\u00e9ologique fran\u00e7aise en Afrique. 1. Pr\u00e9histoire et protohistoire. <em>Les Nouvelles de l\u2019Arch\u00e9ologie<\/em>, n\u00b0 120-121, p. 7-18.<\/p>\n<p style=\"text-align: justify;\"><em>\u00a0<\/em>Bon F., 2010\u00a0: Les Aurignaciens et l\u2019\u00e9mergence du Pal\u00e9olithique sup\u00e9rieur (chapitre V). <em>In<\/em>\u00a0: J. Clottes dir., <em>La France pr\u00e9historique. Un essai d\u2019histoire<\/em>, Paris\u00a0: Gallimard, \u00ab NRF essais \u00bb, p. 116-141.<\/p>\n<p style=\"text-align: justify;\">Bon F., 2010\u00a0\u2013 L\u2019Homme et l\u2019outil. <em>In<\/em>\u00a0: F. Bon, S. Dubois et D. Labails dir., <em>Le mus\u00e9um de Toulouse et l\u2019invention de la pr\u00e9histoire<\/em>. Toulouse, Editions du Mus\u00e9um de Toulouse, p. 123-130<\/p>\n<p style=\"text-align: justify;\">Bon F., 2010\u00a0\u2013 Edouard Piette (1827-1906), un pyr\u00e9n\u00e9en des Ardennes. <em>In<\/em>\u00a0: F. Bon, S. Dubois et D.\u00a0Labails dir., <em>Le mus\u00e9um de Toulouse et l\u2019invention de la pr\u00e9histoire<\/em>. Toulouse, Editions du Mus\u00e9um de Toulouse, p. 69-73 (F. Bon et Y.\u00a0Potin)<\/p>\n<p style=\"text-align: justify;\">Bon F., 2010\u00a0\u2013 Georges Laplace (1918-2004). <em>In<\/em>\u00a0: F. Bon, S. Dubois et D. Labails dir., <em>Le mus\u00e9um de Toulouse et l\u2019invention de la pr\u00e9histoire<\/em>. Toulouse, Editions du Mus\u00e9um de Toulouse, p. 105-107 (F. Bon, M. Deschamps et L. Eizenberg)<\/p>\n<p style=\"text-align: justify;\">Bon F., 2011\u00a0\u2013 Des Pyr\u00e9n\u00e9es atlantiques au Languedoc m\u00e9diterran\u00e9en. <em>In<\/em>\u00a0: P.\u00a0Noiret ed., <em>Le Pal\u00e9olithique sup\u00e9rieur europ\u00e9en. Bilan quinquennal 2006-2011<\/em>. UISPP, Commission VIII, Li\u00e8ge, ERAUL 130, p. 85-95<\/p>\n<p style=\"text-align: justify;\">Bon F., 2014\u00a0\u2013 Les Sanctuaires Pr\u00e9historiques. <em>In<\/em>\u00a0: M. Grimpret dir., <em>Les sanctuaires du monde<\/em>, Paris, Robert Laffont, coll. Bouquins, p. 3-12.<\/p>\n<p style=\"text-align: justify;\">Bon F., 2017\u00a0\u2013 34\u00a0000 avant J.-C., Inventer le monde dans les entrailles de la terre \/ 23\u00a0000 avant J.-C., l\u2019homme se donne un visage de femme. <em>In<\/em>\u00a0: P. Boucheron dir., N. Delalande, F. Mazel, Y. Potin et P. Singarav\u00e9lou coord., <em>Histoire mondiale de la France<\/em>, Paris, Seuil, p. 19-23 \/ 24-27.<\/p>\n<p style=\"text-align: justify;\">Bon F. et Ambert P., 2016\u00a0\u2013 M\u00e9moire de la Pr\u00e9histoire dans le Midi. <em>In<\/em>\u00a0: Ch. Amalvi dir., <em>Ombres et lumi\u00e8res du Sud de la France<\/em>, vol. 2, <em>Les lieux de m\u00e9moire du Midi<\/em>, Paris, Les Indes savantes, p. 257-262, 1 fig. h.-t.<\/p>\n<p style=\"text-align: justify;\">Bon F., Asamerew Dessie, Bruxelles L., Daussy A., Douze K., Fauvelle-Aymar F.-X., Khalidi L., Lesur J., M\u00e9nard C., Marder O., Mensan R. et Saint-Sever\u00a0G., 2013\u00a0\u2013 Arch\u00e9ologie pr\u00e9historique de la partie centrale du <em>Main Ethiopian Rift<\/em> (bassin lacustre de Ziway-Shala) : contribution \u00e0 l\u2019\u00e9tablissement de la s\u00e9quence <em>Late Stone Age<\/em> d\u2019Afrique orientale, <em>Annales d\u2019Ethiopie<\/em>, 28, p. 261-297.<\/p>\n<p style=\"text-align: justify;\">Bon F., Bruxelles L., Fauvelle-Aymar F.-X., Sadr K., 2012- Les pasteurs khoekhoe \u00e0 la confluence des sources historiques et arch\u00e9ologiques. Proposition de mod\u00e8les d\u2019implantation spatiale et de signature techno\u00adlogique d\u2019une population n\u00e9olithique d\u2019Afrique australe, in Fauvelle-Aymar Fr.-X. (dir.), <em>Palethnologie de l\u2019Afrique<\/em>, <em>P@lethnologie<\/em>, 4, 143-168.<\/p>\n<p style=\"text-align: justify;\">Bon F. et Fauvelle-Aymar F.-X., 2014 : Prehistory of East Africa. <em>In<\/em> : P. Bahn et C. Renfrew eds, <em>The Cambridge World Prehistory<\/em>, New York, Cambridge University Press, vol. 1, p. 220-239.<\/p>\n<p style=\"text-align: justify;\">Bon F., Teyssandier N. et Bordes J.-G., 2010\u00a0\u2013 La signification culturelle des \u00e9quipements lithiques. <em>In<\/em>\u00a0: M. Otte dir., <em>Les Aurignaciens<\/em>., Paris\u00a0: Errance (Actes Sud), p. 49-72.<\/p>\n<p style=\"text-align: justify;\">Chalard P., Ducasse S., Bon F., Bruxelles L., Teyssandier N., Renard C., Gard\u00e8re Ph., Guillermin P., Lacombe S., Langlais M., Mensan R., Normand C., Simonnet R. et Tarri\u00f1o T., 2010 \u2013 Chalosse-type Flint: exploitation and distribution of a lithologic tracer during the Upper Palaeolithic, Southern France. <em>In<\/em>\u00a0: M. Brewer-LaPorta, A.\u00a0Burke et D. Field eds, <em>Ancient mines and quarries: a Trans-atlantic perspective<\/em>. Actes de la table-ronde organis\u00e9e dans le cadre des congr\u00e8s du SAA, Puerto-Rico, avril 2006, Oxford, Oxbow Books, p. 13-22.<\/p>\n<p style=\"text-align: justify;\">Gutherz X., Diaz A., M\u00e9nard C., Bon F., Douze K., L\u00e9a V., Lesur J. et Sordoillet D., 2014 \u2013 The Hargeisan revisited: lithic industries from shelter 7 of Laas Geel, Somaliland and the transition between the Middle and Late Stone Age in the Horn of Africa, <em>Quaternary International, <\/em>343, p. 69-84.<\/p>\n<p style=\"text-align: justify;\">Jarry M., Pallier C., Bruxelles L., Bon F., Lejay M., Anderson M., Lacombe S., Lelouvier L.-A., Martin H., P\u00e9tillon J.-M., Potin Y., Rabanit M., Simonnet R., Wattez J., Arrighi V. et Call\u00e8de F., 2017 \u2013 L\u2019Aurignacien de la grotte du Mas d\u2019Azil (Ari\u00e8ge)\u00a0: r\u00e9sultats 2011-2016, <em>in<\/em>\u00a0: Actualit\u00e9s scientifiques, <em>Bulletin de la soci\u00e9t\u00e9 pr\u00e9historique fran\u00e7aise<\/em>, t. 114, 3, p. 575-579.<\/p>\n<p style=\"text-align: justify;\">Lejay M., Alexis M., Qu\u00e9n\u00e9a K., Sellami F. et Bon F., 2016\u00a0\u2013 Organic signatures of fireplaces: experimental references for archaeological interpretations, <em>Organic Geochemistry<\/em>.<\/p>\n<p style=\"text-align: justify;\">Lesur J., Faith J. T., Bon F., Asamerew Dessie, M\u00e9nard C. et Bruxelles L., 2016\u00a0\u2013 Paleoenvironmental and biogeographic implications of terminal Pleistocene large mammals from the Ziway-Shala basin, Main Ethiopian Rift, Ethiopia, <em>Palaeogeography, Palaeoclimatology, Palaeoecology, <\/em>449, p. 567-579.<\/p>\n<p style=\"text-align: justify;\">M\u00e9nard C. et Bon F., 2015 \u2013 Hiatus et lacune. Occupation du Rift \u00e9thiopien \u00e0 la fin du Pl\u00e9istoc\u00e8ne et au d\u00e9but de l\u2019Holoc\u00e8ne, <em>in<\/em>\u00a0: N. Naudinot, L. Meignen, D. Binder, G. Querr\u00e9 (dir.), <em>Les syst\u00e8mes de mobilit\u00e9 de la Pr\u00e9histoire au Moyen \u00c2ge, XXXVe rencontres internationales d\u2019arch\u00e9ologie et d\u2019histoire d\u2019Antibes, <\/em>\u00c9ditions APDCA, Antibes, 2015, p. 75-89.<\/p>\n<p style=\"text-align: justify;\">M\u00e9nard C., Bon F., Asamerew Dessie, Bruxelles L., Douze K., Fauvelle F.-X., Khalidi L., J. Lesur et Mensan R., 2014\u00a0: Late Stone Age variability in the Main Ethiopian Rift: new data from the Bulbula River, Ziway-Shala basin, <em>Quaternary International, <\/em>343, p. 53-68.<\/p>\n<p style=\"text-align: justify;\">Pradeau J.-V., Salomon H., Bon F., Mensan R., Lejay M., Regert\u00a0M., 2014\u00a0\u2013 Les mati\u00e8res colorantes sur le site de plein air aurignacien de R\u00e9gismont-le-Haut (Poilhes, H\u00e9rault). Acquisition, transformations et utilisations. <em>Bulletin de la Soci\u00e9t\u00e9 Pr\u00e9historique Fran\u00e7aise<\/em>, Tome 111 (4), p. 631-658<em>.<\/em><\/p>\n<p style=\"text-align: justify;\">Renard C. et Bon F., 2014\u00a0\u2013 Les vestiges solutr\u00e9ens des collections Dubalen et de Laporterie, <em>Arch\u00e9ologie des Pyr\u00e9n\u00e9es occidentales et des Landes<\/em>, Hors s\u00e9rie n\u00b0 6, chapitre 3, p. 41-56<em>.<\/em><\/p>\n<p style=\"text-align: justify;\">Teyssandier N., Bon F.\u00a0et Bordes, J.-G., 2010 \u2013 Within projectile range. Some thoughts on the appearance of the Aurignacian in Europe. <em>Journal of Anthropological Research<\/em>, 2010, 66, p. 209-229.<\/p>\n<p style=\"text-align: justify;\">Valentin B.\u00a0et Bon F., 2012 \u2013 De la complexit\u00e9 des soci\u00e9t\u00e9s pal\u00e9olithiques. <em>In<\/em>\u00a0: Sophie A. de Beaune et Henri-Paul Francfort dir., <em>L\u2019arch\u00e9ologie \u00e0 d\u00e9couvert<\/em>, Paris, CNRS Editions, Actes du colloque organis\u00e9 \u00e0 Paris, 23-25 juin 2010, <em>L\u2019arch\u00e9ologie en mouvement\u00a0: hommes, objets, espaces et temporalit\u00e9s<\/em>, p.\u00a0176-183.<\/p>","protected":false},"excerpt":{"rendered":"<p>Ouvrages Bon F., 2009\u00a0:\u00a0Pr\u00e9histoire. La fabrique de l\u2019homme. Paris, Editions du Seuil, \u00ab\u00a0l\u2019Univers historique\u00a0\u00bb, 349\u00a0p. Bon F., 2002\u00a0:\u00a0L\u2019Aurignacien entre Mer et Oc\u00e9an. R\u00e9flexion sur l\u2019unit\u00e9 des phases anciennes de l\u2019Aurignacien dans le sud de la France. Paris, SPF, M\u00e9moire de la Soci\u00e9t\u00e9 Pr\u00e9historique Fran\u00e7aise, XXIX, 253 p. Le Quellec J.-L., Fauvelle-Aymar F.-X. et Bon F., 2009\u00a0:\u00a0Vol [&hellip;]<\/p>","protected":false},"author":1,"featured_media":0,"parent":0,"menu_order":0,"comment_status":"closed","ping_status":"closed","template":"","meta":[],"_links":{"self":[{"href":"http:\/\/www.crfj.org\/en\/wp-json\/wp\/v2\/pages\/12569"}],"collection":[{"href":"http:\/\/www.crfj.org\/en\/wp-json\/wp\/v2\/pages"}],"about":[{"href":"http:\/\/www.crfj.org\/en\/wp-json\/wp\/v2\/types\/page"}],"author":[{"embeddable":true,"href":"http:\/\/www.crfj.org\/en\/wp-json\/wp\/v2\/users\/1"}],"replies":[{"embeddable":true,"href":"http:\/\/www.crfj.org\/en\/wp-json\/wp\/v2\/comments?post=12569"}],"version-history":[{"count":1,"href":"http:\/\/www.crfj.org\/en\/wp-json\/wp\/v2\/pages\/12569\/revisions"}],"predecessor-version":[{"id":12570,"href":"http:\/\/www.crfj.org\/en\/wp-json\/wp\/v2\/pages\/12569\/revisions\/12570"}],"wp:attachment":[{"href":"http:\/\/www.crfj.org\/en\/wp-json\/wp\/v2\/media?parent=12569"}],"curies":[{"name":"wp","href":"https:\/\/api.w.org\/{rel}","templated":true}]}}