{"id":12235,"date":"2017-09-18T13:48:55","date_gmt":"2017-09-18T11:48:55","guid":{"rendered":"http:\/\/www.crfj.org\/?page_id=12235"},"modified":"2017-09-18T13:48:55","modified_gmt":"2017-09-18T11:48:55","slug":"evelyne-oliel-grausz","status":"publish","type":"page","link":"http:\/\/www.crfj.org\/en\/axes-de-recherche\/evelyne-oliel-grausz\/","title":{"rendered":"Evelyne Oliel-Grausz"},"content":{"rendered":"<p><img loading=\"lazy\" class=\"alignnone size-full wp-image-12236\" src=\"http:\/\/www.crfj.org\/wp-content\/uploads\/2017\/09\/FullSizeRender.jpg\" alt=\"\" width=\"906\" height=\"913\" srcset=\"http:\/\/www.crfj.org\/wp-content\/uploads\/2017\/09\/FullSizeRender-66x66.jpg 66w, http:\/\/www.crfj.org\/wp-content\/uploads\/2017\/09\/FullSizeRender-150x150.jpg 150w, http:\/\/www.crfj.org\/wp-content\/uploads\/2017\/09\/FullSizeRender-200x202.jpg 200w, http:\/\/www.crfj.org\/wp-content\/uploads\/2017\/09\/FullSizeRender-298x300.jpg 298w, http:\/\/www.crfj.org\/wp-content\/uploads\/2017\/09\/FullSizeRender-400x403.jpg 400w, http:\/\/www.crfj.org\/wp-content\/uploads\/2017\/09\/FullSizeRender-600x605.jpg 600w, http:\/\/www.crfj.org\/wp-content\/uploads\/2017\/09\/FullSizeRender-768x774.jpg 768w, http:\/\/www.crfj.org\/wp-content\/uploads\/2017\/09\/FullSizeRender-800x806.jpg 800w, http:\/\/www.crfj.org\/wp-content\/uploads\/2017\/09\/FullSizeRender.jpg 906w\" sizes=\"(max-width: 906px) 100vw, 906px\" \/><\/p>\n<p style=\"text-align: justify;\"><a href=\"mailto:evolielgrausz@hotmail.com\">Evelyne Oliel-Grausz<\/a><br \/>\nMaitre de conf\u00e9rences en histoire moderne, Universit\u00e9 Paris 1 Panth\u00e9on Sorbonne<br \/>\nEn accueil en d\u00e9l\u00e9gation au Centre de recherches fran\u00e7ais de J\u00e9rusalem depuis le 01\/09\/2017<\/p>\n<h2 style=\"text-align: justify;\"><strong>Domaines de recherche<\/strong><\/h2>\n<p style=\"text-align: justify;\">Histoire des soci\u00e9t\u00e9s juives modernes :<\/p>\n<p style=\"text-align: justify;\">&#8211; Tribunaux juifs et r\u00e9solution de conflits dans le monde juif au XVIIIe si\u00e8cle<br \/>\n&#8211; Histoire de l\u2019institution communautaire moderne<br \/>\n&#8211; Diaspora s\u00e9farade, r\u00e9seaux, communication, mobilit\u00e9s<br \/>\n&#8211; Histoire \u00e9conomique des juifs<br \/>\n&#8211; Emancipation et cultures politiques des juifs<\/p>\n<h2 style=\"text-align: justify;\"><strong>Publications<\/strong><\/h2>\n<p style=\"text-align: justify;\">&#8211; Archives Juives, 47, 2014, livraison double sp\u00e9ciale, consacr\u00e9e aux juifs et \u00e0 l\u2019\u00e9conomie<br \/>\n&#8211; \u00ab David Aboab, ou l\u2019itin\u00e9raire frustr\u00e9 d\u2019un converti juif au XVIIIe si\u00e8cle, entre lacunes et certitudes\u00bb, Revue de l\u2019Histoire des Religions, 234, 2017-1, p.89-118.<br \/>\n&#8211; \u00ab A Tale of Caribbean Deviance : David Aboab and Community Conflicts in Cura\u00e7ao \u00bb, in The Religious Cultures of Dutch Jewry, Yosef Kaplan, Dan Michman ed., E.J. Brill, Leiden-Boston, 2017, p.159-182.<br \/>\n&#8211; \u00ab Economie et juda\u00efsme : normes et pratiques du pr\u00eat \u00e0 int\u00e9r\u00eat \u00bb, Gen\u00e8se des march\u00e9s, Comit\u00e9 pour l&rsquo;histoire \u00e9conomique et financi\u00e8re de la France, Paris, IGPDE, 2015, p.156-170.<br \/>\n&#8211; \u00ab R\u00e9solution des litiges commerciaux et circulations transnationales au d\u00e9but du XVIIIe si\u00e8cle: l\u2019affaire Pimenta-Nunes Pereira \u00bb, Archives Juives, 47, 2014, p.77-90.<br \/>\n&#8211; Avec Liliane Hilaire-P\u00e9rez, \u00ab Histoire \u00e9conomique des juifs de France : Institutions, communaut\u00e9s, march\u00e9s \u00bb, Archives Juives, 47, 2014, p.4-9.<br \/>\n&#8211; Avec Liliane Hilaire-P\u00e9rez , \u00ab L\u2019histoire des juifs et de l\u2019anglicit\u00e9 au prisme de l\u2019 economic turn \u00bb, in Michel Prum (dir.), Comparer les diversit\u00e9s, Paris, L&rsquo;Harmattan, collection \u00ab\u00a0Racisme et Eug\u00e9nisme\u00a0\u00bb, Paris, L\u2019Harmattan, 2013, p.43-64.<br \/>\n&#8211; \u00ab\u00a0Mobilit\u00e9, identit\u00e9 et proc\u00e9dures d&rsquo;identification dans la diaspora s\u00e9farade au XVIIIe si\u00e8cle\u00a0\u00bb, in L&rsquo;\u00e9criture de l&rsquo;Histoire juive. M\u00e9langes en l&rsquo;honneur de G\u00e9rard Nahon, sous la direction de D. Iancu-Agou et C. Iancu, Paris-Louvain, Peeters (collection de la Revue des Etudes juives), 2011, p. 419-441.<br \/>\n&#8211; \u00ab L\u2019\u00e9mancipation des juifs en France \u00bb, in Les Juifs dans l\u2019histoire, Evelyne Patlagean, Benjamin Lellouch, Antoine Germa dir., Seyssel, Champ Vallon, 2011, p.385-410.<br \/>\n&#8211; \u00ab Juifs d\u2019Europe occidentale au XIXe si\u00e8cle \u00bb, in Les Juifs dans l\u2019histoire, E. Patlagean, B. Lellouch dir., Champ Vallon, ibidem, p.411-452.<br \/>\n&#8211; \u00ab La surveillance des n\u00e9gociants de passage : les juifs de signal \u00e0 Lisbonne au XVIIIe si\u00e8cle \u00bb, in Etrangers et soci\u00e9t\u00e9s. Repr\u00e9sentations, coexistences, interactions dans la longue dur\u00e9e, Marie-Louise Pelus-Kaplan, Manuela Martini et al., Presses universitaires de Rennes, 2009, p.103-114.<br \/>\n&#8211; \u00ab Juifs, juda\u00efsme et affrontements religieux (XVIe si\u00e8cle-milieu XVIIe si\u00e8cle \u00bb, in L\u2019Europe en conflits, Wolfgang Kaiser dir., Presses universitaires de Rennes, 2009, p.363-410.<br \/>\n&#8211; \u00ab Patrocinio and Authority : Assessing the Metropolitan Role of the Portuguese Nation of Amsterdam in the Eighteenth Century \u00bb, in Y. Kaplan ed., The Dutch Intersection. The Jews and the Netherlands in Modern History, Proceedings of the Tenth International Symposium on the History of the Jews in the Netherlands, nov 2004, Brill, 2008, p. 149-172.<br \/>\n&#8211; \u00ab Circulations, fronti\u00e8res et mobilit\u00e9s s\u00e9farades \u00e0 l\u2019\u00e9poque moderne \u00bb, Cahiers du CRH, 2008, vol.41, p. 31-48.<br \/>\n&#8211; \u00ab Modalit\u00e9s d\u2019accueil et de contr\u00f4le des passants et migrants dans la diaspora s\u00e9farade d\u2019Occident (XVII\u00e8me-XVIII\u00e8me si\u00e8cles) \u00bb, in Gens de passage en M\u00e9diterran\u00e9e de l\u2019Antiquit\u00e9 \u00e0 l\u2019\u00e9poque moderne, Claudia Moatti, Wolfgang Kayser ed., Paris-Aix, Maisonneuve et Larose-Maison m\u00e9diterran\u00e9enne des sciences de l\u2019homme, 2007, p. 135-154.<br \/>\n&#8211; \u00ab Communication, marchandise et religion : les n\u00e9gociants s\u00e9farades au XVIIIe si\u00e8cle \u00bb, in Commerce, voyage et exp\u00e9rience religieuse, XVIe-XVIIIe si\u00e8cles, Albrecht Burkardt ed., Presses universitaires de Rennes, 2007, p.145-159.<br \/>\n&#8211; \u00ab Ethnicit\u00e9, norme religieuse, espace : l\u2019identit\u00e9 composite des juifs de la diaspora s\u00e9farade d\u2019Occident \u00bb,in Identit\u00e9s, appartenances, revendications identitaires, XVIe-XVIIIe si\u00e8cles, Marc Belissa, Anna Bellavitis et al., Nolin, 2006, p.93-102.<br \/>\n&#8211; \u00ab La diaspora s\u00e9farade au XVIIIe si\u00e8cle : communication, espaces, r\u00e9seaux \u00bb, Arquivos do Centro Cultural Calouste Gulbenkian, La diaspora des Nouveaux Chr\u00e9tiens, 48, 2004, p.55-72.<br \/>\n&#8211; \u00ab Droit et espace s\u00e9farade :Jacob Rodrigues Pereire et l\u2019extension des privil\u00e8ges. Du royaume \u00e0 la Nation \u00bb, Archives Juives, 2004, 37, p.28-46.<br \/>\n&#8211; \u00ab Networks and communication in the Sephardi diaspora : an added dimension to the concept of Port Jews and Port Jewries \u00bb, in Jews and Port Cities, 1590-1990. Commerce, Community and Cosmopolitanism, David Cesarani, Gemma Romain ed. , special issue of Jewish Culture and History , 7, 2004, p.61-76.<br \/>\n&#8211; \u00ab\u00a0Relations, coop\u00e9ration et conflits intercommunautaires dans la diaspora s\u00e9farade: l&rsquo;affaire Nieto, Londres, Amsterdam, Hambourg (1704-1705)\u00a0\u00bb, in Henry Mechoulan et G\u00e9rard Nahon \u00e9d., M\u00e9morial I.-S. R\u00e9vah. Etudes sur le marranisme, l\u2019h\u00e9t\u00e9rodoxie juive et Spinoza, Paris-Louvain, E. Peeters, 2001, pp.335-364.<br \/>\n&#8211; \u00ab\u00a0Study in Intercommunal Relations in the Sephardi Diaspora: London and Amsterdam in the XVIIIth Century\u00a0\u00bb, in Dutch Jews as Perceived by Themselves and by Others, Yosef Kaplan, Chaya Brasz \u00e9d., Leyde-Boston-Cologne, Brill, 2001, p.41-58.<\/p>\n<p style=\"text-align: justify;\">Conf\u00e9rences r\u00e9centes, objet de publications en cours ou en pr\u00e9paration.<br \/>\n&#8211; \u00ab Jewish Petitions to the Grand Duke of Tuscany (End of the 17th-18th Century) \u00bb, \u00ab Non contrarii, ma diversi \u00bb : la question de la minorit\u00e9 dans le regard des chr\u00e9tiens et des Juifs en Italie (d\u00e9but XVe-milieu XVIIIe si\u00e8cle), Colloque international, Paris, 21-23 novembre 2016, \u00c9cole des hautes \u00e9tudes en sciences sociales, Institut national des langues et civilisations orientales, \u00c9cole fran\u00e7aise de Rome.<br \/>\n&#8211; \u00ab Jewish politics and the Assembl\u00e9e Constituante: Intercession, lobbying and political acculturation. \u00bb , Documents of Modern Jewish Political History, 31 mai- 2 juin 2016, Program in Judaic Studies, Yale University.<br \/>\n&#8211; \u00ab Conflict Resolution and Kahal Kadosh Talmud Torah : Community Forum and Legal Acculturation in 18th Century Amsterdam \u00bb, Religious Changes and Cultural Transformations in the Early Modern Western Sephardi Communities, 14-16 novembre 2016, Hebrew University, Jerusalem\/ European Resarch Council<br \/>\n&#8211; \u00abLivorno, the Mediterranean, and Beyond: The Court of the Massari and Transnational Disputes in the 18th Century \u00bb, A Mediterranean Society ? Jews and the Mediterranean from the Middle Ages to the Present, University of California, Irvine and University of Southern California , 3-4 avril 2016.<\/p>\n<p style=\"text-align: justify;\">&#8211; \u00ab R\u00e9publique, religion, la\u00efcit\u00e9\u2026 Les mots et leurs sens, d\u2019hier \u00e0 aujourd\u2019hui \u00bb, (avec Isabelle Brian ), La\u00efcit\u00e9s et religions en R\u00e9publique. Questions d\u2019hier et d\u2019aujourd\u2019hui autour des combats de l\u2019Abb\u00e9 Gr\u00e9goire, Conservatoire National des Arts et M\u00e9tiers, 20 novembre 2015.<\/p>\n<p style=\"text-align: justify;\">&#8211; \u00ab Embedded Justice: The Court of the Massari in Early Modern Livorno, A Tuscan\/Jewish Court \u00bb, New Material for the Study of Jewish Law and its Implications Early Modern Rabbinic Court Records: A Workshop, Tel-Aviv University Faculty of Law- The Berg Institute for Law and History, 22-23 juin 2015<br \/>\n&#8211; \u00ab Oaths, Testimonies and Elements of Proof in Jewish Disputes in Early Modern Livorno \u00bb, Elements of Proof and Commercial Litigation in the Mediterranean, 15th-19th Century, Universit\u00e9 Paris 1 Panth\u00e9on Sorbonne-ERC ConfigMed, Paris, 18-20 juin 2015 .<br \/>\n&#8211; \u00ab Livorno and Intercommunal Networks in the 18th century: a Sephardic\/Mediterranean Metropolis \u00bb, Italian Jews in Context: Relations, Exchanges, Networks, International conference. The Center for Jewish Studies, CUNY Graduate Center, The Institute for Israel and Jewish Studies, Columbia University, New York, 9-10 mars 2015.<br \/>\n&#8211; \u201cThe Hebrew MS of David Aboab, Wandering Caribbean Scholar (composed in Cura\u00e7ao)\u201d, International conference, Mapping Western Sefardi Diaspora in the Caribbean, Institute for the History of the Jews in Germany, Hamburg, 16-18 novembre 2014.<br \/>\n&#8211; \u00ab Between Trade, Finance and Community: Community Agents in the Western<br \/>\nSephardic Diaspora \u00bb, Implementing the \u201cEconomic Turn\u201d: New Sources and Approaches for the Economic History of Early Modern Jews, Xth Congress of the European Association of Jewish Studies, Paris, Ecole normale sup\u00e9rieure-Sorbonne, 21-24 juillet 2014.<\/p>\n<p style=\"text-align: justify;\">&#8211; \u00ab The Court of the Massari in 18th Century Livorno: Jewish Autonomy, Delegated<br \/>\nJustice, and Legal Pluralism \u00bb, History of Jewish Law and the Law of the Jews, Xth Congress of the European Association of Jewish Studies, Paris, Ecole normale sup\u00e9rieure-Sorbonne, 21-24 juillet 2014.<\/p>\n<p style=\"text-align: justify;\">&#8211; \u00ab Jews, community, and conflict resolution : arbitration and adjudication of conflicts in Amsterdam and Livorno during the 18th century \u00bb, 18th International conference of the Jewish Law Association, Institute of Jewish Studies, University of Antwerp. Judaism, Law and Literature , Anvers, 14-17 juillet 2014.<\/p>\n<p style=\"text-align: justify;\">&#8211; \u00ab Le serment des juifs dans un contexte interculturel : \u00e9l\u00e9ments sur le serment more judaico \u00bb, Le serment objet d\u2019histoire, Labex Hastec, Universit\u00e9 Paris 1, 23 mai 2014.<\/p>\n<p style=\"text-align: justify;\">&#8211; \u00ab Modalit\u00e9s de l&rsquo;arbitrage dans les conflits entre juifs \u00e0 Livourne au XVIIIe si\u00e8cle : enqu\u00eate, questions et cas choisis \u00bb, L\u2019arbitrage commercial en M\u00e9diterran\u00e9e (XVe-XIXe si\u00e8cles), ERC ConfigMed, Ecole Fran\u00e7aise de Rome, 19 janvier 2014<br \/>\n&#8211; \u00ab\u00a0Sources communautaires et histoire socio-\u00e9conomique: conflits et arbitrage \u00e0 Amsterdam au 18e si\u00e8cle\u00a0\u00bb, Ecrire l\u2019histoire \u00e9conomique des juifs : sources mercantiles, judiciaires, communautaires\u2028 (Europe, XVIe-XVIIIe s.), Journ\u00e9e d\u2019\u00e9tude internationale, Co-organized with Liliane P\u00e9rez et Jean Baumgarten, Universit\u00e9 Paris 7-Identit\u00e9s-Cultures-Territoires (EA 337), Universit\u00e9 Paris 1-R\u00e9volutions et modernit\u00e9s (EA 127), Ehess-Centre de recherche historique, 13 janvier 2014.<br \/>\n&#8211; \u00ab A New Interconnected Jewish World? Channels of Information and Diplomatic Acculturation \u00bb, Association for Jewish Studies 45th Annual Conference, Boston, 15-17 d\u00e9cembre 2013.<\/p>\n<p style=\"text-align: justify;\">&#8211; \u00ab Community institutions and the resolution of socio-economic conflicts in the Western Sephardic diaspora (18th Century) \u00bb, International Conference, Economic History of the Jews throughout the Ages: Sources, Methodologies, Narratives \u00bb, Bar-Ilan University, 5-6 juin 2013.<br \/>\n&#8211; \u00ab Sources mercantiles, sources communautaires et histoire socio-\u00e9conomique des groupes s\u00e9farades: Amsterdam au XVIIIe si\u00e8cle \u00bb, Quelles sources pour l\u2019histoire \u00e9conomique des juifs ? Approches m\u00e9thodologiques et lectures de textes, \u00bb Journ\u00e9e d\u2019\u00e9tude, Co-organized with Liliane P\u00e9rez et Jean Baumgarten, Universit\u00e9 Paris 7-Identit\u00e9s-Cultures-Territoires (EA 337), Universit\u00e9 Paris 1-R\u00e9volutions et modernit\u00e9s (EA 127), Ehess-Centre de recherche historique,3 juin 2013.<br \/>\n&#8211; \u00ab Le registre de correspondance d\u2019Abraham et Isaac da Costa, entre Amsterdam et Surinam (1722-1733), Quelles sources pour l\u2019histoire \u00e9conomique des juifs ? Approches m\u00e9thodologiques et lectures de textes, \u00bb Journ\u00e9e d\u2019\u00e9tude, Co-organized with Liliane P\u00e9rez et Jean Baumgarten, Universit\u00e9 Paris 7-Identit\u00e9s-Cultures-Territoires (EA 337), Universit\u00e9 Paris 1-R\u00e9volutions et modernit\u00e9s (EA 127), Ehess-Centre de recherche historique, 3 juin 2013.<\/p>\n<p style=\"text-align: justify;\">&#8211; \u00ab Circulation du vin casher au XVIIIe si\u00e8cle : pour une micro \u00e9conomie des choses du sacr\u00e9 \u00bb, Toulouse, Journ\u00e9e d\u2019\u00e9tude \u00ab Economie et normes alimentaires \u00bb, Laboratoire FRAMESPA UMR 5136-Jacove, 19 mars 2013.<\/p>","protected":false},"excerpt":{"rendered":"<p>Evelyne Oliel-Grausz Maitre de conf\u00e9rences en histoire moderne, Universit\u00e9 Paris 1 Panth\u00e9on Sorbonne En accueil en d\u00e9l\u00e9gation au Centre de recherches fran\u00e7ais de J\u00e9rusalem depuis le 01\/09\/2017 Domaines de recherche Histoire des soci\u00e9t\u00e9s juives modernes : &#8211; Tribunaux juifs et r\u00e9solution de conflits dans le monde juif au XVIIIe si\u00e8cle &#8211; Histoire de l\u2019institution communautaire moderne [&hellip;]<\/p>","protected":false},"author":1,"featured_media":0,"parent":838,"menu_order":0,"comment_status":"closed","ping_status":"closed","template":"","meta":[],"_links":{"self":[{"href":"http:\/\/www.crfj.org\/en\/wp-json\/wp\/v2\/pages\/12235"}],"collection":[{"href":"http:\/\/www.crfj.org\/en\/wp-json\/wp\/v2\/pages"}],"about":[{"href":"http:\/\/www.crfj.org\/en\/wp-json\/wp\/v2\/types\/page"}],"author":[{"embeddable":true,"href":"http:\/\/www.crfj.org\/en\/wp-json\/wp\/v2\/users\/1"}],"replies":[{"embeddable":true,"href":"http:\/\/www.crfj.org\/en\/wp-json\/wp\/v2\/comments?post=12235"}],"version-history":[{"count":2,"href":"http:\/\/www.crfj.org\/en\/wp-json\/wp\/v2\/pages\/12235\/revisions"}],"predecessor-version":[{"id":12523,"href":"http:\/\/www.crfj.org\/en\/wp-json\/wp\/v2\/pages\/12235\/revisions\/12523"}],"up":[{"embeddable":true,"href":"http:\/\/www.crfj.org\/en\/wp-json\/wp\/v2\/pages\/838"}],"wp:attachment":[{"href":"http:\/\/www.crfj.org\/en\/wp-json\/wp\/v2\/media?parent=12235"}],"curies":[{"name":"wp","href":"https:\/\/api.w.org\/{rel}","templated":true}]}}