{"id":12088,"date":"2017-08-15T15:58:45","date_gmt":"2017-08-15T13:58:45","guid":{"rendered":"http:\/\/www.crfj.org\/\/?page_id=12088"},"modified":"2017-08-15T15:58:45","modified_gmt":"2017-08-15T13:58:45","slug":"memoires-travaux-crfj","status":"publish","type":"page","link":"http:\/\/www.crfj.org\/en\/memoires-travaux-crfj\/","title":{"rendered":"Theses and works of the French Research Center"},"content":{"rendered":"<div  class=\"fusion-fullwidth fullwidth-box nonhundred-percent-fullwidth\"  style='background-color: #ffffff;background-position: center center;background-repeat: no-repeat;padding-top:0px;padding-right:0px;padding-bottom:0px;padding-left:0px;margin-top: 10px;'><div class=\"fusion-builder-row fusion-row\"><div  class=\"fusion-layout-column fusion_builder_column fusion_builder_column_1_1  fusion-one-full fusion-column-first fusion-column-last 1_1\"  style='margin-top:0px;margin-bottom:0px;'>\n\t\t\t<div class=\"fusion-column-wrapper\" style=\"padding: 0px 0px 0px 0px;background-position:left top;background-repeat:no-repeat;-webkit-background-size:cover;-moz-background-size:cover;-o-background-size:cover;background-size:cover;\"  data-bg-url=\"\">\n\t\t\t\t<div class=\"fusion-title title sep-underline sep-solid fusion-title-size-two\" style=\"margin-top:0px;margin-bottom:30px;\"><h2 class=\"title-heading-left\"><h2 style=\"font-size: 25px; font-weight: 500; color: #323232;\">Theses and works of the French Research Center<\/h2><\/h2><\/div><div class=\"fusion-blog-shortcode fusion-blog-shortcode-1 fusion-blog-archive fusion-blog-layout-medium fusion-blog-pagination\"><div class=\"fusion-posts-container fusion-posts-container-pagination\" data-pages=\"1\"><article id=\"post-17136\" class=\"fusion-post-medium post-17136 post type-post status-publish format-standard has-post-thumbnail hentry category-publications-memoires-et-travaux\">\n\n\t<style type=\"text\/css\">\n\t\t\n\t\t\n\t\t\n\t\t\n\t\t\t<\/style>\n\n\n\t<div class=\"fusion-flexslider flexslider fusion-flexslider-loading fusion-post-slideshow\">\n\t\t<ul class=\"slides\">\n\t\t\t\n\t\t\t\t\t\t\t\t\t\t\t\t\t\t\t\t\t\t<li>\n<div class=\"fusion-image-wrapper fusion-image-size-fixed\" aria-haspopup=\"true\">\n\n\t\n\t\t\n\t\t\t\t\t<img width=\"320\" height=\"202\" src=\"http:\/\/www.crfj.org\/wp-content\/uploads\/2023\/12\/Archives-Pedersen-Illustration-site-CRFJ-320x202.jpg\" class=\"attachment-blog-medium size-blog-medium wp-post-image\" alt=\"\" loading=\"lazy\" srcset=\"http:\/\/www.crfj.org\/wp-content\/uploads\/2023\/12\/Archives-Pedersen-Illustration-site-CRFJ-18x12.jpg 18w, http:\/\/www.crfj.org\/wp-content\/uploads\/2023\/12\/Archives-Pedersen-Illustration-site-CRFJ-320x202.jpg 320w, http:\/\/www.crfj.org\/wp-content\/uploads\/2023\/12\/Archives-Pedersen-Illustration-site-CRFJ-700x441.jpg 700w\" sizes=\"(max-width: 320px) 100vw, 320px\" \/>\n\t\n\n\t\t<div class=\"fusion-rollover\">\n\t<div class=\"fusion-rollover-content\">\n\n\t\t\t\t\t\t\t\t\t\t\t\t\t\t<a class=\"fusion-rollover-link\" href=\"http:\/\/www.crfj.org\/en\/inventaire-des-archives-de-kirsten-pedersen-deposees-a-lecole-biblique-et-archeologique-francaise-de-jerusalem\/\">Permalink<\/a>\n\t\t\t\n\t\t\t\t\t\t\t\t\n\t\t\t\t\n\t\t\t\t\t\t\t\t\t\t\t\t<h4 class=\"fusion-rollover-title\">\n\t\t\t\t\t<a href=\"http:\/\/www.crfj.org\/en\/inventaire-des-archives-de-kirsten-pedersen-deposees-a-lecole-biblique-et-archeologique-francaise-de-jerusalem\/\">\n\t\t\t\t\t\tInventaire des archives de Kirsten Pedersen d\u00e9pos\u00e9es \u00e0 L&rsquo;Ecole biblique et arch\u00e9ologique fran\u00e7aise de J\u00e9rusalem\t\t\t\t\t<\/a>\n\t\t\t\t<\/h4>\n\t\t\t\n\t\t\t\t\t\t\t\t\t\t\n\t\t\t\t<div class=\"fusion-rollover-categories\"><a href=\"http:\/\/www.crfj.org\/en\/category\/publications-memoires-et-travaux\/\" rel=\"tag\">M\u00e9moires et travaux<\/a><\/div>\t\t\t\t\t\n\t\t\n\t\t\t<\/div>\n<\/div>\n\n\t\n<\/div>\n<\/li>\n\t\t\t\n\t\t\t\t\t\t\t\t\t\t\t\t\t\t\t\t\t\t\t\t\t\t\t\t\t\t\t\t\t\t\t\t\t\t\t\t\t\t\t\t\t\t\t\t\t\t\t\t\t\t\t\t\t\t\t\t\t\t\t\t\t\t\t\t\t\t\t\t\t\t\t<\/ul>\n\t<\/div>\n<div class=\"fusion-post-content post-content\"><h2 class=\"blog-shortcode-post-title entry-title\"><a href=\"http:\/\/www.crfj.org\/en\/inventaire-des-archives-de-kirsten-pedersen-deposees-a-lecole-biblique-et-archeologique-francaise-de-jerusalem\/\">Inventaire des archives de Kirsten Pedersen d\u00e9pos\u00e9es \u00e0 L&rsquo;Ecole biblique et arch\u00e9ologique fran\u00e7aise de J\u00e9rusalem<\/a><\/h2><div class=\"fusion-post-content-container\"><p>Religieuse catholique et historienne, Kirsten Pedersen (1932-2017) est connue pour ses travaux scientifiques sur l\u2019histoire du christianisme \u00e9thiopien. Ses archives \u00e9taient conserv\u00e9es dans son ermitage au sein de la communaut\u00e9 [...]<\/p><\/div><\/div><div class=\"fusion-clearfix\"><\/div><\/article>\n<article id=\"post-13497\" class=\"fusion-post-medium post-13497 post type-post status-publish format-standard has-post-thumbnail hentry category-actualites category-publications-memoires-et-travaux category-ouvrages\">\n\n\t<style type=\"text\/css\">\n\t\t\n\t\t\n\t\t\n\t\t\n\t\t\t<\/style>\n\n\n\t<div class=\"fusion-flexslider flexslider fusion-flexslider-loading fusion-post-slideshow\">\n\t\t<ul class=\"slides\">\n\t\t\t\n\t\t\t\t\t\t\t\t\t\t\t\t\t\t\t\t\t\t<li>\n<div class=\"fusion-image-wrapper fusion-image-size-fixed\" aria-haspopup=\"true\">\n\n\t\n\t\t\n\t\t\t\t\t<img width=\"320\" height=\"202\" src=\"http:\/\/www.crfj.org\/wp-content\/uploads\/2019\/10\/AbrisNatoufien-320x202.jpg\" class=\"attachment-blog-medium size-blog-medium wp-post-image\" alt=\"\" loading=\"lazy\" \/>\n\t\n\n\t\t<div class=\"fusion-rollover\">\n\t<div class=\"fusion-rollover-content\">\n\n\t\t\t\t\t\t\t\t\t\t\t\t\t\t<a class=\"fusion-rollover-link\" href=\"http:\/\/www.crfj.org\/en\/les-abris-du-natoufien-final-de-mallaha-eynan-israel\/\">Permalink<\/a>\n\t\t\t\n\t\t\t\t\t\t\t\t\n\t\t\t\t\n\t\t\t\t\t\t\t\t\t\t\t\t<h4 class=\"fusion-rollover-title\">\n\t\t\t\t\t<a href=\"http:\/\/www.crfj.org\/en\/les-abris-du-natoufien-final-de-mallaha-eynan-israel\/\">\n\t\t\t\t\t\tPUBLICATION : Les abris du Natoufien final de Mallaha-Eynan, Isra\u00ebl\t\t\t\t\t<\/a>\n\t\t\t\t<\/h4>\n\t\t\t\n\t\t\t\t\t\t\t\t\t\t\n\t\t\t\t<div class=\"fusion-rollover-categories\"><a href=\"http:\/\/www.crfj.org\/en\/category\/actualites\/\" rel=\"tag\">News<\/a>, <a href=\"http:\/\/www.crfj.org\/en\/category\/publications-memoires-et-travaux\/\" rel=\"tag\">M\u00e9moires et travaux<\/a>, <a href=\"http:\/\/www.crfj.org\/en\/category\/ouvrages\/\" rel=\"tag\">Books<\/a><\/div>\t\t\t\t\t\n\t\t\n\t\t\t<\/div>\n<\/div>\n\n\t\n<\/div>\n<\/li>\n\t\t\t\n\t\t\t\t\t\t\t\t\t\t\t\t\t\t\t\t\t\t\t\t\t\t\t\t\t\t\t\t\t\t\t\t\t\t\t\t\t\t\t\t\t\t\t\t\t\t\t\t\t\t\t\t\t\t\t\t\t\t\t\t\t\t\t\t\t\t\t\t\t\t\t<\/ul>\n\t<\/div>\n<div class=\"fusion-post-content post-content\"><h2 class=\"blog-shortcode-post-title entry-title\"><a href=\"http:\/\/www.crfj.org\/en\/les-abris-du-natoufien-final-de-mallaha-eynan-israel\/\">PUBLICATION : Les abris du Natoufien final de Mallaha-Eynan, Isra\u00ebl<\/a><\/h2><div class=\"fusion-post-content-container\"><p>Sortie de la publication de la th\u00e8se de Nicolas Samuelian dans&nbsp;M\u00c9MOIRES ET TRAVAUX - ARCH\u00c9OLOGIE ET SCIENCES DE L\u2019ANTIQUIT\u00c9 ET DU MOYEN \u00c2GE -&nbsp;Les abris du Natoufien final de Mallaha-Eynan, [...]<\/p><\/div><\/div><div class=\"fusion-clearfix\"><\/div><\/article>\n<\/div>\n\t\t<\/div><div class=\"fusion-clearfix\"><\/div>\n\n\t\t\t<\/div>\n\t\t<\/div><\/div><\/div>","protected":false},"excerpt":{"rendered":"","protected":false},"author":1,"featured_media":0,"parent":0,"menu_order":0,"comment_status":"closed","ping_status":"closed","template":"","meta":[],"_links":{"self":[{"href":"http:\/\/www.crfj.org\/en\/wp-json\/wp\/v2\/pages\/12088"}],"collection":[{"href":"http:\/\/www.crfj.org\/en\/wp-json\/wp\/v2\/pages"}],"about":[{"href":"http:\/\/www.crfj.org\/en\/wp-json\/wp\/v2\/types\/page"}],"author":[{"embeddable":true,"href":"http:\/\/www.crfj.org\/en\/wp-json\/wp\/v2\/users\/1"}],"replies":[{"embeddable":true,"href":"http:\/\/www.crfj.org\/en\/wp-json\/wp\/v2\/comments?post=12088"}],"version-history":[{"count":1,"href":"http:\/\/www.crfj.org\/en\/wp-json\/wp\/v2\/pages\/12088\/revisions"}],"predecessor-version":[{"id":12091,"href":"http:\/\/www.crfj.org\/en\/wp-json\/wp\/v2\/pages\/12088\/revisions\/12091"}],"wp:attachment":[{"href":"http:\/\/www.crfj.org\/en\/wp-json\/wp\/v2\/media?parent=12088"}],"curies":[{"name":"wp","href":"https:\/\/api.w.org\/{rel}","templated":true}]}}